{"id":734,"date":"2025-06-05T21:01:48","date_gmt":"2025-06-05T18:01:48","guid":{"rendered":"https:\/\/melnalapsa.lv\/?post_type=product&#038;p=734"},"modified":"2025-07-08T22:48:22","modified_gmt":"2025-07-08T19:48:22","slug":"tievas-zida-matu-gumijas-6-gab-earth-tones","status":"publish","type":"product","link":"https:\/\/melnalapsa.lv\/en\/product\/tievas-zida-matu-gumijas-6-gab-earth-tones\/","title":{"rendered":"Tiev\u0101s z\u012bda matu gumijas, 6 gab. \u201cEarth Tones\u201d"},"content":{"rendered":"<h2 data-start=\"36\" data-end=\"65\"><strong data-start=\"36\" data-end=\"65\">Z\u012bda matu gumijas, 6 gab.<\/strong><\/h2>\n<p data-start=\"67\" data-end=\"137\">Z\u012bda gumijas izgatavotas no dab\u012bga z\u012bda ar iztur\u012bg\u0101m elast\u012bg\u0101m lent\u0113m.<\/p>\n<p data-start=\"139\" data-end=\"444\">Z\u012bda virsma ir \u0101rk\u0101rt\u012bgi gluda \u2013 maigi tur matus, viegli sl\u012bd p\u0101ri un nepl\u0113\u0161 tos. Pateicoties z\u012bda maigumam, gumijas ir \u013coti \u0113rtas un nespie\u017e galvu, t\u0101p\u0113c t\u0101s var valk\u0101t visu dienu bez diskomforta, pat \u0113rtas gul\u0113\u0161anai.<br data-start=\"357\" data-end=\"360\" \/>Lietojot z\u012bda gumijas, mati paliek vesel\u012bg\u0101ki, jo samazin\u0101s berze un boj\u0101jumu risks.<\/p>","protected":false},"excerpt":{"rendered":"<h3 data-start=\"36\" data-end=\"59\"><strong data-start=\"36\" data-end=\"59\">6 z\u012bda matu gumijas<\/strong><\/h3>\n<p data-start=\"61\" data-end=\"206\">Izgatavots no 100% dab\u012bga 19 momu Mulberry z\u012bda auduma.<br data-start=\"116\" data-end=\"119\" \/>Maigais audums neboj\u0101 matus un, pateicoties vieglumam, gumijas ir pat\u012bkamas valk\u0101\u0161anai.<\/p>\n<p data-start=\"208\" data-end=\"331\"><strong data-start=\"208\" data-end=\"220\">Biezums:<\/strong> 1 cm<br data-start=\"225\" data-end=\"228\" \/><strong data-start=\"228\" data-end=\"244\">Momu skaits:<\/strong> 19 mm<br data-start=\"250\" data-end=\"253\" \/><strong data-start=\"253\" data-end=\"264\">Kr\u0101sas:<\/strong> miks (melna, pel\u0113ka, br\u016bna, gai\u0161i br\u016bna, s\u016bnu za\u013ca, smaragda za\u013ca)<\/p>\n<p data-start=\"333\" data-end=\"374\"><strong data-start=\"333\" data-end=\"347\">Materi\u0101ls:<\/strong> 100% z\u012bds, elast\u012bga gumija<\/p>\n<p data-start=\"376\" data-end=\"476\">\u2714 Neboj\u0101 matus, \u0113rti valk\u0101t<br data-start=\"403\" data-end=\"406\" \/>\u2714 Piem\u0113rotas visiem matu tipiem<br data-start=\"437\" data-end=\"440\" \/>\u2714 OEKO-TEX\u00ae Standard 100 sertifik\u0101ts<\/p>","protected":false},"featured_media":738,"comment_status":"open","ping_status":"closed","template":"","meta":{"_seopress_robots_primary_cat":"none","_seopress_titles_title":"%%title%%","_seopress_titles_desc":"Z\u012bda matu gumijas. Dab\u012bgas z\u012bda gumijas. Izgatavotas no 100% dab\u012bga z\u012bda. \u0112rtas valk\u0101\u0161an\u0101, neboj\u0101 matus. \u0100tra pieg\u0101de.","_seopress_robots_index":""},"product_brand":[],"product_cat":[57,86],"product_tag":[],"class_list":{"0":"post-734","1":"product","2":"type-product","3":"status-publish","4":"has-post-thumbnail","6":"product_cat-zida-izstradajumi","7":"product_cat-matu-gumijas","9":"first","10":"instock","11":"sale","12":"shipping-taxable","13":"purchasable","14":"product-type-simple"},"_links":{"self":[{"href":"https:\/\/melnalapsa.lv\/en\/wp-json\/wp\/v2\/product\/734","targetHints":{"allow":["GET"]}}],"collection":[{"href":"https:\/\/melnalapsa.lv\/en\/wp-json\/wp\/v2\/product"}],"about":[{"href":"https:\/\/melnalapsa.lv\/en\/wp-json\/wp\/v2\/types\/product"}],"replies":[{"embeddable":true,"href":"https:\/\/melnalapsa.lv\/en\/wp-json\/wp\/v2\/comments?post=734"}],"wp:featuredmedia":[{"embeddable":true,"href":"https:\/\/melnalapsa.lv\/en\/wp-json\/wp\/v2\/media\/738"}],"wp:attachment":[{"href":"https:\/\/melnalapsa.lv\/en\/wp-json\/wp\/v2\/media?parent=734"}],"wp:term":[{"taxonomy":"product_brand","embeddable":true,"href":"https:\/\/melnalapsa.lv\/en\/wp-json\/wp\/v2\/product_brand?post=734"},{"taxonomy":"product_cat","embeddable":true,"href":"https:\/\/melnalapsa.lv\/en\/wp-json\/wp\/v2\/product_cat?post=734"},{"taxonomy":"product_tag","embeddable":true,"href":"https:\/\/melnalapsa.lv\/en\/wp-json\/wp\/v2\/product_tag?post=734"}],"curies":[{"name":"wp","href":"https:\/\/api.w.org\/{rel}","templated":true}]}}