{"id":723,"date":"2025-06-05T20:50:34","date_gmt":"2025-06-05T17:50:34","guid":{"rendered":"https:\/\/melnalapsa.lv\/?post_type=product&#038;p=723"},"modified":"2025-06-24T20:44:06","modified_gmt":"2025-06-24T17:44:06","slug":"tievas-zida-matu-gumijas-6-gab-black","status":"publish","type":"product","link":"https:\/\/melnalapsa.lv\/en\/product\/tievas-zida-matu-gumijas-6-gab-black\/","title":{"rendered":"Tiev\u0101s z\u012bda matu gumijas, 6 gab. \u201cBLACK\u201d"},"content":{"rendered":"<h2 data-start=\"36\" data-end=\"72\"><strong data-start=\"36\" data-end=\"72\">Melnas z\u012bda matu gumijas, 6 gab.<\/strong><\/h2>\n<p data-start=\"74\" data-end=\"139\">Gumijas izgatavotas no dab\u012bga z\u012bda ar iztur\u012bg\u0101m elast\u012bg\u0101m lent\u0113m.<\/p>\n<p data-start=\"141\" data-end=\"364\">Z\u012bda virsma ir \u0101rk\u0101rt\u012bgi gluda \u2013 maigi satur matus, viegli sl\u012bd p\u0101ri tiem un nepl\u0113\u0161. Pateicoties z\u012bda maigumam, gumijas ir \u013coti \u0113rtas, t\u0101s nespie\u017e galvas un ir piem\u0113rotas valk\u0101\u0161anai visas dienas garum\u0101 \u2013 pat \u0113rti gul\u0113\u0161anai.<\/p>\n<p data-start=\"366\" data-end=\"455\">Lietojot z\u012bda matu gumijas, mati paliek vesel\u012bg\u0101ki, jo samazin\u0101s berze un boj\u0101jumu risks.<\/p>","protected":false},"excerpt":{"rendered":"<h3 data-start=\"36\" data-end=\"118\"><strong data-start=\"36\" data-end=\"118\">6 melnas z\u012bda matu gumijas \u2013 piem\u0113rotas jebkuram ap\u0123\u0113rbam un katram gad\u012bjumam.<\/strong><\/h3>\n<p data-start=\"120\" data-end=\"266\">Izgatavotas no 100% dab\u012bga 19 momu Mulberry z\u012bda auduma.<br data-start=\"176\" data-end=\"179\" \/>Maigais audums neboj\u0101 matus un, pateicoties vieglumam, gumijas ir pat\u012bkamas valk\u0101\u0161anai.<\/p>\n<p data-start=\"268\" data-end=\"354\"><strong data-start=\"268\" data-end=\"280\">Biezums:<\/strong> 1 cm<br data-start=\"285\" data-end=\"288\" \/><strong data-start=\"288\" data-end=\"304\">Momu skaits:<\/strong> 19 mm<br data-start=\"310\" data-end=\"313\" \/><strong data-start=\"313\" data-end=\"327\">Materi\u0101ls:<\/strong> 100% z\u012bds, elast\u012bga gumija<\/p>\n<p data-start=\"356\" data-end=\"456\">\u2714 Nepl\u0113\u0161 matus, \u0113rti valk\u0101t<br data-start=\"383\" data-end=\"386\" \/>\u2714 Piem\u0113rotas visiem matu tipiem<br data-start=\"417\" data-end=\"420\" \/>\u2714 OEKO-TEX\u00ae Standard 100 sertifik\u0101ts<\/p>","protected":false},"featured_media":727,"comment_status":"open","ping_status":"closed","template":"","meta":{"_seopress_robots_primary_cat":"86","_seopress_titles_title":"Tiev\u0101s z\u012bda matu gumijas, 6 gab. \u201cBLACK\u201d %%sep%% %%sitetitle%%","_seopress_titles_desc":"Melnu z\u012bda matu gumiju komplekts. Dab\u012bga z\u012bda gumijas.\r\nMelnas z\u012bda gumijas izgatavotas no 100% dab\u012bga z\u012bda. \u0100tra pieg\u0101de.","_seopress_robots_index":""},"product_brand":[],"product_cat":[57,86],"product_tag":[],"class_list":{"0":"post-723","1":"product","2":"type-product","3":"status-publish","4":"has-post-thumbnail","6":"product_cat-zida-izstradajumi","7":"product_cat-matu-gumijas","9":"first","10":"instock","11":"sale","12":"shipping-taxable","13":"purchasable","14":"product-type-simple"},"_links":{"self":[{"href":"https:\/\/melnalapsa.lv\/en\/wp-json\/wp\/v2\/product\/723","targetHints":{"allow":["GET"]}}],"collection":[{"href":"https:\/\/melnalapsa.lv\/en\/wp-json\/wp\/v2\/product"}],"about":[{"href":"https:\/\/melnalapsa.lv\/en\/wp-json\/wp\/v2\/types\/product"}],"replies":[{"embeddable":true,"href":"https:\/\/melnalapsa.lv\/en\/wp-json\/wp\/v2\/comments?post=723"}],"wp:featuredmedia":[{"embeddable":true,"href":"https:\/\/melnalapsa.lv\/en\/wp-json\/wp\/v2\/media\/727"}],"wp:attachment":[{"href":"https:\/\/melnalapsa.lv\/en\/wp-json\/wp\/v2\/media?parent=723"}],"wp:term":[{"taxonomy":"product_brand","embeddable":true,"href":"https:\/\/melnalapsa.lv\/en\/wp-json\/wp\/v2\/product_brand?post=723"},{"taxonomy":"product_cat","embeddable":true,"href":"https:\/\/melnalapsa.lv\/en\/wp-json\/wp\/v2\/product_cat?post=723"},{"taxonomy":"product_tag","embeddable":true,"href":"https:\/\/melnalapsa.lv\/en\/wp-json\/wp\/v2\/product_tag?post=723"}],"curies":[{"name":"wp","href":"https:\/\/api.w.org\/{rel}","templated":true}]}}