{"id":718,"date":"2025-06-04T16:26:43","date_gmt":"2025-06-04T13:26:43","guid":{"rendered":"https:\/\/melnalapsa.lv\/?post_type=product&#038;p=718"},"modified":"2025-07-08T22:41:26","modified_gmt":"2025-07-08T19:41:26","slug":"zida-spilvendrana-50x70-cm-dark-grey","status":"publish","type":"product","link":"https:\/\/melnalapsa.lv\/en\/product\/zida-spilvendrana-50x70-cm-dark-grey\/","title":{"rendered":"Z\u012bda spilvendr\u0101na 50&#215;70 cm \u2013 Dark grey"},"content":{"rendered":"<h2 data-start=\"105\" data-end=\"196\"><strong data-start=\"105\" data-end=\"196\">Tum\u0161i pel\u0113ka z\u012bda spilvendr\u0101na 50&#215;70 cm \u2013 iespaid\u012bgs maigums, kas bag\u0101tin\u0101s j\u016bsu miegu.<\/strong><\/h2>\n<p data-start=\"198\" data-end=\"310\">Pel\u0113kie to\u0146i ir popul\u0101ri sava m\u016bsdien\u012bguma d\u0113\u013c \u2013 tos ir viegli saska\u0146ot ar modernu vai minim\u0101listisku interjeru.<\/p>\n<p data-start=\"312\" data-end=\"462\">Elegances un komforta apvienojums \u2013 izgatavota no augst\u0101k\u0101s kvalit\u0101tes A6 klases Mulberry z\u012bda ar 19 momu bl\u012bvumu.<br data-start=\"426\" data-end=\"429\" \/>Spilvendr\u0101nas izm\u0113rs: 50 x 70 cm.<\/p>\n<p data-start=\"464\" data-end=\"913\">Sp\u012bd\u012bg\u0101 z\u012bda virsma pie\u0161\u0137ir ne tikai greznu izskatu, bet ar\u012b nodro\u0161ina vair\u0101kas priek\u0161roc\u012bbas, sal\u012bdzinot ar citiem audumiem.<br data-start=\"589\" data-end=\"592\" \/>Audums ir hipoaler\u0123isks \u2013 piem\u0113rots jut\u012bgai \u0101dai un aler\u0123iju slimniekiem. Z\u012bds ir elpojo\u0161s materi\u0101ls, t\u0101d\u0113\u013c piem\u0113rots visiem gadalaikiem.<br data-start=\"729\" data-end=\"732\" \/>Pateicoties sp\u0113jai saglab\u0101t mitrumu un materi\u0101la maigumam\/sl\u012bdam\u012bbai \u2013 tiek samazin\u0101ta berze, neiz\u017e\u016bst \u0101da, t\u0101p\u0113c z\u012bds var pal\u012bdz\u0113t nov\u0113rst \u0101das krunci\u0146as, matu l\u016b\u0161anu un sap\u012b\u0161anos.<\/p>\n<p data-start=\"915\" data-end=\"1047\"><strong data-start=\"915\" data-end=\"933\">\u0112rta lieto\u0161ana<\/strong> \u2013 spilvendr\u0101nai ir pasl\u0113pts r\u0101v\u0113jsl\u0113dz\u0113js, kas nodro\u0161ina vieglu spilvena ievieto\u0161anu un nerada diskomfortu gu\u013cot.<\/p>\n<p data-start=\"1049\" data-end=\"1381\"><strong data-start=\"1049\" data-end=\"1061\">Piez\u012bme:<\/strong> juodalape.lt z\u012bda izstr\u0101d\u0101jumi ir izgatavoti no t\u012bra augst\u0101k\u0101s A6 klases Mulberry z\u012bda, bez jebk\u0101d\u0101m piedev\u0101m \u2013 iz\u0146emot dab\u012bgas kr\u0101svielas.<br data-start=\"1201\" data-end=\"1204\" \/>Lai nesaboj\u0101tu audumu, ieteicama tikai roku mazg\u0101\u0161ana v\u0113s\u0101 \u016bden\u012b vai ma\u0161\u012bnas re\u017e\u012bms z\u012bdam.<br data-start=\"1294\" data-end=\"1297\" \/><strong data-start=\"1297\" data-end=\"1310\">Nedr\u012bkst:<\/strong> balin\u0101t, t\u012br\u012bt \u0137\u012bmiski, \u017e\u0101v\u0113t ve\u013cas \u017e\u0101v\u0113t\u0101j\u0101 vai gludin\u0101t ar gludekli.<\/p>\n<p data-start=\"1383\" data-end=\"1562\">\u0160\u012b spilvendr\u0101na ir ide\u0101la d\u0101vana mammai, m\u0101sai vai tuviniekam \u012bpa\u0161\u0101 dz\u012bves notikum\u0101.<br data-start=\"1467\" data-end=\"1470\" \/>Z\u012bda spilvendr\u0101na \u2013 praktiska un eleganta d\u0101vana.<br data-start=\"1519\" data-end=\"1522\" \/>Iepakota elegant\u0101 balt\u0101 kartona kast\u012bt\u0113.<\/p>\n<p data-start=\"1564\" data-end=\"1704\">Z\u012bda spilvendr\u0101n\u0101m ir <strong data-start=\"1586\" data-end=\"1603\">OEKO-TEX\u00ae 100<\/strong> sertifik\u0101ts, kas apliecina, ka t\u0101s ra\u017eotas tikai no dab\u012bgiem, cilv\u0113ka vesel\u012bbai dro\u0161iem materi\u0101liem.<\/p>\n<p data-start=\"1706\" data-end=\"1817\"><em data-start=\"1706\" data-end=\"1817\">\u0145emiet v\u0113r\u0101, ka atkar\u012bb\u0101 no j\u016bsu ekr\u0101na iestat\u012bjumiem preces kr\u0101sa var nedaudz at\u0161\u0137irties no att\u0113l\u0101 redzam\u0101s.<\/em><\/p>","protected":false},"excerpt":{"rendered":"<h3 data-start=\"57\" data-end=\"125\"><strong data-start=\"57\" data-end=\"125\">1 gab. z\u012bda spilvendr\u0101na \u2013 grezn\u012bba un maigums j\u016bsu gu\u013camistab\u0101.<\/strong><\/h3>\n<p data-start=\"127\" data-end=\"416\">Izgatavota no 100% dab\u012bga 6A klases Mulberry z\u012bda auduma, kas ne tikai ir maigs un iztur\u012bgs, bet ar\u012b pied\u0101v\u0101 daudzas citas priek\u0161roc\u012bbas.<br data-start=\"264\" data-end=\"267\" \/>\u2022 Momu skaits apz\u012bm\u0113 z\u012bda svaru un bl\u012bvumu \u2013 19 momu z\u012bds ir viegl\u0101ks un pl\u0101n\u0101ks, tom\u0113r \u012bpa\u0161i m\u012bksts un pat\u012bkams piesk\u0101rienam \u2013 gan \u0101dai, gan matiem.<\/p>\n<p data-start=\"418\" data-end=\"518\"><strong data-start=\"418\" data-end=\"429\">Izm\u0113rs:<\/strong> 50 x 70 cm (piem\u0113rots standarta spilveniem)<br data-start=\"473\" data-end=\"476\" \/><strong data-start=\"476\" data-end=\"492\">Momu skaits:<\/strong> 19 mm<br data-start=\"498\" data-end=\"501\" \/><strong data-start=\"501\" data-end=\"511\">Kr\u0101sa:<\/strong> Pel\u0113ka<\/p>\n<p data-start=\"520\" data-end=\"607\">\u2714 ar pasl\u0113ptu r\u0101v\u0113jsl\u0113dz\u0113ju<br data-start=\"547\" data-end=\"550\" \/>\u2714 iepakota kast\u012bt\u0113<br data-start=\"568\" data-end=\"571\" \/>\u2714 OEKO-TEX\u00ae Standard 100 sertifik\u0101ts<\/p>","protected":false},"featured_media":721,"comment_status":"open","ping_status":"closed","template":"","meta":{"_seopress_robots_primary_cat":"none","_seopress_titles_title":"Z\u012bda spilvendr\u0101na 50x70 cm \u2013 Dark grey %%sep%% %%sitetitle%%","_seopress_titles_desc":"Tum\u0161i pel\u0113ka z\u012bda spilvendr\u0101na 50x70 cm \u2013 iespaid\u012bgs maigums, kas bag\u0101tin\u0101s j\u016bsu miegu. melnalapsa.lv","_seopress_robots_index":""},"product_brand":[],"product_cat":[96,57],"product_tag":[],"class_list":{"0":"post-718","1":"product","2":"type-product","3":"status-publish","4":"has-post-thumbnail","6":"product_cat-19-mom","7":"product_cat-zida-izstradajumi","9":"first","10":"instock","11":"sale","12":"shipping-taxable","13":"purchasable","14":"product-type-simple"},"_links":{"self":[{"href":"https:\/\/melnalapsa.lv\/en\/wp-json\/wp\/v2\/product\/718","targetHints":{"allow":["GET"]}}],"collection":[{"href":"https:\/\/melnalapsa.lv\/en\/wp-json\/wp\/v2\/product"}],"about":[{"href":"https:\/\/melnalapsa.lv\/en\/wp-json\/wp\/v2\/types\/product"}],"replies":[{"embeddable":true,"href":"https:\/\/melnalapsa.lv\/en\/wp-json\/wp\/v2\/comments?post=718"}],"wp:featuredmedia":[{"embeddable":true,"href":"https:\/\/melnalapsa.lv\/en\/wp-json\/wp\/v2\/media\/721"}],"wp:attachment":[{"href":"https:\/\/melnalapsa.lv\/en\/wp-json\/wp\/v2\/media?parent=718"}],"wp:term":[{"taxonomy":"product_brand","embeddable":true,"href":"https:\/\/melnalapsa.lv\/en\/wp-json\/wp\/v2\/product_brand?post=718"},{"taxonomy":"product_cat","embeddable":true,"href":"https:\/\/melnalapsa.lv\/en\/wp-json\/wp\/v2\/product_cat?post=718"},{"taxonomy":"product_tag","embeddable":true,"href":"https:\/\/melnalapsa.lv\/en\/wp-json\/wp\/v2\/product_tag?post=718"}],"curies":[{"name":"wp","href":"https:\/\/api.w.org\/{rel}","templated":true}]}}