{"id":713,"date":"2025-06-04T16:13:43","date_gmt":"2025-06-04T13:13:43","guid":{"rendered":"https:\/\/melnalapsa.lv\/?post_type=product&#038;p=713"},"modified":"2025-07-08T22:46:07","modified_gmt":"2025-07-08T19:46:07","slug":"zida-matu-gumiju-komplekts-3-gab-black","status":"publish","type":"product","link":"https:\/\/melnalapsa.lv\/en\/product\/zida-matu-gumiju-komplekts-3-gab-black\/","title":{"rendered":"Z\u012bda matu gumiju komplekts 3 gab. &#8220;BLACK&#8221;"},"content":{"rendered":"<h2 data-start=\"94\" data-end=\"183\"><strong data-start=\"94\" data-end=\"183\">Melnas z\u012bda matu gumijas, 3 gab.: piem\u0113rotas jebkuram ap\u0123\u0113rbam un ikvienam gad\u012bjumam.<\/strong><\/h2>\n<p data-start=\"185\" data-end=\"339\">Z\u012bda matu gumijas ir izgatavotas no dab\u012bga z\u012bda ar iztur\u012bg\u0101m elast\u012bg\u0101m lent\u0113m. Z\u012bds ir \u012bpa\u0161i gluds \u2013 tas maigi notur matus, viegli sl\u012bd un nerausta tos.<\/p>\n<p data-start=\"341\" data-end=\"497\">Pateicoties z\u012bda maigumam, gumijas ir \u013coti \u0113rtas, nesaspie\u017e galvas un ir pat\u012bkamas valk\u0101t visas dienas garum\u0101 \u2013 t\u0101s ir tik \u0113rtas, ka var izmantot pat mieg\u0101.<\/p>\n<p data-start=\"499\" data-end=\"591\">Izmantojot z\u012bda gumijas, mati paliek vesel\u012bg\u0101ki, jo tiek samazin\u0101ta berze un boj\u0101jumu risks.<\/p>","protected":false},"excerpt":{"rendered":"<h3 data-start=\"129\" data-end=\"227\">3 z\u012bda matu gumijas.<br data-start=\"149\" data-end=\"152\" \/>Melna kr\u0101sa \u2013 eleganta klasika, kas piest\u0101v jebkuram ap\u0123\u0113rbam un notikumam.<\/h3>\n<p data-start=\"229\" data-end=\"403\">Izgatavotas no 100% dab\u012bga 19 momu Mulberry z\u012bda auduma \u2013 tas ne tikai izskat\u0101s grezni, bet ir ir \u012bpa\u0161i maigs, neboj\u0101 matus un, pateicoties vieglumam, ir pat\u012bkams valk\u0101\u0161anai.<\/p>\n<p data-start=\"405\" data-end=\"453\"><strong data-start=\"405\" data-end=\"416\">Platums<\/strong> \u2013 3,5 cm<br data-start=\"425\" data-end=\"428\" \/><strong data-start=\"428\" data-end=\"443\">Momu skaits<\/strong> \u2013 19 mm<\/p>\n<p data-start=\"455\" data-end=\"515\"><strong data-start=\"455\" data-end=\"469\">Materi\u0101li:<\/strong> 100% Mulberry z\u012bds, iek\u0161pus\u0113 elast\u012bga gumija.<\/p>\n<p data-start=\"517\" data-end=\"627\">\u2714 Nerausta un neboj\u0101 matus, \u0113rti valk\u0101t<br data-start=\"556\" data-end=\"559\" \/>\u2714 Piem\u0113rotas visiem matu tipiem<br data-start=\"590\" data-end=\"593\" \/>\u2714 Atbilst OEKO-TEX\u00ae 100 standartam<\/p>","protected":false},"featured_media":717,"comment_status":"open","ping_status":"closed","template":"","meta":{"_seopress_robots_primary_cat":"none","_seopress_titles_title":"Z\u012bda matu gumiju komplekts 3 gab. \"BLACK\" %%sep%% %%sep%% %%sitetitle%%","_seopress_titles_desc":"Melnas z\u012bda matu gumijas \u2013 komplekts ar 3 gabaliem.\r\nIzgatavotas no 100% dab\u012bga z\u012bda. \u0112rtas lieto\u0161an\u0101, neboj\u0101 matus. \u0100tra pieg\u0101de. melnalapsa.lv","_seopress_robots_index":""},"product_brand":[],"product_cat":[57,86],"product_tag":[],"class_list":{"0":"post-713","1":"product","2":"type-product","3":"status-publish","4":"has-post-thumbnail","6":"product_cat-zida-izstradajumi","7":"product_cat-matu-gumijas","9":"first","10":"instock","11":"sale","12":"shipping-taxable","13":"purchasable","14":"product-type-simple"},"_links":{"self":[{"href":"https:\/\/melnalapsa.lv\/en\/wp-json\/wp\/v2\/product\/713","targetHints":{"allow":["GET"]}}],"collection":[{"href":"https:\/\/melnalapsa.lv\/en\/wp-json\/wp\/v2\/product"}],"about":[{"href":"https:\/\/melnalapsa.lv\/en\/wp-json\/wp\/v2\/types\/product"}],"replies":[{"embeddable":true,"href":"https:\/\/melnalapsa.lv\/en\/wp-json\/wp\/v2\/comments?post=713"}],"wp:featuredmedia":[{"embeddable":true,"href":"https:\/\/melnalapsa.lv\/en\/wp-json\/wp\/v2\/media\/717"}],"wp:attachment":[{"href":"https:\/\/melnalapsa.lv\/en\/wp-json\/wp\/v2\/media?parent=713"}],"wp:term":[{"taxonomy":"product_brand","embeddable":true,"href":"https:\/\/melnalapsa.lv\/en\/wp-json\/wp\/v2\/product_brand?post=713"},{"taxonomy":"product_cat","embeddable":true,"href":"https:\/\/melnalapsa.lv\/en\/wp-json\/wp\/v2\/product_cat?post=713"},{"taxonomy":"product_tag","embeddable":true,"href":"https:\/\/melnalapsa.lv\/en\/wp-json\/wp\/v2\/product_tag?post=713"}],"curies":[{"name":"wp","href":"https:\/\/api.w.org\/{rel}","templated":true}]}}