{"id":705,"date":"2025-04-27T22:01:26","date_gmt":"2025-04-27T19:01:26","guid":{"rendered":"https:\/\/melnalapsa.lv\/?post_type=product&#038;p=705"},"modified":"2025-07-08T22:41:50","modified_gmt":"2025-07-08T19:41:50","slug":"busa-naktskrekls-cat-dream","status":"publish","type":"product","link":"https:\/\/melnalapsa.lv\/en\/product\/busa-naktskrekls-cat-dream\/","title":{"rendered":"Bambusa naktskrekls \u201eCat Dream\u201c"},"content":{"rendered":"<h2 data-start=\"50\" data-end=\"117\">Melni bambusa naktskrekli ar kabat\u0101m un ka\u0137u ilustr\u0101ciju zvaigzn\u0113s.<\/h2>\n<p class=\"\" data-start=\"119\" data-end=\"1092\">Materi\u0101ls: Izgatavoti no unik\u0101la bambusa \u0161\u0137iedras un elast\u0101na mais\u012bjuma \u2013 materi\u0101ls ir pat\u012bkams piesk\u0101rienam, elast\u012bgs un labi elpojo\u0161s.<br data-start=\"255\" data-end=\"258\" \/>Mitruma kontrole: Lieliski uzs\u016bc un iztvaiko mitrumu, nodro\u0161inot sausumu un komfortu. Ide\u0101li piem\u0113roti ar\u012b silt\u0101k\u0101 gadalaik\u0101, sniedzot viegluma un svaiguma saj\u016btu miega laik\u0101.<br data-start=\"433\" data-end=\"436\" \/>Ar kabat\u0101m: \u0112rtas s\u0101nu kabatas pie\u0161\u0137ir papildus funkcionalit\u0101ti. T\u0101s ir piem\u0113rotas mobilo telefonu, pults, nelielas gr\u0101matas, las\u012bt\u0101ja, na\u0161\u0137u glab\u0101\u0161anai vai vienk\u0101r\u0161i roku pasl\u0113p\u0161anai \ud83d\ude42 Ide\u0101ls variants ne tikai miegam, bet ar\u012b atp\u016btai m\u0101j\u0101s vai relaks\u0101cijai p\u0113c garas darba dienas!<br data-start=\"718\" data-end=\"721\" \/>Univers\u0101lums: Viens univers\u0101ls izm\u0113rs (95 cm x 85 cm) piem\u0113rots da\u017e\u0101d\u0101m \u0137erme\u0146a form\u0101m un nodro\u0161ina papildus br\u012bv\u012bbas saj\u016btu.<br data-start=\"846\" data-end=\"849\" data-is-only-node=\"\" \/>Viegla kop\u0161ana: Mazg\u0101t ve\u013casma\u0161\u012bn\u0101 aukst\u0101 \u016bden\u012b un \u013caut dabiski iz\u017e\u016bt, lai saglab\u0101tu auduma kvalit\u0101ti.<br data-start=\"951\" data-end=\"954\" \/>Iepakojums: Sievie\u0161u naktskrekls ir sasiets ar auduma lenti, t\u0101p\u0113c, ja v\u0113laties to uzd\u0101vin\u0101t, par skaistu iesai\u0146ojumu r\u016bp\u0113ties nevajadz\u0113s.<\/p>","protected":false},"excerpt":{"rendered":"<h3 data-start=\"36\" data-end=\"143\">Oversize, gari miega krekli ar kabat\u0101m s\u0101nos! Ide\u0101la izv\u0113le kvalitat\u012bvam miegam un m\u0101j\u012bgiem vakariem m\u0101j\u0101s!<\/h3>\n<p class=\"\" data-start=\"145\" data-end=\"442\">Bambusa naktskrekli \u2013 rad\u012bti ne tikai miegam, bet ar\u012b br\u012bv\u0101 laika pavad\u012b\u0161anai m\u0101j\u0101s, atp\u016btai p\u0113c garas darba dienas vai vienk\u0101r\u0161i gariem filmu un seri\u0101lu skat\u012b\u0161an\u0101s vakariem. Bambusa \u0161\u0137iedra dabiski elpo, regul\u0113 temperat\u016bru un lieliski uzs\u016bc mitrumu, nodro\u0161inot komfortu pat viskarst\u0101kaj\u0101s nakt\u012bs.<\/p>\n<p class=\"\" data-start=\"444\" data-end=\"604\">\u25cf Materi\u0101ls: 93% bambusa \u0161\u0137iedra, 7% elast\u0101ns.<br data-start=\"490\" data-end=\"493\" \/>\u25cf Kr\u0101sa: melna<br data-start=\"507\" data-end=\"510\" \/>\u25cf Izm\u0113rs: univers\u0101ls \u25cf Izm\u0113ri: garums \u2013 95 cm, platums \u2013 85 cm*2<br data-start=\"574\" data-end=\"577\" \/>\u25cf Rad\u012bti atp\u016btai un miegam!<\/p>\n<p class=\"\" data-start=\"606\" data-end=\"714\">Atkl\u0101jiet nep\u0101rsp\u0113jamu komfortu ar m\u016bsu bambusa naktskrekliem, kas liks jums justies lieliski jebkur\u0101 laik\u0101!<\/p>","protected":false},"featured_media":708,"comment_status":"open","ping_status":"closed","template":"","meta":{"_seopress_robots_primary_cat":"none","_seopress_titles_title":"Bambusa naktskrekls \u201eCat Dream\u201c %%sep%% %%sitetitle%%","_seopress_titles_desc":"Gari miega krekli sieviet\u0113m. \u0112rti bambusa naktskrekli sieviet\u0113m. Melni naktskrekli no maiga materi\u0101la: bambusa un elast\u0101na \u0161\u0137iedras.","_seopress_robots_index":""},"product_brand":[],"product_cat":[23],"product_tag":[],"class_list":{"0":"post-705","1":"product","2":"type-product","3":"status-publish","4":"has-post-thumbnail","6":"product_cat-naktskrekli","8":"first","9":"instock","10":"sale","11":"shipping-taxable","12":"purchasable","13":"product-type-simple"},"_links":{"self":[{"href":"https:\/\/melnalapsa.lv\/en\/wp-json\/wp\/v2\/product\/705","targetHints":{"allow":["GET"]}}],"collection":[{"href":"https:\/\/melnalapsa.lv\/en\/wp-json\/wp\/v2\/product"}],"about":[{"href":"https:\/\/melnalapsa.lv\/en\/wp-json\/wp\/v2\/types\/product"}],"replies":[{"embeddable":true,"href":"https:\/\/melnalapsa.lv\/en\/wp-json\/wp\/v2\/comments?post=705"}],"wp:featuredmedia":[{"embeddable":true,"href":"https:\/\/melnalapsa.lv\/en\/wp-json\/wp\/v2\/media\/708"}],"wp:attachment":[{"href":"https:\/\/melnalapsa.lv\/en\/wp-json\/wp\/v2\/media?parent=705"}],"wp:term":[{"taxonomy":"product_brand","embeddable":true,"href":"https:\/\/melnalapsa.lv\/en\/wp-json\/wp\/v2\/product_brand?post=705"},{"taxonomy":"product_cat","embeddable":true,"href":"https:\/\/melnalapsa.lv\/en\/wp-json\/wp\/v2\/product_cat?post=705"},{"taxonomy":"product_tag","embeddable":true,"href":"https:\/\/melnalapsa.lv\/en\/wp-json\/wp\/v2\/product_tag?post=705"}],"curies":[{"name":"wp","href":"https:\/\/api.w.org\/{rel}","templated":true}]}}