{"id":701,"date":"2025-04-27T21:07:48","date_gmt":"2025-04-27T18:07:48","guid":{"rendered":"https:\/\/melnalapsa.lv\/?post_type=product&#038;p=701"},"modified":"2025-07-08T22:42:01","modified_gmt":"2025-07-08T19:42:01","slug":"bambusa-naktskrekls-yoga","status":"publish","type":"product","link":"https:\/\/melnalapsa.lv\/en\/product\/bambusa-naktskrekls-yoga\/","title":{"rendered":"Bambusa naktskrekls \u201eYoga\u201c"},"content":{"rendered":"<article class=\"text-token-text-primary w-full\" dir=\"auto\" data-testid=\"conversation-turn-119\" data-scroll-anchor=\"false\">\n<div class=\"text-base my-auto mx-auto py-5 [--thread-content-margin:--spacing(4)] @[37rem]:[--thread-content-margin:--spacing(6)] @[70rem]:[--thread-content-margin:--spacing(12)] px-(--thread-content-margin)\">\n<div class=\"[--thread-content-max-width:32rem] @[34rem]:[--thread-content-max-width:40rem] @[64rem]:[--thread-content-max-width:48rem] mx-auto flex max-w-(--thread-content-max-width) flex-1 text-base gap-4 md:gap-5 lg:gap-6 group\/turn-messages focus-visible:outline-hidden\" tabindex=\"-1\">\n<div class=\"group\/conversation-turn relative flex w-full min-w-0 flex-col\">\n<div class=\"relative flex-col gap-1 md:gap-3\">\n<div class=\"flex max-w-full flex-col grow\">\n<div class=\"min-h-8 text-message relative flex w-full flex-col items-end gap-2 text-start break-words whitespace-normal [.text-message+&amp;]:mt-5\" dir=\"auto\" data-message-author-role=\"user\" data-message-id=\"f3713081-1c58-44d7-a6dc-c8c957c1e778\">\n<div class=\"flex w-full flex-col gap-1 empty:hidden items-end rtl:items-start\">\n<div class=\"relative max-w-[var(--user-chat-width,70%)] bg-token-message-surface rounded-3xl px-5 py-2.5\"><\/div>\n<\/div>\n<\/div>\n<\/div>\n<\/div>\n<\/div>\n<\/div>\n<\/div>\n<\/article>\n<article class=\"text-token-text-primary w-full\" dir=\"auto\" data-testid=\"conversation-turn-120\" data-scroll-anchor=\"true\">\n<h2 class=\"sr-only\"><span style=\"font-size: 16px;\">Pel\u0113ki, oversize naktskrekls ar kabat\u0101m un ka\u0137a ilustr\u0101ciju.<\/span><\/h2>\n<div class=\"text-base my-auto mx-auto py-5 [--thread-content-margin:--spacing(4)] @[37rem]:[--thread-content-margin:--spacing(6)] @[70rem]:[--thread-content-margin:--spacing(12)] px-(--thread-content-margin)\">\n<div class=\"[--thread-content-max-width:32rem] @[34rem]:[--thread-content-max-width:40rem] @[64rem]:[--thread-content-max-width:48rem] mx-auto flex max-w-(--thread-content-max-width) flex-1 text-base gap-4 md:gap-5 lg:gap-6 group\/turn-messages focus-visible:outline-hidden\" tabindex=\"-1\">\n<div class=\"group\/conversation-turn relative flex w-full min-w-0 flex-col agent-turn\">\n<div class=\"relative flex-col gap-1 md:gap-3\">\n<div class=\"flex max-w-full flex-col grow\">\n<div class=\"min-h-8 text-message relative flex w-full flex-col items-end gap-2 text-start break-words whitespace-normal [.text-message+&amp;]:mt-5\" dir=\"auto\" data-message-author-role=\"assistant\" data-message-id=\"24707d74-cf60-4305-8fcd-6b399fd7e7fb\" data-message-model-slug=\"gpt-4o-mini\">\n<div class=\"flex w-full flex-col gap-1 empty:hidden first:pt-[3px]\">\n<div class=\"markdown prose dark:prose-invert w-full break-words light\">\n<p class=\"\" data-start=\"62\" data-end=\"1074\">Materi\u0101ls: Izgatavots no unik\u0101la bambusa \u0161\u0137iedras un elast\u0101na mais\u012bjuma \u2013 audums ne tikai pat\u012bkams piesk\u0101rienam un elast\u012bgs, bet ar\u012b elpojo\u0161s. Mitrumu kontrole: Lieliski uzs\u016bc un iztvaiko mitrumu, nodro\u0161inot sausu un \u0113rtu saj\u016btu. Ide\u0101li piem\u0113rots ar\u012b silt\u0101kam laikam, sniedzot viegluma un atsvaidzin\u0101juma saj\u016btu miega laik\u0101. Ar kabat\u0101m: \u0112rtas s\u0101nu kabatas pie\u0161\u0137ir papildu funkcionalit\u0101ti. Var tur\u0113t nepiecie\u0161amos priek\u0161metus pie rokas: piem\u0113ram, mobilo telefonu, t\u0101lvad\u012bbas pulti vai nelielu gr\u0101matu, las\u012bt\u0101ju, na\u0161\u0137us vai vienk\u0101r\u0161i pasl\u0113pt rokas \ud83d\ude42 Tas ir lielisks izv\u0113le ne tikai miegam, bet ar\u012b br\u012bv\u0101 laikam m\u0101j\u0101s vai atp\u016btai p\u0113c darba dienas! Univers\u0101lums: Viens univers\u0101ls izm\u0113rs (95 cm x 85 cm) der da\u017e\u0101diem \u0137erme\u0146a veidiem un pied\u0101v\u0101 papildu br\u012bv\u012bbas saj\u016btu. Viegl\u0101 kop\u0161ana: Mazg\u0101t ma\u0161\u012bn\u0101 aukst\u0101 \u016bden\u012b un \u013caut dab\u012bgi no\u017e\u016bt, lai saglab\u0101tu auduma kvalit\u0101ti. Iepakojums: Bambusa naktskrekli sieviet\u0113m tiek pieg\u0101d\u0101ti sasaist\u012bti ar auduma lenti, t\u0101p\u0113c, ja v\u0113laties tos d\u0101vin\u0101t, par iepakojumu neb\u016bs j\u0101uztraucas.<\/p>\n<\/div>\n<\/div>\n<\/div>\n<\/div>\n<\/div>\n<\/div>\n<\/div>\n<\/div>\n<\/article>","protected":false},"excerpt":{"rendered":"<h3 data-start=\"0\" data-end=\"107\">Oversize miega krekli ar \u0113rt\u0101m kabat\u0101m s\u0101nos! Ide\u0101ls izv\u0113le kvalitat\u012bvam miegam un m\u0101j\u012bgiem vakariem m\u0101j\u0101s!<\/h3>\n<p class=\"\" data-start=\"109\" data-end=\"444\">Bambusa naktskrekls sieviet\u0113m \u2013 rad\u012bts ne tikai miega vajadz\u012bb\u0101m, bet ar\u012b br\u012bv\u0101 laika pavad\u012b\u0161anai m\u0101j\u0101s, atp\u016btai p\u0113c garas darba dienas vai vienk\u0101r\u0161i ilg\u0101m laika pavad\u012b\u0161anas stund\u0101m, skatoties filmas un seri\u0101lus. Bambusa \u0161\u0137iedra dabiski elpo, regul\u0113 temperat\u016bru un lieliski uzs\u016bc mitrumu, nodro\u0161inot komfortu pat viskarst\u0101kaj\u0101s nakt\u012bs.<\/p>\n<p class=\"\" data-start=\"446\" data-end=\"600\">\u25cf Materi\u0101ls: 93% Bambusa \u0161\u0137iedra, 7% elast\u0101ns. \u25cf Kr\u0101sa: pel\u0113ka \u25cf Izm\u0113rs: Univers\u0101ls \u25cf Izm\u0113ri: garums &#8211; 95 cm x platums 85 cm*2 \u25cf Rad\u012bts atp\u016btai un miegam!<\/p>\n<p class=\"\" data-start=\"602\" data-end=\"666\">\u013baujiet sev izjust maigumu un svaigumu ar bambusa naktskrekliem!<\/p>","protected":false},"featured_media":704,"comment_status":"open","ping_status":"closed","template":"","meta":{"_seopress_robots_primary_cat":"none","_seopress_titles_title":"Bambusa naktskrekls \u201eYoga\u201c %%sep%% %%sitetitle%%","_seopress_titles_desc":"Oversize miega krekli\u0146i sieviet\u0113m ar \u0113rt\u0101m kabat\u0101m s\u0101nos. Izgatavoti no maigas auduma: bambusa naktsve\u013ca sieviet\u0113m. \u0100tra pieg\u0101de. melnalapsa.lv","_seopress_robots_index":""},"product_brand":[],"product_cat":[23],"product_tag":[],"class_list":{"0":"post-701","1":"product","2":"type-product","3":"status-publish","4":"has-post-thumbnail","6":"product_cat-naktskrekli","8":"first","9":"instock","10":"sale","11":"shipping-taxable","12":"purchasable","13":"product-type-simple"},"_links":{"self":[{"href":"https:\/\/melnalapsa.lv\/en\/wp-json\/wp\/v2\/product\/701","targetHints":{"allow":["GET"]}}],"collection":[{"href":"https:\/\/melnalapsa.lv\/en\/wp-json\/wp\/v2\/product"}],"about":[{"href":"https:\/\/melnalapsa.lv\/en\/wp-json\/wp\/v2\/types\/product"}],"replies":[{"embeddable":true,"href":"https:\/\/melnalapsa.lv\/en\/wp-json\/wp\/v2\/comments?post=701"}],"wp:featuredmedia":[{"embeddable":true,"href":"https:\/\/melnalapsa.lv\/en\/wp-json\/wp\/v2\/media\/704"}],"wp:attachment":[{"href":"https:\/\/melnalapsa.lv\/en\/wp-json\/wp\/v2\/media?parent=701"}],"wp:term":[{"taxonomy":"product_brand","embeddable":true,"href":"https:\/\/melnalapsa.lv\/en\/wp-json\/wp\/v2\/product_brand?post=701"},{"taxonomy":"product_cat","embeddable":true,"href":"https:\/\/melnalapsa.lv\/en\/wp-json\/wp\/v2\/product_cat?post=701"},{"taxonomy":"product_tag","embeddable":true,"href":"https:\/\/melnalapsa.lv\/en\/wp-json\/wp\/v2\/product_tag?post=701"}],"curies":[{"name":"wp","href":"https:\/\/api.w.org\/{rel}","templated":true}]}}