{"id":694,"date":"2025-04-27T20:03:35","date_gmt":"2025-04-27T17:03:35","guid":{"rendered":"https:\/\/melnalapsa.lv\/?post_type=product&#038;p=694"},"modified":"2025-05-08T22:03:06","modified_gmt":"2025-05-08T19:03:06","slug":"bambusa-naktskrekls-cute-devil","status":"publish","type":"product","link":"https:\/\/melnalapsa.lv\/en\/product\/bambusa-naktskrekls-cute-devil\/","title":{"rendered":"Bambusa naktskrekls \u201eCute Devil\u201c"},"content":{"rendered":"<h2 data-start=\"12\" data-end=\"64\"><strong data-start=\"12\" data-end=\"64\">Melni naktskrekli sieviet\u0113m ar ka\u0137a ilustr\u0101ciju.<\/strong><\/h2>\n<p class=\"\" data-start=\"66\" data-end=\"1053\">Materi\u0101ls: Izgatavots no unik\u0101la bambusa \u0161\u0137iedru un elast\u0101na mais\u012bjuma \u2013 materi\u0101ls ir ne tikai pat\u012bkams piesk\u0101rieniem un elast\u012bgs, bet ar\u012b elpojo\u0161s. Mitruma kontrole: Lieliski uzs\u016bc un iztvaic\u0113 mitrumu, nodro\u0161inot sausumu un komfortu. Ide\u0101li piem\u0113rots ar\u012b silt\u0101kajiem m\u0113ne\u0161iem, sniedzot viegluma un svaiguma saj\u016btu miega laik\u0101. Ar kabat\u0101m: \u0112rtas kabatas s\u0101nos pied\u0101v\u0101 papildu funkcionalit\u0101ti. Var tur\u0113t nepiecie\u0161amos priek\u0161metus rok\u0101: piem\u0113ram, mobil\u0101 t\u0101lruni, pulti vai nelielu gr\u0101matu, e-las\u012bt\u0101ju, na\u0161\u0137us vai vienk\u0101r\u0161i pasl\u0113pt rokas \ud83d\ude42 Tas ir lielisks risin\u0101jums ne tikai miegam, bet ar\u012b atp\u016btai m\u0101j\u0101s vai relaks\u0101cijai p\u0113c darba dienas! Univers\u0101lums: Viens univers\u0101ls izm\u0113rs (95 cm x 85 cm) der da\u017e\u0101d\u0101m \u0137erme\u0146a form\u0101m un pied\u0101v\u0101 papildu br\u012bv\u012bbas saj\u016btu. Viegl\u0101 kop\u0161ana: Mazg\u0101t ve\u013cas ma\u0161\u012bn\u0101 aukst\u0101 \u016bden\u012b un \u013caut dabiski iz\u017e\u016bt, lai saglab\u0101tu auduma kvalit\u0101ti. Iepakojums: Melni naktskrekli sieviet\u0113m tiek pieg\u0101d\u0101ti sasieti ar auduma lenti, t\u0101p\u0113c d\u0101vanai neb\u016bs j\u0101uztraucas par iepakojumu.<\/p>\n<p class=\"\" data-start=\"1055\" data-end=\"1167\">*D\u0113\u013c iesp\u0113jamiem ekr\u0101na iz\u0161\u0137irtsp\u0113jas iestat\u012bjumiem re\u0101l\u0101 pre\u010du kr\u0101sa var nedaudz at\u0161\u0137irties no att\u0113l\u0101 redzam\u0101s.<\/p>","protected":false},"excerpt":{"rendered":"<h3 data-start=\"12\" data-end=\"135\"><strong data-start=\"12\" data-end=\"135\">Oversize naktskreklis sieviet\u0113m ar \u0113rt\u0101m kabat\u0101m s\u0101nos! Ide\u0101ls izv\u0113le karst\u0101m vasaras nakt\u012bm un m\u0101j\u012bg\u0101m vakariem m\u0101j\u0101s!<\/strong><\/h3>\n<p class=\"\" data-start=\"137\" data-end=\"436\">Bambusa naktskrekli sieviet\u0113m &#8211; rad\u012bti ne tikai miegam, bet ar\u012b atp\u016btai m\u0101j\u0101s, relaks\u0101cijai p\u0113c garas darba dienas vai vienk\u0101r\u0161i ilgsto\u0161am atp\u016btai skatoties filmas vai seri\u0101lus. Bambusa \u0161\u0137iedra dabiski elpo, regul\u0113 temperat\u016bru un lieliski uzs\u016bc mitrumu, nodro\u0161inot komfortu pat vissilt\u0101kaj\u0101s nakt\u012bs.<\/p>\n<p class=\"\" data-start=\"438\" data-end=\"597\">\u25cf Materi\u0101ls: 93% bambusa \u0161\u0137iedra, 7% elast\u0101ns.<br data-start=\"484\" data-end=\"487\" \/>\u25cf Kr\u0101sa: melna<br data-start=\"501\" data-end=\"504\" \/>\u25cf Izm\u0113rs: Univers\u0101ls \u25cf Izm\u0113ri: garums &#8211; 95cm x platums 85cm*2<br data-start=\"565\" data-end=\"568\" \/>\u25cf Rad\u012bts atp\u016btai un miegam!<\/p>\n<p class=\"\" data-start=\"599\" data-end=\"653\">Bambusa naktskrekli &#8211; maigi, elpojo\u0161i, neaizvietojami!<\/p>","protected":false},"featured_media":697,"comment_status":"open","ping_status":"closed","template":"","meta":{"_seopress_robots_primary_cat":"none","_seopress_titles_title":"Bambusa naktskrekls \u201eCute Devil\u201c %%sep%% %%sitetitle%%","_seopress_titles_desc":"Garie naktskrekli sieviet\u0113m. Bambusa naktskrekli sieviet\u0113m ar kabat\u0101m. Melni naktskrekli no maiga materi\u0101la: bambusa un elast\u0101na \u0161\u0137iedr\u0101m.","_seopress_robots_index":""},"product_brand":[],"product_cat":[23],"product_tag":[],"class_list":{"0":"post-694","1":"product","2":"type-product","3":"status-publish","4":"has-post-thumbnail","6":"product_cat-naktskrekli","8":"first","9":"instock","10":"sale","11":"shipping-taxable","12":"purchasable","13":"product-type-simple"},"_links":{"self":[{"href":"https:\/\/melnalapsa.lv\/en\/wp-json\/wp\/v2\/product\/694","targetHints":{"allow":["GET"]}}],"collection":[{"href":"https:\/\/melnalapsa.lv\/en\/wp-json\/wp\/v2\/product"}],"about":[{"href":"https:\/\/melnalapsa.lv\/en\/wp-json\/wp\/v2\/types\/product"}],"replies":[{"embeddable":true,"href":"https:\/\/melnalapsa.lv\/en\/wp-json\/wp\/v2\/comments?post=694"}],"wp:featuredmedia":[{"embeddable":true,"href":"https:\/\/melnalapsa.lv\/en\/wp-json\/wp\/v2\/media\/697"}],"wp:attachment":[{"href":"https:\/\/melnalapsa.lv\/en\/wp-json\/wp\/v2\/media?parent=694"}],"wp:term":[{"taxonomy":"product_brand","embeddable":true,"href":"https:\/\/melnalapsa.lv\/en\/wp-json\/wp\/v2\/product_brand?post=694"},{"taxonomy":"product_cat","embeddable":true,"href":"https:\/\/melnalapsa.lv\/en\/wp-json\/wp\/v2\/product_cat?post=694"},{"taxonomy":"product_tag","embeddable":true,"href":"https:\/\/melnalapsa.lv\/en\/wp-json\/wp\/v2\/product_tag?post=694"}],"curies":[{"name":"wp","href":"https:\/\/api.w.org\/{rel}","templated":true}]}}