{"id":687,"date":"2025-04-27T19:21:58","date_gmt":"2025-04-27T16:21:58","guid":{"rendered":"https:\/\/melnalapsa.lv\/?post_type=product&#038;p=687"},"modified":"2025-11-05T12:03:19","modified_gmt":"2025-11-05T10:03:19","slug":"bambusa-naktskrekls-no-signal","status":"publish","type":"product","link":"https:\/\/melnalapsa.lv\/en\/product\/bambusa-naktskrekls-no-signal\/","title":{"rendered":"Bambusa naktskrekls \u201eNo Signal\u201c"},"content":{"rendered":"<h2 data-start=\"36\" data-end=\"99\">Melns naktskrekls ar kabat\u0101m un uzrakstu \u201eNO SIGNAL\u201c. Oversize.<\/h2>\n<p class=\"\" data-start=\"101\" data-end=\"1137\">Materi\u0101ls: Izgatavots no unik\u0101la bambusa \u0161\u0137iedras un elast\u0101na mais\u012bjuma \u2013 audums ir ne tikai pat\u012bkams piesk\u0101rienam un elast\u012bgs, bet ar\u012b elpojo\u0161s. Mitruma kontrole: Lieliski absorb\u0113 un iztvaiko mitrumu, nodro\u0161inot sausumu un komfortu. Ide\u0101li piem\u0113rots ar\u012b silt\u0101kiem gadalaikiem, sniedzot viegluma un svaiguma saj\u016btu mieg\u0101. Ar kabat\u0101m: \u0112rtas kabatas s\u0101nos nodro\u0161ina papildu funkcionalit\u0101ti. T\u0101s ir piem\u0113rotas, lai vienm\u0113r tur\u0113tu pa rokai nepiecie\u0161am\u0101s lietas, piem\u0113ram, mobilo t\u0101lruni, pulti, mazu gr\u0101matu, e-las\u012bt\u0101ju, k\u0101du k\u0101rumu vai vienk\u0101r\u0161i pasl\u0113ptu rokas \ud83d\ude42 Lieliska izv\u0113le ne tikai miegam, bet ar\u012b atp\u016btai m\u0101j\u0101s vai relaks\u0101cijai p\u0113c garas darba dienas! Universalit\u0101te: Viens univers\u0101ls izm\u0113rs (95 cm x 85 cm) der da\u017e\u0101d\u0101m \u0137erme\u0146a form\u0101m un nodro\u0161ina papildu br\u012bv\u012bbas saj\u016btu. Viegla kop\u0161ana: Mazg\u0101jiet ar ve\u013casma\u0161\u012bnu aukst\u0101 \u016bden\u012b un \u013caujiet audumam iz\u017e\u016bt dab\u012bg\u0101 ce\u013c\u0101, lai saglab\u0101tu t\u0101 kvalit\u0101ti. Iepakojums: Melnais naktskrekls sieviet\u0113m tiek pieg\u0101d\u0101ts p\u0101rsiets ar auduma lentu, t\u0101p\u0113c d\u0101vin\u0101\u0161anai nav nepiecie\u0161ams papildus iepakojums.<\/p>","protected":false},"excerpt":{"rendered":"<h3 data-start=\"50\" data-end=\"162\">Oversize miega krekls ar \u0113rt\u0101m kabat\u0101m s\u0101nos! Ide\u0101la izv\u0113le kvalitat\u012bvam miegam un m\u0101j\u012bg\u0101m vakara stund\u0101m m\u0101j\u0101s!<\/h3>\n<p class=\"\" data-start=\"164\" data-end=\"446\">Bambusa naktskrekls sieviet\u0113m \u2013 rad\u012bts ne tikai miegam, bet ar\u012b atp\u016btai m\u0101j\u0101s, p\u0113c garas darba dienas vai vienk\u0101r\u0161i gar\u0101m filmu vai seri\u0101lu skat\u012b\u0161an\u0101s sesij\u0101m. Bambusa \u0161\u0137iedra dabiski elpo, regul\u0113 temperat\u016bru un lieliski uzs\u016bc mitrumu, nodro\u0161inot komfortu pat viskarst\u0101kaj\u0101s nakt\u012bs.<\/p>\n<p class=\"\" data-start=\"448\" data-end=\"608\">\u25cf Materi\u0101ls: 93% bambusa \u0161\u0137iedra, 7% elast\u0101ns<br data-start=\"493\" data-end=\"496\" \/>\u25cf Kr\u0101sa: melna<br data-start=\"510\" data-end=\"513\" \/>\u25cf Izm\u0113rs: univers\u0101ls \u25cf Izm\u0113ri: garums \u2013 95 cm x platums \u2013 85 cm*2<br data-start=\"578\" data-end=\"581\" \/>\u25cf Rad\u012bts atp\u016btai un miegam!<\/p>\n<p class=\"\" data-start=\"610\" data-end=\"664\">Bambusa naktskrekli \u2013 maigi, elpojo\u0161i, neaizvietojami!<\/p>","protected":false},"featured_media":690,"comment_status":"open","ping_status":"closed","template":"","meta":{"_seopress_robots_primary_cat":"none","_seopress_titles_title":"Bambusa naktskrekls \u201eNo Signal\u201c %%sep%% %%sitetitle%%","_seopress_titles_desc":"Bambusa naktskrekli \u2013 maigi, elpojo\u0161i, neaizvietojami! Melni naktskrekli sieviet\u0113m. ATLAIDES \u0100tra pieg\u0101de. melnalapsa.lv","_seopress_robots_index":""},"product_brand":[],"product_cat":[23],"product_tag":[],"class_list":{"0":"post-687","1":"product","2":"type-product","3":"status-publish","4":"has-post-thumbnail","6":"product_cat-naktskrekli","8":"first","9":"instock","10":"sale","11":"shipping-taxable","12":"purchasable","13":"product-type-simple"},"_links":{"self":[{"href":"https:\/\/melnalapsa.lv\/en\/wp-json\/wp\/v2\/product\/687","targetHints":{"allow":["GET"]}}],"collection":[{"href":"https:\/\/melnalapsa.lv\/en\/wp-json\/wp\/v2\/product"}],"about":[{"href":"https:\/\/melnalapsa.lv\/en\/wp-json\/wp\/v2\/types\/product"}],"replies":[{"embeddable":true,"href":"https:\/\/melnalapsa.lv\/en\/wp-json\/wp\/v2\/comments?post=687"}],"wp:featuredmedia":[{"embeddable":true,"href":"https:\/\/melnalapsa.lv\/en\/wp-json\/wp\/v2\/media\/690"}],"wp:attachment":[{"href":"https:\/\/melnalapsa.lv\/en\/wp-json\/wp\/v2\/media?parent=687"}],"wp:term":[{"taxonomy":"product_brand","embeddable":true,"href":"https:\/\/melnalapsa.lv\/en\/wp-json\/wp\/v2\/product_brand?post=687"},{"taxonomy":"product_cat","embeddable":true,"href":"https:\/\/melnalapsa.lv\/en\/wp-json\/wp\/v2\/product_cat?post=687"},{"taxonomy":"product_tag","embeddable":true,"href":"https:\/\/melnalapsa.lv\/en\/wp-json\/wp\/v2\/product_tag?post=687"}],"curies":[{"name":"wp","href":"https:\/\/api.w.org\/{rel}","templated":true}]}}