{"id":683,"date":"2025-04-27T16:26:55","date_gmt":"2025-04-27T13:26:55","guid":{"rendered":"https:\/\/melnalapsa.lv\/?post_type=product&#038;p=683"},"modified":"2025-07-08T22:42:32","modified_gmt":"2025-07-08T19:42:32","slug":"bambusa-naktskrekls-basic-melna","status":"publish","type":"product","link":"https:\/\/melnalapsa.lv\/en\/product\/bambusa-naktskrekls-basic-melna\/","title":{"rendered":"Bambusa naktskrekls \u201eBasic\u201c meln\u0101"},"content":{"rendered":"<h2 data-start=\"50\" data-end=\"116\">Bambusa naktskrekls sieviet\u0113m, oversize. Rad\u012bts atp\u016btai un miegam!<\/h2>\n<p class=\"\" data-start=\"118\" data-end=\"1119\">Materi\u0101ls: Izgatavots no unik\u0101la bambusa \u0161\u0137iedras un elast\u0101na mais\u012bjuma \u2013 audums ir pat\u012bkams piesk\u0101rienam, elast\u012bgs un elpojo\u0161s. Mitruma kontrole: Lieliski uzs\u016bc un iztvaiko mitrumu, nodro\u0161inot sausuma un komforta saj\u016btu. Ide\u0101li piem\u0113rots ar\u012b silt\u0101kam gadalaikam, sniedzot viegluma un svaiguma saj\u016btu miega laik\u0101. Ar kabat\u0101m: \u0112rtas s\u0101nu kabatas pie\u0161\u0137ir papildu funkcionalit\u0101ti. Taj\u0101s var glab\u0101t nepiecie\u0161am\u0101s lietas, piem\u0113ram, mobilo t\u0101lruni, televizora pulti vai nelielu gr\u0101matu, las\u012bt\u0101ju, k\u0101rumus vai vienk\u0101r\u0161i pasl\u0113pt rokas \ud83d\ude42 Lieliska izv\u0113le ne tikai miegam, bet ar\u012b atp\u016btai m\u0101j\u0101s vai relaks\u0101cijai p\u0113c darba dienas! Univers\u0101ls izm\u0113rs: Viens univers\u0101lais izm\u0113rs (95 cm x 85 cm) der da\u017e\u0101d\u0101m \u0137erme\u0146a form\u0101m un sniedz papildu br\u012bv\u012bbas saj\u016btu. Viegla kop\u0161ana: Mazg\u0101jiet ve\u013casma\u0161\u012bn\u0101 ar aukstu \u016bdeni un \u013caujiet dabiski iz\u017e\u016bt, lai saglab\u0101tu auduma kvalit\u0101ti. Iepakojums: Melnie sievie\u0161u naktskrekli ir sasieti ar auduma lenti, t\u0101p\u0113c, ja v\u0113laties tos uzd\u0101vin\u0101t, par skaistu iesai\u0146ojumu r\u016bp\u0113ties nevajadz\u0113s.<\/p>\n<p class=\"\" data-start=\"1121\" data-end=\"1206\">*Ekr\u0101na iestat\u012bjumu d\u0113\u013c preces re\u0101l\u0101 kr\u0101sa var nedaudz at\u0161\u0137irties no att\u0113l\u0101 redzam\u0101s.<\/p>","protected":false},"excerpt":{"rendered":"<h3 data-start=\"50\" data-end=\"106\">Melni miegamkrekli ar \u0113rt\u0101m kabat\u0101m s\u0101nos, bez apdrukas.<\/h3>\n<p class=\"\" data-start=\"108\" data-end=\"242\">Rad\u012bts ne tikai miegam, bet ar\u012b atp\u016btai m\u0101j\u0101s, relaks\u0101cijai p\u0113c garas darba dienas vai ilgiem vakariem, skatoties filmas vai seri\u0101lus.<\/p>\n<p class=\"\" data-start=\"244\" data-end=\"330\">\u25cf Materi\u0101li: Bambusa \u0161\u0137iedra, elast\u0101ns.<br data-start=\"283\" data-end=\"286\" \/>\u25cf Izm\u0113rs: Univers\u0101ls \u25cf Izm\u0113ri: 95 cm x 85 cm<\/p>","protected":false},"featured_media":686,"comment_status":"open","ping_status":"closed","template":"","meta":{"_seopress_robots_primary_cat":"none","_seopress_titles_title":"Bambusa naktskrekls \u201eBasic\u201c meln\u0101 kr\u0101s\u0101 %%sep%% %%sitetitle%%","_seopress_titles_desc":"Oversize naktskrekls, krekls sieviet\u0113m \u2013 atp\u016btai un miegam. Bambusa naktskrekls ar div\u0101m kabat\u0101m. \u0100tra pieg\u0101de. melnalapsa.lv","_seopress_robots_index":""},"product_brand":[],"product_cat":[23],"product_tag":[],"class_list":{"0":"post-683","1":"product","2":"type-product","3":"status-publish","4":"has-post-thumbnail","6":"product_cat-naktskrekli","8":"first","9":"instock","10":"sale","11":"shipping-taxable","12":"purchasable","13":"product-type-simple"},"_links":{"self":[{"href":"https:\/\/melnalapsa.lv\/en\/wp-json\/wp\/v2\/product\/683","targetHints":{"allow":["GET"]}}],"collection":[{"href":"https:\/\/melnalapsa.lv\/en\/wp-json\/wp\/v2\/product"}],"about":[{"href":"https:\/\/melnalapsa.lv\/en\/wp-json\/wp\/v2\/types\/product"}],"replies":[{"embeddable":true,"href":"https:\/\/melnalapsa.lv\/en\/wp-json\/wp\/v2\/comments?post=683"}],"wp:featuredmedia":[{"embeddable":true,"href":"https:\/\/melnalapsa.lv\/en\/wp-json\/wp\/v2\/media\/686"}],"wp:attachment":[{"href":"https:\/\/melnalapsa.lv\/en\/wp-json\/wp\/v2\/media?parent=683"}],"wp:term":[{"taxonomy":"product_brand","embeddable":true,"href":"https:\/\/melnalapsa.lv\/en\/wp-json\/wp\/v2\/product_brand?post=683"},{"taxonomy":"product_cat","embeddable":true,"href":"https:\/\/melnalapsa.lv\/en\/wp-json\/wp\/v2\/product_cat?post=683"},{"taxonomy":"product_tag","embeddable":true,"href":"https:\/\/melnalapsa.lv\/en\/wp-json\/wp\/v2\/product_tag?post=683"}],"curies":[{"name":"wp","href":"https:\/\/api.w.org\/{rel}","templated":true}]}}