{"id":679,"date":"2025-04-26T21:35:39","date_gmt":"2025-04-26T18:35:39","guid":{"rendered":"https:\/\/melnalapsa.lv\/?post_type=product&#038;p=679"},"modified":"2025-04-26T21:35:39","modified_gmt":"2025-04-26T18:35:39","slug":"bambusa-naktskrekls-mystic","status":"publish","type":"product","link":"https:\/\/melnalapsa.lv\/en\/product\/bambusa-naktskrekls-mystic\/","title":{"rendered":"Bambusa Naktskrekls \u201eMystic\u201c"},"content":{"rendered":"<hr class=\"\" data-start=\"39\" data-end=\"42\" \/>\n<h2 data-start=\"44\" data-end=\"89\">Melna nakts kreklkleita ar kabat\u0101m. Oversize.<\/h2>\n<p class=\"\" data-start=\"91\" data-end=\"1128\">Materi\u0101ls: Izgatavota no unik\u0101la bambusa \u0161\u0137iedras un elast\u0101na kombin\u0101cijas \u2013 audums ir pat\u012bkams piesk\u0101rienam, elast\u012bgs un labi elpojo\u0161s.<br data-start=\"227\" data-end=\"230\" \/>Mitruma kontrole: Lieliski absorb\u0113 un iztvaiko mitrumu, nodro\u0161inot sausuma un komforta saj\u016btu. Ide\u0101li piem\u0113rots ar\u012b silt\u0101kiem gada laikiem, radot viegluma un svaiguma saj\u016btu miega laik\u0101.<br data-start=\"416\" data-end=\"419\" \/>Ar kabat\u0101m: \u0112rtas s\u0101nu kabatas pie\u0161\u0137ir papildu funkcionalit\u0101ti. Taj\u0101s var \u0113rti uzglab\u0101t nepiecie\u0161am\u0101s lietas, piem\u0113ram, mobilo t\u0101lruni, televizora pulti, mazu gr\u0101matu, e-las\u012bt\u0101ju, k\u0101rumus vai vienk\u0101r\u0161i pasl\u0113pt rokas \ud83d\ude42 Lieliska izv\u0113le ne tikai miegam, bet ar\u012b atp\u016btai m\u0101j\u0101s vai relaks\u0101cijai p\u0113c darba dienas!<br data-start=\"727\" data-end=\"730\" \/>Univers\u0101lums: Viens univers\u0101ls izm\u0113rs (95 cm x 85 cm), kas piem\u0113rots da\u017e\u0101d\u0101m \u0137erme\u0146a form\u0101m, pie\u0161\u0137irot papildu br\u012bv\u012bbas saj\u016btu.<br data-start=\"857\" data-end=\"860\" \/>Viegla kop\u0161ana: Mazg\u0101jiet ve\u013casma\u0161\u012bn\u0101 aukst\u0101 \u016bden\u012b un \u013caujiet dabiski no\u017e\u016bt, lai saglab\u0101tu auduma kvalit\u0101ti.<br data-start=\"968\" data-end=\"971\" \/>Iepakojums: Meln\u0101 nakts kleita sieviet\u0113m tiek pieg\u0101d\u0101ta, sasieta ar auduma lent\u012bti, t\u0101p\u0113c, ja v\u0113laties to d\u0101vin\u0101t, par skaistu iesai\u0146ojumu neb\u016bs j\u0101uztraucas.<\/p>","protected":false},"excerpt":{"rendered":"<h3 data-start=\"50\" data-end=\"149\">Oversize nakts krekls ar \u0113rt\u0101m kabat\u0101m s\u0101nos! Perfekta izv\u0113le kvalitat\u012bvam miegam un atp\u016btai m\u0101j\u0101s!<\/h3>\n<p class=\"\" data-start=\"151\" data-end=\"448\">Bambusa nakts krekls sieviet\u0113m \u2013 rad\u012bts ne tikai miegam, bet ar\u012b m\u0101jas br\u012bvajam laikam, atp\u016btai p\u0113c garas darba dienas vai vienk\u0101r\u0161i gar\u0101m filmu un seri\u0101lu skat\u012b\u0161an\u0101s sesij\u0101m. Bambusa \u0161\u0137iedra dabiski elpo, regul\u0113 temperat\u016bru un lieliski absorb\u0113 mitrumu, nodro\u0161inot komfortu pat karst\u0101kaj\u0101s nakt\u012bs.<\/p>\n<p class=\"\" data-start=\"450\" data-end=\"608\">\u25cf Materi\u0101ls: 93% bambusa \u0161\u0137iedra, 7% elast\u0101ns<br data-start=\"495\" data-end=\"498\" \/>\u25cf Kr\u0101sa: melna<br data-start=\"512\" data-end=\"515\" \/>\u25cf Izm\u0113rs: univers\u0101ls \u25cf Izm\u0113ri: garums \u2013 95 cm x platums 85 cm*2<br data-start=\"578\" data-end=\"581\" \/>\u25cf Rad\u012bts atp\u016btai un miegam!<\/p>\n<p class=\"\" data-start=\"610\" data-end=\"663\">Bambusa nakts krekls \u2013 maigs, elpojo\u0161s, vienm\u0113r \u0113rts!<\/p>","protected":false},"featured_media":682,"comment_status":"open","ping_status":"closed","template":"","meta":{"_seopress_robots_primary_cat":"","_seopress_titles_title":"Bambusa Naktskrekls \u201eMystic\u201c %%sep%% %%sitetitle%%","_seopress_titles_desc":"Oversize nakts krekls ar \u0113rt\u0101m kabat\u0101m s\u0101nos. Bambusa nakts krekls \u2013 maigs, elpojo\u0161s, vienm\u0113r \u0113rts! \u0100tra pieg\u0101de.","_seopress_robots_index":""},"product_brand":[],"product_cat":[23],"product_tag":[],"class_list":{"0":"post-679","1":"product","2":"type-product","3":"status-publish","4":"has-post-thumbnail","6":"product_cat-naktskrekli","8":"first","9":"instock","10":"sale","11":"shipping-taxable","12":"purchasable","13":"product-type-simple"},"_links":{"self":[{"href":"https:\/\/melnalapsa.lv\/en\/wp-json\/wp\/v2\/product\/679","targetHints":{"allow":["GET"]}}],"collection":[{"href":"https:\/\/melnalapsa.lv\/en\/wp-json\/wp\/v2\/product"}],"about":[{"href":"https:\/\/melnalapsa.lv\/en\/wp-json\/wp\/v2\/types\/product"}],"replies":[{"embeddable":true,"href":"https:\/\/melnalapsa.lv\/en\/wp-json\/wp\/v2\/comments?post=679"}],"wp:featuredmedia":[{"embeddable":true,"href":"https:\/\/melnalapsa.lv\/en\/wp-json\/wp\/v2\/media\/682"}],"wp:attachment":[{"href":"https:\/\/melnalapsa.lv\/en\/wp-json\/wp\/v2\/media?parent=679"}],"wp:term":[{"taxonomy":"product_brand","embeddable":true,"href":"https:\/\/melnalapsa.lv\/en\/wp-json\/wp\/v2\/product_brand?post=679"},{"taxonomy":"product_cat","embeddable":true,"href":"https:\/\/melnalapsa.lv\/en\/wp-json\/wp\/v2\/product_cat?post=679"},{"taxonomy":"product_tag","embeddable":true,"href":"https:\/\/melnalapsa.lv\/en\/wp-json\/wp\/v2\/product_tag?post=679"}],"curies":[{"name":"wp","href":"https:\/\/api.w.org\/{rel}","templated":true}]}}