{"id":67,"date":"2025-01-21T16:01:23","date_gmt":"2025-01-21T14:01:23","guid":{"rendered":"https:\/\/melnalapsa.lv\/?post_type=product&#038;p=67"},"modified":"2025-04-27T20:38:00","modified_gmt":"2025-04-27T17:38:00","slug":"bambusa-naktskrekls-dangerous","status":"publish","type":"product","link":"https:\/\/melnalapsa.lv\/en\/product\/bambusa-naktskrekls-dangerous\/","title":{"rendered":"Bambusa Naktskrekls \u201eDangerous\u201c"},"content":{"rendered":"<h2>Garais miega krekls ar melnu ka\u0137a ilustr\u0101ciju.<\/h2>\n<p>Izgatavots no unik\u0101las bambusa \u0161\u0137iedras un spandeksa kombin\u0101cijas, t\u0101p\u0113c materi\u0101ls ir ne tikai m\u012bksts uz tausti un elast\u012bgs, bet ar\u012b elpojo\u0161s.<br \/>\nTas ir ar\u012b \u013coti \u0113rts un elpojo\u0161s, un ar\u012b spandekss materi\u0101ls ir \u013coti \u0113rts un elpojo\u0161s: tas lieliski uzs\u016bc un iztvaiko mitrumu, saglab\u0101jot j\u016bs sausu un \u0113rtu. Ide\u0101li piem\u0113rots siltajam gadalaikam, sniedzot vieglu un svaigu saj\u016btu gul\u0113\u0161anas laik\u0101.<br \/>\nAr kabat\u0101m: \u0113rtas s\u0101nu kabatas pie\u0161\u0137ir papildu funkcionalit\u0101ti. T\u0101 ir lieliska izv\u0113le ne tikai gul\u0113\u0161anai, bet ar\u012b atp\u016btai m\u0101j\u0101s vai relaks\u0101cijai p\u0113c darba dienas!<br \/>\nDaudzpus\u012bba.<br \/>\nViegla kop\u0161ana: mazg\u0101jiet ma\u0161\u012bn\u0101 aukst\u0101 \u016bden\u012b un \u013caujiet \u017e\u0101v\u0113ties dab\u012bg\u0101 veid\u0101, lai saglab\u0101tu auduma kvalit\u0101ti.<br \/>\nIepakojums: bambusa naktskrekli sieviet\u0113m tiek pieg\u0101d\u0101ti sasieti ar auduma lenti, t\u0101p\u0113c jums nav j\u0101uztraucas par skaistu iepakojumu, ja v\u0113laties tos d\u0101vin\u0101t.<\/p>\n<p>&nbsp;<\/p>","protected":false},"excerpt":{"rendered":"<h3>Liela izm\u0113ra naktskrekls ar paroc\u012bg\u0101m kabat\u0101m s\u0101nos! Lieliski piem\u0113rots gul\u0113\u0161anai un m\u0101j\u012bgam laika pavad\u012b\u0161anai m\u0101j\u0101s!<\/h3>\n<p>Bambusa naktskrekli sieviet\u0113m &#8211; paredz\u0113ti ne tikai gul\u0113\u0161anai, bet ar\u012b atp\u016btai m\u0101j\u0101s, relaks\u0101cijai p\u0113c garas darba dienas vai vienk\u0101r\u0161i garai snaud\u012b\u0161anai, skatoties filmas un seri\u0101lus. Bambusa \u0161\u0137iedra ir dabiski elpojo\u0161a, regul\u0113 temperat\u016bru un uzs\u016bc mitrumu, nodro\u0161inot komfortu pat karst\u0101kaj\u0101s nakt\u012bs.<\/p>\n<p>93% bambusa \u0161\u0137iedra, 7% elast\u0101ns.<br \/>\n\u25cf Kr\u0101sa: pel\u0113ka.<br \/>\n\u25cf Izm\u0113rs: univers\u0101ls \u25cf Izm\u0113ri: garums 95 cm x platums 85 cm*2<br \/>\n\u25cf Paredz\u0113ts atp\u016btai un miegam!<\/p>\n<p>\u013baujiet sev izbaud\u012bt maigumu un svaigumu ar bambusa miega kreklu!<\/p>","protected":false},"featured_media":68,"comment_status":"open","ping_status":"closed","template":"","meta":{"_seopress_robots_primary_cat":"none","_seopress_titles_title":"Bambusa Naktskrekls \u201eDangerous\u201c %%sep%% %%sitetitle%%","_seopress_titles_desc":"Garie naktskrekli sieviet\u0113m. Bambusa naktskrekli sieviet\u0113m ar kabat\u0101m. Bambusa naktskrekli lielie izm\u0113ri. \u0100tra pieg\u0101de.","_seopress_robots_index":""},"product_brand":[],"product_cat":[23],"product_tag":[24,26,25],"class_list":{"0":"post-67","1":"product","2":"type-product","3":"status-publish","4":"has-post-thumbnail","6":"product_cat-naktskrekli","7":"product_tag-bambusa-naktskrekls","8":"product_tag-naktskrekli","9":"product_tag-naktskrekls","11":"first","12":"instock","13":"sale","14":"shipping-taxable","15":"purchasable","16":"product-type-simple"},"_links":{"self":[{"href":"https:\/\/melnalapsa.lv\/en\/wp-json\/wp\/v2\/product\/67","targetHints":{"allow":["GET"]}}],"collection":[{"href":"https:\/\/melnalapsa.lv\/en\/wp-json\/wp\/v2\/product"}],"about":[{"href":"https:\/\/melnalapsa.lv\/en\/wp-json\/wp\/v2\/types\/product"}],"replies":[{"embeddable":true,"href":"https:\/\/melnalapsa.lv\/en\/wp-json\/wp\/v2\/comments?post=67"}],"wp:featuredmedia":[{"embeddable":true,"href":"https:\/\/melnalapsa.lv\/en\/wp-json\/wp\/v2\/media\/68"}],"wp:attachment":[{"href":"https:\/\/melnalapsa.lv\/en\/wp-json\/wp\/v2\/media?parent=67"}],"wp:term":[{"taxonomy":"product_brand","embeddable":true,"href":"https:\/\/melnalapsa.lv\/en\/wp-json\/wp\/v2\/product_brand?post=67"},{"taxonomy":"product_cat","embeddable":true,"href":"https:\/\/melnalapsa.lv\/en\/wp-json\/wp\/v2\/product_cat?post=67"},{"taxonomy":"product_tag","embeddable":true,"href":"https:\/\/melnalapsa.lv\/en\/wp-json\/wp\/v2\/product_tag?post=67"}],"curies":[{"name":"wp","href":"https:\/\/api.w.org\/{rel}","templated":true}]}}