{"id":666,"date":"2025-04-26T16:30:17","date_gmt":"2025-04-26T13:30:17","guid":{"rendered":"https:\/\/melnalapsa.lv\/?post_type=product&#038;p=666"},"modified":"2025-04-26T16:30:55","modified_gmt":"2025-04-26T13:30:55","slug":"bambusa-naktskrekli-moon","status":"publish","type":"product","link":"https:\/\/melnalapsa.lv\/en\/product\/bambusa-naktskrekli-moon\/","title":{"rendered":"Bambusa naktskrekli \u201eMoon\u201c"},"content":{"rendered":"<h2 data-start=\"36\" data-end=\"98\">Pel\u0113ks, oversize naktskrekls ar kabat\u0101m un m\u0113ness ilustr\u0101ciju.<\/h2>\n<p class=\"\" data-start=\"100\" data-end=\"1112\">Materi\u0101ls: Izgatavots no unik\u0101la bambusa \u0161\u0137iedras un elast\u0101na mais\u012bjuma \u2013 audums ir pat\u012bkams piesk\u0101rieniem, elast\u012bgs un labi elpojo\u0161s.<br data-start=\"234\" data-end=\"237\" \/>Mitruma kontrole: Lieliski absorb\u0113 un iztvaiko mitrumu, nodro\u0161inot sausumu un komfortu. Ide\u0101li piem\u0113rots ar\u012b silt\u0101kam laikam, sniedzot viegluma un svaiguma saj\u016btu miega laik\u0101.<br data-start=\"412\" data-end=\"415\" \/>Ar kabat\u0101m: \u0112rtas s\u0101nu kabatas pie\u0161\u0137ir papildus funkcionalit\u0101ti. Taj\u0101s var \u0113rti glab\u0101t nepiecie\u0161am\u0101s lietas: mobilo t\u0101lruni, pulti, nelielu gr\u0101matu, e-las\u012bt\u0101ju, na\u0161\u0137us vai vienk\u0101r\u0161i pasl\u0113pt rokas \ud83d\ude42 Lieliska izv\u0113le ne tikai miegam, bet ar\u012b atp\u016btai m\u0101j\u0101s vai relaks\u0101cijai p\u0113c darba dienas!<br data-start=\"703\" data-end=\"706\" \/>Universalit\u0101te: Viens univers\u0101ls izm\u0113rs (95 cm x 85 cm) der da\u017e\u0101d\u0101m \u0137erme\u0146a form\u0101m un nodro\u0161ina papildu br\u012bv\u012bbas saj\u016btu.<br data-start=\"826\" data-end=\"829\" \/>Viegls kop\u0161anas process: Mazg\u0101jiet ve\u013casma\u0161\u012bn\u0101 aukst\u0101 \u016bden\u012b un \u013caujiet audumam dabiski no\u017e\u016bt, lai saglab\u0101tu materi\u0101la kvalit\u0101ti.<br data-start=\"957\" data-end=\"960\" \/>Iepakojums: Bambusa naktskrekls sieviet\u0113m tiek pieg\u0101d\u0101ts sasiets ar auduma lentu, t\u0101p\u0113c, ja v\u0113laties to d\u0101vin\u0101t, par gl\u012btu iesai\u0146ojumu neb\u016bs j\u0101raiz\u0113jas.<\/p>\n<p class=\"\" data-start=\"1114\" data-end=\"1229\">*Re\u0101l\u0101s preces kr\u0101sa var nedaudz at\u0161\u0137irties no att\u0113l\u0101 redzam\u0101s atkar\u012bb\u0101 no j\u016bsu ekr\u0101na iz\u0161\u0137irtsp\u0113jas iestat\u012bjumiem.<\/p>","protected":false},"excerpt":{"rendered":"<h3 data-start=\"50\" data-end=\"157\">Oversize miega krekls ar \u0113rt\u0101m kabat\u0101m s\u0101nos! Ide\u0101la izv\u0113le m\u0101j\u012bgiem vakariem m\u0101j\u0101s un kvalitat\u012bvam miegam!<\/h3>\n<p class=\"\" data-start=\"159\" data-end=\"452\">Bambusa naktskrekls sieviet\u0113m \u2013 rad\u012bts ne tikai miegam, bet ar\u012b atp\u016btai m\u0101j\u0101s, relaks\u0101cijai p\u0113c garas darba dienas vai vienk\u0101r\u0161i gar\u0101m filmu un seri\u0101lu skat\u012b\u0161an\u0101s sesij\u0101m. Bambusa \u0161\u0137iedra dabiski elpo, regul\u0113 temperat\u016bru un lieliski absorb\u0113 mitrumu, nodro\u0161inot komfortu pat karst\u0101kaj\u0101s nakt\u012bs.<\/p>\n<p class=\"\" data-start=\"454\" data-end=\"614\">\u25cf Materi\u0101ls: 93% bambusa \u0161\u0137iedra, 7% elast\u0101ns.<br data-start=\"500\" data-end=\"503\" \/>\u25cf Kr\u0101sa: pel\u0113ka<br data-start=\"518\" data-end=\"521\" \/>\u25cf Izm\u0113rs: univers\u0101ls \u25cf Izm\u0113ri: garums \u2013 95 cm x platums 85 cm*2<br data-start=\"584\" data-end=\"587\" \/>\u25cf Rad\u012bts atp\u016btai un miegam!<\/p>\n<p class=\"\" data-start=\"616\" data-end=\"680\">\u013baujiet sev izjust maigumu un svaigumu ar bambusa naktskrekliem!<\/p>","protected":false},"featured_media":669,"comment_status":"open","ping_status":"closed","template":"","meta":{"_seopress_robots_primary_cat":"none","_seopress_titles_title":"Bambusa naktskrekli \u201eMoon\u201c %%sep%% %%sitetitle%%","_seopress_titles_desc":"Bambusa naktskrekls sieviet\u0113m. \u0112rtas kabatas, univers\u0101ls izm\u0113rs un viegla kop\u0161ana ide\u0101la izv\u0113le ne tikai miegam, bet ar\u012b m\u0101jas br\u012bv\u0101 laika.","_seopress_robots_index":""},"product_brand":[],"product_cat":[23],"product_tag":[],"class_list":{"0":"post-666","1":"product","2":"type-product","3":"status-publish","4":"has-post-thumbnail","6":"product_cat-naktskrekli","8":"first","9":"instock","10":"sale","11":"shipping-taxable","12":"purchasable","13":"product-type-simple"},"_links":{"self":[{"href":"https:\/\/melnalapsa.lv\/en\/wp-json\/wp\/v2\/product\/666","targetHints":{"allow":["GET"]}}],"collection":[{"href":"https:\/\/melnalapsa.lv\/en\/wp-json\/wp\/v2\/product"}],"about":[{"href":"https:\/\/melnalapsa.lv\/en\/wp-json\/wp\/v2\/types\/product"}],"replies":[{"embeddable":true,"href":"https:\/\/melnalapsa.lv\/en\/wp-json\/wp\/v2\/comments?post=666"}],"wp:featuredmedia":[{"embeddable":true,"href":"https:\/\/melnalapsa.lv\/en\/wp-json\/wp\/v2\/media\/669"}],"wp:attachment":[{"href":"https:\/\/melnalapsa.lv\/en\/wp-json\/wp\/v2\/media?parent=666"}],"wp:term":[{"taxonomy":"product_brand","embeddable":true,"href":"https:\/\/melnalapsa.lv\/en\/wp-json\/wp\/v2\/product_brand?post=666"},{"taxonomy":"product_cat","embeddable":true,"href":"https:\/\/melnalapsa.lv\/en\/wp-json\/wp\/v2\/product_cat?post=666"},{"taxonomy":"product_tag","embeddable":true,"href":"https:\/\/melnalapsa.lv\/en\/wp-json\/wp\/v2\/product_tag?post=666"}],"curies":[{"name":"wp","href":"https:\/\/api.w.org\/{rel}","templated":true}]}}