{"id":66,"date":"2025-01-21T17:01:50","date_gmt":"2025-01-21T15:01:50","guid":{"rendered":"https:\/\/melnalapsa.lv\/?post_type=product&#038;p=66"},"modified":"2025-04-26T15:57:45","modified_gmt":"2025-04-26T12:57:45","slug":"bambusa-naktskrekls-cherry-bow","status":"publish","type":"product","link":"https:\/\/melnalapsa.lv\/en\/product\/bambusa-naktskrekls-cherry-bow\/","title":{"rendered":"Bambusa Naktskrekls \u201eCherry Bow\u201c"},"content":{"rendered":"<h2>Roz\u0101 naktskrekli ar kabat\u0101m un m\u012b\u013cu ilustr\u0101ciju.<\/h2>\n<p>Izgatavots no unik\u0101las bambusa \u0161\u0137iedras un spandeksa kombin\u0101cijas, t\u0101p\u0113c materi\u0101ls ir ne tikai m\u012bksts uz tausti un elast\u012bgs, bet ar\u012b elpojo\u0161s.<br \/>\nTas ir ar\u012b \u013coti \u0113rts un elpojo\u0161s, savuk\u0101rt elast\u0101na audums ir ar\u012b \u013coti \u0113rts un elpojo\u0161s: Tas lieliski uzs\u016bc un iztvaic\u0113 mitrumu, saglab\u0101jot j\u016bs sausu un \u0113rtu. Ide\u0101li piem\u0113rots silt\u0101kam gadalaikam, nodro\u0161inot vieglu un svaigu saj\u016btu miega laik\u0101.<br \/>\nAr kabat\u0101m: \u0113rtas kabatas s\u0101nos papildu funkcionalit\u0101tei. T\u0101 ir lieliska izv\u0113le ne tikai gul\u0113\u0161anai, bet ar\u012b atp\u016btai m\u0101j\u0101s vai relaks\u0101cijai p\u0113c darba dienas!<br \/>\nDaudzpus\u012bba.<br \/>\nViegla kop\u0161ana: mazg\u0101jiet ve\u013casma\u0161\u012bn\u0101 aukst\u0101 \u016bden\u012b un \u013caujiet \u017e\u0101v\u0113ties dab\u012bg\u0101 veid\u0101, lai saglab\u0101tu auduma kvalit\u0101ti.<br \/>\nIepakojums: Bambusa naktskrekli sieviet\u0113m tiek pieg\u0101d\u0101ti kop\u0101 ar auduma lent\u012bti, t\u0101p\u0113c jums nav j\u0101uztraucas par skaistu iepakojumu, ja v\u0113laties tos d\u0101vin\u0101t.<\/p>","protected":false},"excerpt":{"rendered":"<h3>Liela izm\u0113ra naktskrekls ar paroc\u012bg\u0101m kabat\u0101m s\u0101nos! Ide\u0101li piem\u0113rots \u0113rtam miegam vai vienk\u0101r\u0161i atp\u016btai m\u0101j\u0101s!<\/h3>\n<p>93% bambusa \u0161\u0137iedra, 7% elast\u0101ns.<br \/>\n\u25cf Kr\u0101sa: roz\u0101<br \/>\n\u25cf Izm\u0113rs: univers\u0101ls \u25cf Izm\u0113ri: garums 95 cm x platums 85 cm*2<br \/>\n\u25cf Paredz\u0113ts atp\u016btai un miegam!<\/p>\n<p>\ud83c\udf19 Atkl\u0101jiet vasaras komfortu ar m\u016bsu bambusa naktsve\u013cu! \ud83c\udf3f<\/p>\n<p><span style=\"font-size: 16px;\">Bambusa naktskrekli sieviet\u0113m ir paredz\u0113ti ne tikai gul\u0113\u0161anai, bet ar\u012b atp\u016btai m\u0101j\u0101s, relaks\u0101cijai p\u0113c garas darba dienas vai vienk\u0101r\u0161i garai snaud\u012b\u0161anai, skatoties filmas vai seri\u0101lus. Bambusa \u0161\u0137iedra ir dabiski elpojo\u0161a, regul\u0113 temperat\u016bru un uzs\u016bc mitrumu, nodro\u0161inot komfortu pat karst\u0101kaj\u0101s nakt\u012bs.<\/span><\/p>","protected":false},"featured_media":662,"comment_status":"open","ping_status":"closed","template":"","meta":{"_seopress_robots_primary_cat":"none","_seopress_titles_title":"Bambusa Naktskrekls \u201eCherry Bow\u201c %%sep%% %%sitetitle%%","_seopress_titles_desc":"Lieli naktskrekli ar kabat\u0101m. Bambusa naktskrekls \u2013 rad\u012bts miegam un atp\u016btai m\u0101j\u0101s. M\u012b\u013ci sievie\u0161u pid\u017eamas. \u0100tra pieg\u0101de.","_seopress_robots_index":""},"product_brand":[],"product_cat":[23],"product_tag":[24,27,25],"class_list":{"0":"post-66","1":"product","2":"type-product","3":"status-publish","4":"has-post-thumbnail","6":"product_cat-naktskrekli","7":"product_tag-bambusa-naktskrekls","8":"product_tag-liela-izmera-naktskrekls","9":"product_tag-naktskrekls","11":"first","12":"instock","13":"sale","14":"shipping-taxable","15":"purchasable","16":"product-type-simple"},"_links":{"self":[{"href":"https:\/\/melnalapsa.lv\/en\/wp-json\/wp\/v2\/product\/66","targetHints":{"allow":["GET"]}}],"collection":[{"href":"https:\/\/melnalapsa.lv\/en\/wp-json\/wp\/v2\/product"}],"about":[{"href":"https:\/\/melnalapsa.lv\/en\/wp-json\/wp\/v2\/types\/product"}],"replies":[{"embeddable":true,"href":"https:\/\/melnalapsa.lv\/en\/wp-json\/wp\/v2\/comments?post=66"}],"wp:featuredmedia":[{"embeddable":true,"href":"https:\/\/melnalapsa.lv\/en\/wp-json\/wp\/v2\/media\/662"}],"wp:attachment":[{"href":"https:\/\/melnalapsa.lv\/en\/wp-json\/wp\/v2\/media?parent=66"}],"wp:term":[{"taxonomy":"product_brand","embeddable":true,"href":"https:\/\/melnalapsa.lv\/en\/wp-json\/wp\/v2\/product_brand?post=66"},{"taxonomy":"product_cat","embeddable":true,"href":"https:\/\/melnalapsa.lv\/en\/wp-json\/wp\/v2\/product_cat?post=66"},{"taxonomy":"product_tag","embeddable":true,"href":"https:\/\/melnalapsa.lv\/en\/wp-json\/wp\/v2\/product_tag?post=66"}],"curies":[{"name":"wp","href":"https:\/\/api.w.org\/{rel}","templated":true}]}}