{"id":655,"date":"2025-03-24T14:29:18","date_gmt":"2025-03-24T12:29:18","guid":{"rendered":"https:\/\/melnalapsa.lv\/?post_type=product&#038;p=655"},"modified":"2025-07-08T22:43:01","modified_gmt":"2025-07-08T19:43:01","slug":"zida-spilvendrana-50x70cm-haki","status":"publish","type":"product","link":"https:\/\/melnalapsa.lv\/en\/product\/zida-spilvendrana-50x70cm-haki\/","title":{"rendered":"Z\u012bda spilvendr\u0101na 50x70cm Haki"},"content":{"rendered":"<h2 data-start=\"0\" data-end=\"163\"><strong data-start=\"0\" data-end=\"64\">Haki z\u012bda spilvendr\u0101na \u2013 maigs grezn\u012bbas piesk\u0101riens.<\/strong><br data-start=\"64\" data-end=\"67\" \/>Dabisks, zemes to\u0146a nokr\u0101sa, kas lieliski iek\u013caujas gan minim\u0101listisk\u0101, gan modern\u0101 interjer\u0101.<\/h2>\n<p class=\"\" data-start=\"165\" data-end=\"295\">Elegances un komforta apvienojums \u2013 izgatavota no 6A klases Mulberry z\u012bda, 19 mm bl\u012bvuma.<br data-start=\"254\" data-end=\"257\" \/>Spilvendr\u0101nas izm\u0113rs: 50 cm x 70 cm.<\/p>\n<p class=\"\" data-start=\"297\" data-end=\"743\">Sp\u012bd\u012bg\u0101 z\u012bda spilvendr\u0101na ne tikai pie\u0161\u0137ir izsmalcin\u0101tu mirdzumu, bet ar\u012b sniedz daudz priek\u0161roc\u012bbu, kas at\u0161\u0137ir to no citiem audumiem. T\u0101 ir hipoaler\u0123iska, piem\u0113rota cilv\u0113kiem ar jut\u012bgu \u0101du un aler\u0123ij\u0101m. Z\u012bds ir elpojo\u0161s audums, kas nodro\u0161ina komfortu visa gada garum\u0101. T\u0101 \u012bpa\u0161\u012bbas saglab\u0101t mitrumu un glud\u0101 strukt\u016bra samazina berzi, nepie\u013cauj \u0101das sausumu un var pal\u012bdz\u0113t nov\u0113rst grumbu veido\u0161anos, k\u0101 ar\u012b mazin\u0101t matu \u0161\u0137el\u0161anos un savel\u0161anos.<\/p>\n<p class=\"\" data-start=\"745\" data-end=\"873\"><strong data-start=\"745\" data-end=\"763\">\u0112rta lieto\u0161ana<\/strong> \u2013 spilvendr\u0101na ir apr\u012bkota ar sl\u0113ptu r\u0101v\u0113jsl\u0113dz\u0113ju, kas nodro\u0161ina \u0113rtu lieto\u0161anu un netrauc\u0113 atp\u016btas laik\u0101.<\/p>\n<p class=\"\" data-start=\"875\" data-end=\"1256\"><strong data-start=\"875\" data-end=\"887\">Svar\u012bgi!<\/strong> \u2013 M\u016bsu z\u012bda izstr\u0101d\u0101jumi ir izgatavoti no augst\u0101k\u0101s kvalit\u0101tes 6A klases Mulberry z\u012bda, bez jebk\u0101d\u0101m papildu piedev\u0101m, iz\u0146emot dab\u012bg\u0101s kr\u0101svielas. Lai saglab\u0101tu auduma kvalit\u0101ti, ieteicams mazg\u0101t tikai ar rok\u0101m v\u0113s\u0101 \u016bden\u012b vai ve\u013casma\u0161\u012bn\u0101, izmantojot \u012bpa\u0161u re\u017e\u012bmu.<br data-start=\"1151\" data-end=\"1154\" \/><em data-start=\"1154\" data-end=\"1254\">Nedr\u012bkst lietot balin\u0101t\u0101ju, veikt \u0137\u012bmisko t\u012br\u012b\u0161anu, \u017e\u0101v\u0113t ve\u013cas \u017e\u0101v\u0113t\u0101j\u0101 vai gludin\u0101t ar gludekli.<\/em><\/p>\n<p class=\"\" data-start=\"1258\" data-end=\"1465\"><strong data-start=\"1258\" data-end=\"1278\">Lieliska d\u0101vana!<\/strong><br data-start=\"1278\" data-end=\"1281\" \/>\u0160\u012b spilvendr\u0101na ir ide\u0101la d\u0101vana mammai, m\u0101sai, tuvam cilv\u0113kam vai draugam \u012bpa\u0161\u0101 gad\u012bjum\u0101. T\u0101 ir ne tikai eleganta, bet ar\u012b praktiska d\u0101vana. Iepakota elegant\u0101 balt\u0101 kartona kast\u012bt\u0113.<\/p>\n<p class=\"\" data-start=\"1467\" data-end=\"1636\"><strong data-start=\"1467\" data-end=\"1491\">Kvalit\u0101tes garantija<\/strong><br data-start=\"1491\" data-end=\"1494\" \/>Z\u012bda spilvendr\u0101nas ir sertific\u0113tas ar <strong data-start=\"1532\" data-end=\"1549\">OEKO-TEX\u00ae 100<\/strong>, kas apliecina, ka izstr\u0101d\u0101jums izgatavots tikai no dab\u012bgiem un dro\u0161iem materi\u0101liem.<\/p>\n<p class=\"\" data-start=\"1638\" data-end=\"1725\"><em data-start=\"1638\" data-end=\"1725\" data-is-last-node=\"\">Kr\u0101sa re\u0101laj\u0101 dz\u012bv\u0113 var nedaudz at\u0161\u0137irties no att\u0113l\u0101 redzam\u0101s ekr\u0101na iestat\u012bjumu d\u0113\u013c.<\/em><\/p>","protected":false},"excerpt":{"rendered":"<h3 data-start=\"0\" data-end=\"362\">1 gab. Z\u012bda spilvendr\u0101na \u2013 ne tikai stil\u012bga, bet ar\u012b noder\u012bga \u0101dai.<\/h3>\n<p class=\"\" data-start=\"0\" data-end=\"362\"><br data-start=\"67\" data-end=\"70\" \/>Izgatavota no 100% dab\u012bga, 6A klases, 19 momu Mulberry z\u012bda auduma, kas ne tikai ir maigs un ilgm\u016b\u017e\u012bgs, bet ar\u012b sniedz daudzas citas priek\u0161roc\u012bbas.<br data-start=\"217\" data-end=\"220\" \/>\u2022 Momijs \u2013 z\u012bda svara un bl\u012bvuma m\u0113rvien\u012bba. 19 momu z\u012bds ir viegl\u0101ks un pl\u0101n\u0101ks, bet tom\u0113r maigs un m\u012bksts, pat\u012bkami piegu\u013c \u0101dai un matiem.<\/p>\n<p class=\"\" data-start=\"364\" data-end=\"418\">Izm\u0113ri: 50cm x 70cm (piem\u0113rots standarta spilveniem)<\/p>\n<p class=\"\" data-start=\"420\" data-end=\"441\">Momu skaits \u2013 19 mm<\/p>\n<p class=\"\" data-start=\"443\" data-end=\"456\">Kr\u0101sa: haki<\/p>\n<p class=\"\" data-start=\"458\" data-end=\"531\">\u2714 ar sl\u0113ptu r\u0101v\u0113jsl\u0113dz\u0113ju<br data-start=\"483\" data-end=\"486\" \/>\u2714 iepakots kast\u012bt\u0113<br data-start=\"504\" data-end=\"507\" \/>\u2714 OEKO-TEX\u00ae standard 100<\/p>","protected":false},"featured_media":659,"comment_status":"open","ping_status":"closed","template":"","meta":{"_seopress_robots_primary_cat":"none","_seopress_titles_title":"Z\u012bda spilvendr\u0101na 50x70cm Haki %%sep%% %%sitetitle%%","_seopress_titles_desc":"Izgatavota no 100% dab\u012bga, 6A klases, 19 momu Mulberry z\u012bda auduma, kas ne tikai ir maigs un ilgm\u016b\u017e\u012bgs, bet ar\u012b sniedz daudzas citas priek\u0161roc\u012bbas.","_seopress_robots_index":""},"product_brand":[],"product_cat":[96,57,94],"product_tag":[],"class_list":{"0":"post-655","1":"product","2":"type-product","3":"status-publish","4":"has-post-thumbnail","6":"product_cat-19-mom","7":"product_cat-zida-izstradajumi","8":"product_cat-zida-spilvenu-parvalki","10":"first","11":"instock","12":"sale","13":"featured","14":"shipping-taxable","15":"purchasable","16":"product-type-simple"},"_links":{"self":[{"href":"https:\/\/melnalapsa.lv\/en\/wp-json\/wp\/v2\/product\/655","targetHints":{"allow":["GET"]}}],"collection":[{"href":"https:\/\/melnalapsa.lv\/en\/wp-json\/wp\/v2\/product"}],"about":[{"href":"https:\/\/melnalapsa.lv\/en\/wp-json\/wp\/v2\/types\/product"}],"replies":[{"embeddable":true,"href":"https:\/\/melnalapsa.lv\/en\/wp-json\/wp\/v2\/comments?post=655"}],"wp:featuredmedia":[{"embeddable":true,"href":"https:\/\/melnalapsa.lv\/en\/wp-json\/wp\/v2\/media\/659"}],"wp:attachment":[{"href":"https:\/\/melnalapsa.lv\/en\/wp-json\/wp\/v2\/media?parent=655"}],"wp:term":[{"taxonomy":"product_brand","embeddable":true,"href":"https:\/\/melnalapsa.lv\/en\/wp-json\/wp\/v2\/product_brand?post=655"},{"taxonomy":"product_cat","embeddable":true,"href":"https:\/\/melnalapsa.lv\/en\/wp-json\/wp\/v2\/product_cat?post=655"},{"taxonomy":"product_tag","embeddable":true,"href":"https:\/\/melnalapsa.lv\/en\/wp-json\/wp\/v2\/product_tag?post=655"}],"curies":[{"name":"wp","href":"https:\/\/api.w.org\/{rel}","templated":true}]}}