{"id":651,"date":"2025-03-20T22:28:38","date_gmt":"2025-03-20T20:28:38","guid":{"rendered":"https:\/\/melnalapsa.lv\/?post_type=product&#038;p=651"},"modified":"2025-07-08T22:43:54","modified_gmt":"2025-07-08T19:43:54","slug":"19-mm-zida-spilvendrana-50x70cm-gold","status":"publish","type":"product","link":"https:\/\/melnalapsa.lv\/en\/product\/19-mm-zida-spilvendrana-50x70cm-gold\/","title":{"rendered":"19 mm Z\u012bda spilvendr\u0101na 50x70cm Gold"},"content":{"rendered":"<p data-start=\"18\" data-end=\"104\"><strong data-start=\"18\" data-end=\"102\">Z\u012bda spilvendr\u0101na \u2013 grezna zelta nokr\u0101sa, kas izstaro siltumu un izsmalcin\u0101t\u012bbu.<\/strong><\/p>\n<p data-start=\"106\" data-end=\"686\">Elegances un komforta kombin\u0101cija, izgatavota no augst\u0101k\u0101s kvalit\u0101tes 6A klases Mulberry z\u012bda, 19 mm bl\u012bvuma. Spilvendr\u0101nas izm\u0113rs: 50 cm x 70 cm.<br data-start=\"252\" data-end=\"255\" \/>Sp\u012bd\u012bg\u0101 z\u012bda spilvendr\u0101na ne tikai pie\u0161\u0137ir izcilu mirdzumu, bet ar\u012b sniedz daudz priek\u0161roc\u012bbu sal\u012bdzin\u0101jum\u0101 ar citiem audumiem. Audums ir hipoaler\u0123isks, t\u0101p\u0113c tas ir piem\u0113rots cilv\u0113kiem ar jut\u012bgu \u0101du un aler\u0123ij\u0101m. Z\u012bds ir elpojo\u0161s materi\u0101ls, t\u0101p\u0113c tas ir piem\u0113rots vis\u0101m sezon\u0101m. Pateicoties sp\u0113jai saglab\u0101t mitrumu un gludajai strukt\u016brai, tas samazina berzi, nov\u0113r\u0161 \u0101das iz\u017e\u016b\u0161anu un pal\u012bdz mazin\u0101t grumbu un matu galu \u0161\u0137el\u0161anos.<\/p>\n<p data-start=\"688\" data-end=\"816\"><strong data-start=\"688\" data-end=\"706\">\u0112rta lieto\u0161ana<\/strong> \u2013 spilvendr\u0101nai ir pasl\u0113pts r\u0101v\u0113jsl\u0113dz\u0113js, kas atvieglo spilvena ievieto\u0161anu un neizce\u013cas lieto\u0161anas laik\u0101.<\/p>\n<p data-start=\"818\" data-end=\"1202\"><strong data-start=\"818\" data-end=\"829\">Piez\u012bme<\/strong> \u2013 z\u012bda izstr\u0101d\u0101jumi ir izgatavoti no augst\u0101k\u0101s kvalit\u0101tes 6A klases Mulberry z\u012bda bez jebk\u0101d\u0101m cit\u0101m piemais\u012bjumiem, iz\u0146emot dab\u012bg\u0101s kr\u0101svielas. Lai saglab\u0101tu auduma kvalit\u0101ti, ieteicams mazg\u0101t tikai ar rok\u0101m v\u0113s\u0101 \u016bden\u012b vai izmantot speci\u0101lo re\u017e\u012bmu ve\u013cas ma\u0161\u012bn\u0101. Nedr\u012bkst: lietot balin\u0101t\u0101jus, veikt \u0137\u012bmisko t\u012br\u012b\u0161anu, \u017e\u0101v\u0113t ve\u013cas \u017e\u0101v\u0113t\u0101j\u0101 vai gludin\u0101t ar karstu gludekli.<\/p>\n<p data-start=\"1204\" data-end=\"1438\">\u0160\u012b spilvendr\u0101na ir lieliska d\u0101vana mammai, m\u0101sai, tuvam cilv\u0113kam vai draugam \u012bpa\u0161\u0101 notikum\u0101. Z\u012bda spilvendr\u0101na ir praktiska d\u0101vana, kas ne tikai izstaro eleganci, bet ar\u012b ir noder\u012bga. Iepakota augstas kvalit\u0101tes balt\u0101 kartona kast\u0113.<\/p>\n<p data-start=\"1440\" data-end=\"1602\"><strong data-start=\"1440\" data-end=\"1492\">Z\u012bda spilvendr\u0101nas ir OEKO-TEX\u00ae 100 sertific\u0113tas<\/strong>, kas garant\u0113, ka izstr\u0101d\u0101jums ir izgatavots tikai no dab\u012bgiem un cilv\u0113ka vesel\u012bbai nekait\u012bgiem materi\u0101liem.<\/p>\n<p data-start=\"1604\" data-end=\"1723\" data-is-last-node=\"\" data-is-only-node=\"\"><em data-start=\"1604\" data-end=\"1723\" data-is-last-node=\"\">L\u016bdzu, \u0146emiet v\u0113r\u0101, ka datora ekr\u0101na iestat\u012bjumu d\u0113\u013c faktisk\u0101 preces kr\u0101sa var nedaudz at\u0161\u0137irties no att\u0113l\u0101 redzam\u0101s.<\/em><\/p>","protected":false},"excerpt":{"rendered":"<h3 data-start=\"18\" data-end=\"101\">1 gab. Z\u012bda spilvendr\u0101na \u2013 ne tikai grezna, bet ar\u012b noder\u012bga j\u016bsu \u0101dai un matiem.<\/h3>\n<p data-start=\"103\" data-end=\"375\">Izgatavota no 100% dab\u012bga 6A klases Mulberry z\u012bda auduma, kas papildus maigumam un ilgm\u016b\u017e\u012bbai pied\u0101v\u0101 daudzas citas priek\u0161roc\u012bbas.<br data-start=\"233\" data-end=\"236\" \/>\u2022 Momme \u2013 z\u012bda svara un bl\u012bvuma m\u0113rvien\u012bba, 19 momme z\u012bds ir viegl\u0101ks un pl\u0101n\u0101ks, bet maigs un m\u012bksts, pat\u012bkami j\u016btams uz \u0101das un matiem.<\/p>\n<p data-start=\"377\" data-end=\"433\">Izm\u0113ri: 50 cm x 70 cm (piem\u0113rots standarta spilveniem)<\/p>\n<p data-start=\"435\" data-end=\"457\">Momme skaits \u2013 19 mm<\/p>\n<p data-start=\"459\" data-end=\"473\">Kr\u0101sa: Zelta<\/p>\n<p data-start=\"475\" data-end=\"548\" data-is-only-node=\"\" data-is-last-node=\"\">\u2714 ar sl\u0113ptu r\u0101v\u0113jsl\u0113dz\u0113ju<br data-start=\"500\" data-end=\"503\" \/>\u2714 iepakots kast\u012bt\u0113<br data-start=\"521\" data-end=\"524\" \/>\u2714 OEKO-TEX\u00ae standard 100<\/p>","protected":false},"featured_media":654,"comment_status":"open","ping_status":"closed","template":"","meta":{"_seopress_robots_primary_cat":"none","_seopress_titles_title":"Z\u012bda spilvendr\u0101na 50x70cm Gold %%sep%% %%sitetitle%%","_seopress_titles_desc":"Zelta z\u012bda spilvendr\u0101na \u2013 ne tikai grezna, bet ar\u012b noder\u012bga j\u016bsu \u0101dai un matiem. Z\u012bda spilveni. \u0100tra pieg\u0101de. melnalapsa.lv","_seopress_robots_index":""},"product_brand":[],"product_cat":[96,57,94],"product_tag":[],"class_list":{"0":"post-651","1":"product","2":"type-product","3":"status-publish","4":"has-post-thumbnail","6":"product_cat-19-mom","7":"product_cat-zida-izstradajumi","8":"product_cat-zida-spilvenu-parvalki","10":"first","11":"instock","12":"sale","13":"shipping-taxable","14":"purchasable","15":"product-type-simple"},"_links":{"self":[{"href":"https:\/\/melnalapsa.lv\/en\/wp-json\/wp\/v2\/product\/651","targetHints":{"allow":["GET"]}}],"collection":[{"href":"https:\/\/melnalapsa.lv\/en\/wp-json\/wp\/v2\/product"}],"about":[{"href":"https:\/\/melnalapsa.lv\/en\/wp-json\/wp\/v2\/types\/product"}],"replies":[{"embeddable":true,"href":"https:\/\/melnalapsa.lv\/en\/wp-json\/wp\/v2\/comments?post=651"}],"wp:featuredmedia":[{"embeddable":true,"href":"https:\/\/melnalapsa.lv\/en\/wp-json\/wp\/v2\/media\/654"}],"wp:attachment":[{"href":"https:\/\/melnalapsa.lv\/en\/wp-json\/wp\/v2\/media?parent=651"}],"wp:term":[{"taxonomy":"product_brand","embeddable":true,"href":"https:\/\/melnalapsa.lv\/en\/wp-json\/wp\/v2\/product_brand?post=651"},{"taxonomy":"product_cat","embeddable":true,"href":"https:\/\/melnalapsa.lv\/en\/wp-json\/wp\/v2\/product_cat?post=651"},{"taxonomy":"product_tag","embeddable":true,"href":"https:\/\/melnalapsa.lv\/en\/wp-json\/wp\/v2\/product_tag?post=651"}],"curies":[{"name":"wp","href":"https:\/\/api.w.org\/{rel}","templated":true}]}}