{"id":646,"date":"2025-03-19T15:21:46","date_gmt":"2025-03-19T13:21:46","guid":{"rendered":"https:\/\/melnalapsa.lv\/?post_type=product&#038;p=646"},"modified":"2025-12-10T09:57:18","modified_gmt":"2025-12-10T07:57:18","slug":"19mm-zida-spilvendrana-50x70cm-pink","status":"publish","type":"product","link":"https:\/\/melnalapsa.lv\/en\/product\/19mm-zida-spilvendrana-50x70cm-pink\/","title":{"rendered":"19mm Z\u012bda Spilvendr\u0101na 50x70cm Pink"},"content":{"rendered":"<h2 data-start=\"0\" data-end=\"91\">Dabiska z\u012bda spilvendr\u0101na &#8211; roz\u0101 kr\u0101sa pie\u0161\u0137ir gu\u013camistabai romantisku un greznu saj\u016btu.<\/h2>\n<p data-start=\"93\" data-end=\"711\">Elegances un komforta apvienojums, kas izgatavots no A6 klases Mulberry z\u012bda ar 19 mm bl\u012bvumu. Spilvendr\u0101nas izm\u0113ri: 50 cm x 70 cm. Spilgtais z\u012bda spilvendr\u0101na ne tikai pie\u0161\u0137ir izcilu sp\u012bdumu, bet ar\u012b, at\u0161\u0137ir\u012bb\u0101 no citiem audumiem, nodro\u0161ina daudz priek\u0161roc\u012bbu. Audums ir hipoaler\u0123isks, t\u0101p\u0113c tas ir piem\u0113rots cilv\u0113kiem ar jut\u012bgu \u0101du un tiem, kuri cie\u0161 no aler\u0123ij\u0101m. Z\u012bds ir elpojo\u0161s audums, t\u0101p\u0113c to var lietot visu gadu. T\u0101 \u012bpa\u0161\u012bbas saglab\u0101t mitrumu un auduma maigums\/slidums rada maz\u0101ku berzi, nov\u0113r\u0161ot \u0101das sausumu, t\u0101p\u0113c tas var tikt izmantots ar\u012b k\u0101 da\u013c\u0113ja prevencija pret \u0101das grumb\u0101m un matu l\u016b\u0161anu, sapl\u012b\u0161anu.<\/p>\n<p data-start=\"713\" data-end=\"873\">\u0112rta lieto\u0161ana \u2013 spilvendr\u0101nai ir sl\u0113pts r\u0101v\u0113jsl\u0113dz\u0113js, kas padara spilvendr\u0101nas uzlik\u0161anu vienk\u0101r\u0161u procesu, un pats r\u0101v\u0113jsl\u0113dz\u0113js nesl\u012bd\u0113s, gu\u013cot uz spilvena.<\/p>\n<p data-start=\"875\" data-end=\"1258\">Piez\u012bme &#8211; z\u012bda izstr\u0101d\u0101jumi ir izgatavoti no augst\u0101k\u0101s A6 klases mulberi z\u012bda bez citiem ra\u017eo\u0161anas piemais\u012bjumiem, iz\u0146emot dabiskos kr\u0101svielas. Lai neboj\u0101tu vai nenodrag\u0101tu z\u012bda audumu, ieteicams mazg\u0101t tikai ar rok\u0101m un v\u0113su \u016bdeni vai izmantot mazg\u0101\u0161anas ma\u0161\u012bnu ar speci\u0101lu funkciju. Nav ieteicams: lietot balin\u0101t\u0101jus, sauso t\u012br\u012b\u0161anu, \u017e\u0101v\u0113t dr\u0113bju \u017e\u0101v\u0113t\u0101j\u0101 vai gludin\u0101t ar gludekli.<\/p>\n<p data-start=\"1260\" data-end=\"1515\">\u0160\u012b spilvendr\u0101na var b\u016bt atbilde uz jaut\u0101jumu, ko d\u0101vin\u0101t mammai, m\u0101sai, citam tuviniekam vai draugiem \u012bpa\u0161\u0101 gad\u012bjum\u0101. Z\u012bda spilvendr\u0101na ir praktiska d\u0101vana, kas ne tikai izstaro eleganci, bet ar\u012b ir noder\u012bga. Iepakots eleganta baltas kr\u0101sas kartona kast\u0113.<\/p>\n<p data-start=\"1517\" data-end=\"1659\">Z\u012bda spilvendr\u0101nas ir sertific\u0113tas ar OEKO-TEX\u00ae 100, kas garant\u0113, ka t\u0101s ir izgatavotas tikai no dab\u012bg\u0101m, cilv\u0113ka vesel\u012bbai nekait\u012bg\u0101m viel\u0101m.<\/p>\n<ul data-start=\"1661\" data-end=\"1765\" data-is-last-node=\"\" data-is-only-node=\"\">\n<li data-start=\"1661\" data-end=\"1765\" data-is-last-node=\"\">\u0145emiet v\u0113r\u0101, ka ekr\u0101na iestat\u012bjumu d\u0113\u013c faktisk\u0101 pre\u010du kr\u0101sa var nedaudz at\u0161\u0137irties no att\u0113l\u0101 redzam\u0101s.<\/li>\n<\/ul>","protected":false},"excerpt":{"rendered":"<h3 data-start=\"21\" data-end=\"114\"><strong data-start=\"21\" data-end=\"114\">1 gabals. Z\u012bda spilvena p\u0101rvalks &#8211; ne tikai grezns, bet ar\u012b noder\u012bgs j\u016bsu \u0101dai un matiem.<\/strong><\/h3>\n<p data-start=\"116\" data-end=\"397\">Izgatavots no 100% dab\u012bga 6A klases Mulberry z\u012bda auduma, kas, papildus maigumam un ilgm\u016b\u017e\u012bbai, pied\u0101v\u0101 daudz citas noder\u012bgas \u012bpa\u0161\u012bbas.<br data-start=\"251\" data-end=\"254\" \/>\u2022 <strong data-start=\"256\" data-end=\"264\">Mom\u0113<\/strong> &#8211; tas ir z\u012bda svara un bl\u012bvuma m\u0113r\u012bjums, 19 momu z\u012bds ir viegl\u0101ks un pl\u0101n\u0101ks, bet maigs un m\u012bksts, pat\u012bkami j\u016btas uz \u0101das un matiem.<\/p>\n<p data-start=\"399\" data-end=\"487\">Izm\u0113ri: 50cm x 70cm (piem\u0113rots standarta spilveniem)<br data-start=\"451\" data-end=\"454\" \/>Mom\u0113 skaits \u2013 19mm<br data-start=\"472\" data-end=\"475\" \/>Kr\u0101sa: Roz\u0101.<\/p>\n<p data-start=\"489\" data-end=\"562\" data-is-last-node=\"\" data-is-only-node=\"\">\u2714 Ar nosl\u0113pto r\u0101v\u0113jsl\u0113dz\u0113ju<br data-start=\"516\" data-end=\"519\" \/>\u2714 Iepakots kast\u0113<br data-start=\"535\" data-end=\"538\" \/>\u2714 OEKO-TEX\u00ae standard 100<\/p>","protected":false},"featured_media":649,"comment_status":"open","ping_status":"closed","template":"","meta":{"_seopress_robots_primary_cat":"none","_seopress_titles_title":"Z\u012bda Spilvendr\u0101na 50x70cm Pink %%sitetitle%%","_seopress_titles_desc":"Roz\u0101 z\u012bda spilvena p\u0101rvalks - ne tikai grezns, bet ar\u012b noder\u012bgs j\u016bsu \u0101dai un matiem. \u0100trs pieg\u0101de. ATLAIDES. melnalapsa.lv","_seopress_robots_index":""},"product_brand":[],"product_cat":[96,57,94],"product_tag":[],"class_list":{"0":"post-646","1":"product","2":"type-product","3":"status-publish","4":"has-post-thumbnail","6":"product_cat-19-mom","7":"product_cat-zida-izstradajumi","8":"product_cat-zida-spilvenu-parvalki","10":"first","11":"instock","12":"sale","13":"shipping-taxable","14":"purchasable","15":"product-type-simple"},"_links":{"self":[{"href":"https:\/\/melnalapsa.lv\/en\/wp-json\/wp\/v2\/product\/646","targetHints":{"allow":["GET"]}}],"collection":[{"href":"https:\/\/melnalapsa.lv\/en\/wp-json\/wp\/v2\/product"}],"about":[{"href":"https:\/\/melnalapsa.lv\/en\/wp-json\/wp\/v2\/types\/product"}],"replies":[{"embeddable":true,"href":"https:\/\/melnalapsa.lv\/en\/wp-json\/wp\/v2\/comments?post=646"}],"wp:featuredmedia":[{"embeddable":true,"href":"https:\/\/melnalapsa.lv\/en\/wp-json\/wp\/v2\/media\/649"}],"wp:attachment":[{"href":"https:\/\/melnalapsa.lv\/en\/wp-json\/wp\/v2\/media?parent=646"}],"wp:term":[{"taxonomy":"product_brand","embeddable":true,"href":"https:\/\/melnalapsa.lv\/en\/wp-json\/wp\/v2\/product_brand?post=646"},{"taxonomy":"product_cat","embeddable":true,"href":"https:\/\/melnalapsa.lv\/en\/wp-json\/wp\/v2\/product_cat?post=646"},{"taxonomy":"product_tag","embeddable":true,"href":"https:\/\/melnalapsa.lv\/en\/wp-json\/wp\/v2\/product_tag?post=646"}],"curies":[{"name":"wp","href":"https:\/\/api.w.org\/{rel}","templated":true}]}}