{"id":642,"date":"2025-03-19T15:11:48","date_gmt":"2025-03-19T13:11:48","guid":{"rendered":"https:\/\/melnalapsa.lv\/?post_type=product&#038;p=642"},"modified":"2025-07-08T22:47:13","modified_gmt":"2025-07-08T19:47:13","slug":"19mm-zida-spilvena-uzvalks-50x70cm-cream","status":"publish","type":"product","link":"https:\/\/melnalapsa.lv\/en\/product\/19mm-zida-spilvena-uzvalks-50x70cm-cream\/","title":{"rendered":"19mm Z\u012bda spilvena uzvalks 50x70cm Cream"},"content":{"rendered":"<h2 data-start=\"56\" data-end=\"120\"><strong data-start=\"56\" data-end=\"120\">Dab\u012bg\u0101 z\u012bda spilvena p\u0101rvalks &#8211; Maigs grezn\u012bbas piesk\u0101riens.<\/strong><\/h2>\n<p data-start=\"122\" data-end=\"298\">Klasisk\u0101 balt\u0101 (kr\u0113mkr\u0101sas) kr\u0101sa ir vienm\u0113r popul\u0101ra, pateicoties t\u0101s neitr\u0101lajam tonim un sp\u0113jai lieliski sader\u0113t ar jebkuru interjeru. \u0160\u012b kr\u0101sa pie\u0161\u0137ir eleganci un svaigumu.<\/p>\n<p data-start=\"300\" data-end=\"902\">Elegances un komforta apvienojums, kas izgatavots no A6 klases Mulberry z\u012bda, 19 mm bl\u012bvuma. Spilvena p\u0101rvalka izm\u0113ri: 50 cm x 70 cm. Sp\u012bd\u012bgais z\u012bda p\u0101rvalks ne tikai pie\u0161\u0137ir izcilu mirdzumu, bet ar\u012b, at\u0161\u0137ir\u012bb\u0101 no citiem audumiem, pied\u0101v\u0101 vair\u0101kas priek\u0161roc\u012bbas. Audums ir hipoaler\u0123isks, t\u0101p\u0113c tas ir piem\u0113rots cilv\u0113kiem ar jut\u012bgu \u0101du un aler\u0123ij\u0101m. Z\u012bds ir elpojo\u0161s audums, t\u0101d\u0113\u013c to var izmantot visu gadu. Pateicoties t\u0101 sp\u0113jai saglab\u0101t mitrumu un materi\u0101la maigumam\/slidumam, tas rada maz\u0101ku berzi, nenov\u0101jina \u0101du, t\u0101p\u0113c var kalpot k\u0101 da\u013c\u0113ja aizsardz\u012bba pret \u0101das grumb\u0101m un matu \u0161\u0137el\u0161anos, l\u016bzumiem.<\/p>\n<p data-start=\"904\" data-end=\"1069\">\u0112rta lieto\u0161ana &#8211; spilvena p\u0101rvalkam ir pasl\u0113pts r\u0101v\u0113jsl\u0113dz\u0113js, kas padara spilvena ievieto\u0161anas procesu vienk\u0101r\u0161u, un pats r\u0101v\u0113jsl\u0113dz\u0113js netrauc\u0113, gu\u013cot uz spilvena.<\/p>\n<p data-start=\"1071\" data-end=\"1435\">Piez\u012bme &#8211; z\u012bda izstr\u0101d\u0101jumi tiek ra\u017eoti no augst\u0101k\u0101s A6 klases mulberrija z\u012bda, bez citiem ra\u017eo\u0161anas piemais\u012bjumiem, iz\u0146emot dabiskos kr\u0101svielas. Lai nesaboj\u0101tu vai neizn\u012bcin\u0101tu z\u012bda audumu, to var mazg\u0101t tikai ar rok\u0101m un v\u0113su \u016bdeni vai ve\u013cas ma\u0161\u012bn\u0101 ar \u012bpa\u0161u funkciju. Nedr\u012bkst: izmantot balin\u0101t\u0101jus, sauso t\u012br\u012b\u0161anu, \u017e\u0101v\u0113t ve\u013cas \u017e\u0101v\u0113t\u0101j\u0101 vai gludin\u0101t ar gludekli.<\/p>\n<p data-start=\"1437\" data-end=\"1691\">\u0160is spilvena p\u0101rvalks var b\u016bt ide\u0101ls risin\u0101jums, ko uzd\u0101vin\u0101t mammai, m\u0101sai, citam tuviniekam vai draugiem \u012bpa\u0161\u0101s dien\u0101s. Z\u012bda spilvena p\u0101rvalks ir praktiska d\u0101vana, kas ne tikai izstaro eleganci, bet ir ar\u012b noder\u012bga. Iepakots solid\u0101 balt\u0101 kartona kast\u0113.<\/p>\n<p data-start=\"1693\" data-end=\"1835\">Z\u012bda p\u0101rvalki ir ar OEKO-TEX\u00ae 100 sertifik\u0101tu, kas garant\u0113, ka p\u0101rvalks izgatavots tikai no dab\u012bg\u0101m, cilv\u0113ka vesel\u012bbai nekait\u012bg\u0101m materi\u0101liem.<\/p>\n<p data-start=\"1837\" data-end=\"1950\">*D\u0113\u013c iesp\u0113jamiem ekr\u0101na iz\u0161\u0137irtsp\u0113jas iestat\u012bjumiem, re\u0101l\u0101 pre\u010du kr\u0101sa var nedaudz at\u0161\u0137irties no att\u0113l\u0101 redzam\u0101s.<\/p>","protected":false},"excerpt":{"rendered":"<h3 data-start=\"43\" data-end=\"141\"><strong data-start=\"43\" data-end=\"141\">1 gab. Z\u012bda spilvena p\u0101rvalks &#8211; ne tikai grezns, bet ar\u012b noder\u012bgs izv\u0113les j\u016bsu \u0101dai un matiem.<\/strong><\/h3>\n<p data-start=\"143\" data-end=\"436\">Izgatavots no 100% dab\u012bga 6A klases Mulberry z\u012bda auduma, kas, papildus maigumam un ilgsto\u0161am kalpo\u0161anas laikam, pied\u0101v\u0101 daudz citas noder\u012bgas \u012bpa\u0161\u012bbas.<br data-start=\"295\" data-end=\"298\" \/>\u2022 <strong data-start=\"300\" data-end=\"307\">Mom<\/strong> &#8211; tas ir z\u012bda svara un bl\u012bvuma m\u0113rs, 19 momu z\u012bds ir viegl\u0101ks un pl\u0101n\u0101ks, bet maigs un m\u012bksts, pat\u012bkami j\u016btas uz \u0101das un matiem.<\/p>\n<p data-start=\"438\" data-end=\"490\">Izm\u0113ri: 50cm x 70cm (piem\u0113rots standarta spilveniem)<\/p>\n<p data-start=\"492\" data-end=\"509\">Mom skaits \u2013 19mm<\/p>\n<p data-start=\"511\" data-end=\"533\">Kr\u0101sa: Balta\/kr\u0113mkr\u0101sa<\/p>\n<p data-start=\"535\" data-end=\"562\">\u2714 Ar pasl\u0113ptu r\u0101v\u0113jsl\u0113dz\u0113ju<\/p>\n<p data-start=\"564\" data-end=\"580\">\u2714 Iepakots kast\u0113<\/p>\n<p data-start=\"582\" data-end=\"606\" data-is-last-node=\"\" data-is-only-node=\"\">\u2714 OEKO-TEX\u00ae Standard 100<\/p>","protected":false},"featured_media":645,"comment_status":"open","ping_status":"closed","template":"","meta":{"_seopress_robots_primary_cat":"none","_seopress_titles_title":"Z\u012bda spilvena uzvalks 50x70cm Cream %%sep%% %%sitetitle%%","_seopress_titles_desc":"Z\u012bda spilvena p\u0101rvalks 50x70cm. Augst\u0101k\u0101 6A Mulberry z\u012bda klase, 19mm. Klasiska balt\u0101 kr\u0101sa, z\u012bda spilvena p\u0101rvalks.","_seopress_robots_index":""},"product_brand":[],"product_cat":[96,57,94],"product_tag":[],"class_list":{"0":"post-642","1":"product","2":"type-product","3":"status-publish","4":"has-post-thumbnail","6":"product_cat-19-mom","7":"product_cat-zida-izstradajumi","8":"product_cat-zida-spilvenu-parvalki","10":"first","11":"instock","12":"sale","13":"shipping-taxable","14":"purchasable","15":"product-type-simple"},"_links":{"self":[{"href":"https:\/\/melnalapsa.lv\/en\/wp-json\/wp\/v2\/product\/642","targetHints":{"allow":["GET"]}}],"collection":[{"href":"https:\/\/melnalapsa.lv\/en\/wp-json\/wp\/v2\/product"}],"about":[{"href":"https:\/\/melnalapsa.lv\/en\/wp-json\/wp\/v2\/types\/product"}],"replies":[{"embeddable":true,"href":"https:\/\/melnalapsa.lv\/en\/wp-json\/wp\/v2\/comments?post=642"}],"wp:featuredmedia":[{"embeddable":true,"href":"https:\/\/melnalapsa.lv\/en\/wp-json\/wp\/v2\/media\/645"}],"wp:attachment":[{"href":"https:\/\/melnalapsa.lv\/en\/wp-json\/wp\/v2\/media?parent=642"}],"wp:term":[{"taxonomy":"product_brand","embeddable":true,"href":"https:\/\/melnalapsa.lv\/en\/wp-json\/wp\/v2\/product_brand?post=642"},{"taxonomy":"product_cat","embeddable":true,"href":"https:\/\/melnalapsa.lv\/en\/wp-json\/wp\/v2\/product_cat?post=642"},{"taxonomy":"product_tag","embeddable":true,"href":"https:\/\/melnalapsa.lv\/en\/wp-json\/wp\/v2\/product_tag?post=642"}],"curies":[{"name":"wp","href":"https:\/\/api.w.org\/{rel}","templated":true}]}}