{"id":638,"date":"2025-03-19T14:55:45","date_gmt":"2025-03-19T12:55:45","guid":{"rendered":"https:\/\/melnalapsa.lv\/?post_type=product&#038;p=638"},"modified":"2025-11-05T12:16:39","modified_gmt":"2025-11-05T10:16:39","slug":"19mm-zida-spilvendranas-50x70cm-champagne","status":"publish","type":"product","link":"https:\/\/melnalapsa.lv\/en\/product\/19mm-zida-spilvendranas-50x70cm-champagne\/","title":{"rendered":"19mm Z\u012bda spilvendr\u0101nas 50x70cm Champagne"},"content":{"rendered":"<h2 data-start=\"41\" data-end=\"118\"><strong data-start=\"41\" data-end=\"116\">\u0160ampanie\u0161a kr\u0101sas, z\u012bda spilvendr\u0101na \u2013 izbaudi greznas maiguma saj\u016btas.<\/strong><\/h2>\n<p data-start=\"120\" data-end=\"267\">Maiga un grezna \u0161ampanie\u0161a kr\u0101sa ir iecien\u012bta t\u0101s univers\u0101luma un izsmalcin\u0101t\u012bbas d\u0113\u013c. T\u0101 lieliski sader gan ar gai\u0161iem, gan tum\u0161iem interjeriem.<\/p>\n<p data-start=\"269\" data-end=\"891\">Elegances un komforta apvienojums \u2013 izgatavots no A6 klases Mulberry z\u012bda, 19 mm bl\u012bvuma. Spilvendr\u0101nas izm\u0113ri: <strong data-start=\"381\" data-end=\"398\">50 cm x 70 cm<\/strong>.<br data-start=\"399\" data-end=\"402\" \/>Glanc\u0113tais z\u012bda audums pie\u0161\u0137ir ne tikai izcilu sp\u012bdumu, bet ar\u012b pied\u0101v\u0101 daudz priek\u0161roc\u012bbu, sal\u012bdzinot ar citiem audumiem. Materi\u0101ls ir <strong data-start=\"538\" data-end=\"555\">hipoaler\u0123isks<\/strong>, t\u0101p\u0113c tas ir piem\u0113rots cilv\u0113kiem ar jut\u012bgu \u0101du un aler\u0123ij\u0101m. Z\u012bds ir elpojo\u0161s audums, t\u0101d\u0113\u013c tas ir piem\u0113rots lieto\u0161anai visos gadalaikos. T\u0101 mitruma saglab\u0101\u0161anas un maig\u0101s\/sliden\u0101s tekst\u016bras \u012bpa\u0161\u012bbu d\u0113\u013c tas <strong data-start=\"764\" data-end=\"796\">samazina berzi, neiz\u017e\u0101v\u0113 \u0101du<\/strong> un var pal\u012bdz\u0113t <strong data-start=\"813\" data-end=\"888\">nov\u0113rst \u0101das grumbi\u0146u veido\u0161anos, k\u0101 ar\u012b matu \u0161\u0137el\u0161anos un sapinko\u0161anos<\/strong>.<\/p>\n<p data-start=\"893\" data-end=\"1038\"><strong data-start=\"893\" data-end=\"911\">\u0112rta lieto\u0161ana<\/strong> \u2013 spilvendr\u0101nai ir <strong data-start=\"931\" data-end=\"955\">sl\u0113pts r\u0101v\u0113jsl\u0113dz\u0113js<\/strong>, kas padara spilvena uzvilk\u0161anu vienk\u0101r\u0161u un nerada diskomfortu gul\u0113\u0161anas laik\u0101.<\/p>\n<p data-start=\"1040\" data-end=\"1433\"><strong data-start=\"1040\" data-end=\"1063\">Svar\u012bga inform\u0101cija<\/strong> \u2013 z\u012bda izstr\u0101d\u0101jumi ir izgatavoti no augst\u0101k\u0101s kvalit\u0101tes <strong data-start=\"1122\" data-end=\"1149\">A6 klases Mulberry z\u012bda<\/strong>, bez jebk\u0101d\u0101m cit\u0101m piedev\u0101m, iz\u0146emot dabisk\u0101s kr\u0101svielas. Lai nesaboj\u0101tu audumu, to ieteicams mazg\u0101t tikai ar rok\u0101m v\u0113s\u0101 \u016bden\u012b vai izmantojot speci\u0101lu programmu ve\u013cas ma\u0161\u012bn\u0101. <strong data-start=\"1326\" data-end=\"1342\">Nav at\u013cauts:<\/strong> izmantot balin\u0101t\u0101ju, veikt \u0137\u012bmisko t\u012br\u012b\u0161anu, \u017e\u0101v\u0113t ve\u013cas \u017e\u0101v\u0113t\u0101j\u0101, gludin\u0101t ar gludekli.<\/p>\n<p data-start=\"1435\" data-end=\"1741\">\u0160\u012b spilvendr\u0101na var b\u016bt ide\u0101la d\u0101vana <strong data-start=\"1473\" data-end=\"1531\">mammai, m\u0101sai, draugam vai k\u0101dam citam \u012bpa\u0161am cilv\u0113kam<\/strong>. Z\u012bda spilvendr\u0101na ir <strong data-start=\"1554\" data-end=\"1586\">praktiska un eleganta d\u0101vana<\/strong>, kas ir ne tikai est\u0113tiski pievilc\u012bga, bet ar\u012b \u013coti noder\u012bga. T\u0101 tiek pieg\u0101d\u0101ta <strong data-start=\"1667\" data-end=\"1700\">stil\u012bg\u0101 balt\u0101 kartona kast\u012bt\u0113<\/strong>, kas pie\u0161\u0137ir papildu grezn\u012bbas saj\u016btu.<\/p>\n<p data-start=\"1743\" data-end=\"1904\">Z\u012bda spilvendr\u0101n\u0101m ir <strong data-start=\"1765\" data-end=\"1794\">OEKO-TEX\u00ae 100 sertifik\u0101ts<\/strong>, kas apliecina, ka izstr\u0101d\u0101jums ir izgatavots tikai no dab\u012bg\u0101m un cilv\u0113ka vesel\u012bbai nekait\u012bg\u0101m sast\u0101vda\u013c\u0101m.<\/p>\n<p data-start=\"1906\" data-end=\"2030\" data-is-last-node=\"\" data-is-only-node=\"\"><em data-start=\"1906\" data-end=\"1924\"><strong data-start=\"1907\" data-end=\"1923\">\u0145emiet v\u0113r\u0101:<\/strong><\/em> <em data-start=\"1925\" data-end=\"2030\" data-is-last-node=\"\">sakaru ier\u012b\u010du ekr\u0101nu iestat\u012bjumu d\u0113\u013c faktisk\u0101 produkta kr\u0101sa var nedaudz at\u0161\u0137irties no att\u0113l\u0101 redzam\u0101s.<\/em><\/p>","protected":false},"excerpt":{"rendered":"<h3 data-start=\"38\" data-end=\"110\"><strong data-start=\"38\" data-end=\"108\">1 gab. Z\u012bda spilvendr\u0101na \u2013 ne tikai grezna, bet ar\u012b noder\u012bga \u0101dai.<\/strong><\/h3>\n<p data-start=\"112\" data-end=\"405\">Izgatavota no <strong data-start=\"126\" data-end=\"172\">100% dab\u012bga 6A klases Mulberry z\u012bda auduma<\/strong>, kas, bez maiguma un ilgm\u016b\u017e\u012bbas, pied\u0101v\u0101 daudzas citas priek\u0161roc\u012bbas.<br data-start=\"242\" data-end=\"245\" \/>\u2022 <strong data-start=\"247\" data-end=\"264\">Momme (momai)<\/strong> \u2013 z\u012bda svara un bl\u012bvuma m\u0113rvien\u012bba. <strong data-start=\"301\" data-end=\"318\">19 momme z\u012bds<\/strong> ir viegl\u0101ks un pl\u0101n\u0101ks, ta\u010du tas ir maigs un m\u012bksts, pat\u012bkami piegu\u013c \u0101dai un matiem.<\/p>\n<p data-start=\"407\" data-end=\"468\"><strong data-start=\"407\" data-end=\"418\">Izm\u0113ri:<\/strong> 50 cm x 70 cm (piem\u0113rots standarta spilveniem).<\/p>\n<p data-start=\"470\" data-end=\"496\"><strong data-start=\"470\" data-end=\"488\">Momme bl\u012bvums:<\/strong> 19 mm<\/p>\n<p data-start=\"498\" data-end=\"521\"><strong data-start=\"498\" data-end=\"508\">Kr\u0101sa:<\/strong> \u0161ampanie\u0161a<\/p>\n<p data-start=\"523\" data-end=\"554\">\u2714 <strong data-start=\"525\" data-end=\"552\">Ar sl\u0113ptu r\u0101v\u0113jsl\u0113dz\u0113ju<\/strong><\/p>\n<p data-start=\"556\" data-end=\"580\">\u2714 <strong data-start=\"558\" data-end=\"578\">Iepakota kast\u012bt\u0113<\/strong><\/p>\n<p data-start=\"582\" data-end=\"622\" data-is-last-node=\"\" data-is-only-node=\"\">\u2714 <strong data-start=\"584\" data-end=\"622\" data-is-last-node=\"\">OEKO-TEX\u00ae Standard 100 sertifik\u0101ts<\/strong><\/p>","protected":false},"featured_media":641,"comment_status":"open","ping_status":"closed","template":"","meta":{"_seopress_robots_primary_cat":"none","_seopress_titles_title":"Z\u012bda spilvendr\u0101nas 50x70cm Champagne %%sitetitle%%","_seopress_titles_desc":"Z\u012bda spilvena apvalks 50x70 cm izm\u0113rs. Augst\u0101k\u0101 6A Mulberry z\u012bda klase. 19 momme. Z\u012bda spilvendr\u0101nas \u2013 lieliska d\u0101vana. melnalapsa.lv","_seopress_robots_index":""},"product_brand":[],"product_cat":[96,57,94],"product_tag":[],"class_list":{"0":"post-638","1":"product","2":"type-product","3":"status-publish","4":"has-post-thumbnail","6":"product_cat-19-mom","7":"product_cat-zida-izstradajumi","8":"product_cat-zida-spilvenu-parvalki","10":"first","11":"instock","12":"sale","13":"shipping-taxable","14":"purchasable","15":"product-type-simple"},"_links":{"self":[{"href":"https:\/\/melnalapsa.lv\/en\/wp-json\/wp\/v2\/product\/638","targetHints":{"allow":["GET"]}}],"collection":[{"href":"https:\/\/melnalapsa.lv\/en\/wp-json\/wp\/v2\/product"}],"about":[{"href":"https:\/\/melnalapsa.lv\/en\/wp-json\/wp\/v2\/types\/product"}],"replies":[{"embeddable":true,"href":"https:\/\/melnalapsa.lv\/en\/wp-json\/wp\/v2\/comments?post=638"}],"wp:featuredmedia":[{"embeddable":true,"href":"https:\/\/melnalapsa.lv\/en\/wp-json\/wp\/v2\/media\/641"}],"wp:attachment":[{"href":"https:\/\/melnalapsa.lv\/en\/wp-json\/wp\/v2\/media?parent=638"}],"wp:term":[{"taxonomy":"product_brand","embeddable":true,"href":"https:\/\/melnalapsa.lv\/en\/wp-json\/wp\/v2\/product_brand?post=638"},{"taxonomy":"product_cat","embeddable":true,"href":"https:\/\/melnalapsa.lv\/en\/wp-json\/wp\/v2\/product_cat?post=638"},{"taxonomy":"product_tag","embeddable":true,"href":"https:\/\/melnalapsa.lv\/en\/wp-json\/wp\/v2\/product_tag?post=638"}],"curies":[{"name":"wp","href":"https:\/\/api.w.org\/{rel}","templated":true}]}}