{"id":631,"date":"2025-03-17T22:34:46","date_gmt":"2025-03-17T20:34:46","guid":{"rendered":"https:\/\/melnalapsa.lv\/?post_type=product&#038;p=631"},"modified":"2025-12-04T19:44:36","modified_gmt":"2025-12-04T17:44:36","slug":"caki-dzemperis-sega","status":"publish","type":"product","link":"https:\/\/melnalapsa.lv\/en\/product\/caki-dzemperis-sega\/","title":{"rendered":"\u010cak\u012b d\u017eemperis &#8211; sega"},"content":{"rendered":"<h2 data-start=\"0\" data-end=\"767\">D\u017eemperis pleds<\/h2>\n<p data-start=\"0\" data-end=\"767\">Univers\u0101la izm\u0113ra pleds d\u017eemperis, kas j\u016bsu m\u0101j\u0101s ien\u0113s v\u0113l vair\u0101k siltuma un m\u0101j\u012bguma. D\u017eemperis, kas j\u016bs sild\u012bs un netrauc\u0113s pavad\u012bt laiku m\u0101j\u0101s uz d\u012bv\u0101na, skatoties televizoru, sp\u0113l\u0113jot videosp\u0113les vai galda sp\u0113les, lasot gr\u0101matu vai nodarbojoties ar cit\u0101m iecien\u012bt\u0101m aktivit\u0101t\u0113m. Tas ar\u012b lieliski piem\u0113rots m\u0101j\u012bg\u0101m tik\u0161an\u0101m ar draugiem vai ce\u013cojumiem dab\u0101, k\u0101 ar\u012b darbam pie datora.<br data-start=\"404\" data-end=\"407\" \/>\u2022 Pleds d\u017eemperis izce\u013cas ar pla\u0161iem un br\u012bviem izm\u0113riem, k\u0101 ar\u012b lielu kapuci, t\u0101p\u0113c \u0161is d\u017eemperis-pleds b\u016bs \u0113rts un m\u0101j\u012bgs gandr\u012bz jebkura auguma un uzb\u016bves cilv\u0113kam. Saliekot k\u0101jas, ar \u0161o pledu-d\u017eemperi j\u016bs viegli var\u0113siet apsegt visu \u0137ermeni!<br data-start=\"652\" data-end=\"655\" \/>\u2022 D\u017eemper\u012b ir liela, divpus\u0113ja kabata, kur\u0101 br\u012bvi var\u0113siet ievietot mobilo telefonu, TV pulti vai savas rokas.<\/p>\n<p data-start=\"769\" data-end=\"1140\">Liels silts pleds ir izgatavots no augstas kvalit\u0101tes 100% poliestera \u0161erpas, kas atg\u0101dina vilnu \u2013 tas ir silts un pat\u012bkams piesk\u0101rieniem, elpojo\u0161s, neburbu\u013cojo\u0161s, un kop\u0161ana nav sare\u017e\u0123\u012bta.<br data-start=\"958\" data-end=\"961\" \/>Tas var b\u016bt lieliska univers\u0101la d\u0101vana draudzenei, mammai, t\u0113tim, draugam vai citiem tuv\u0101kajiem cilv\u0113kiem Ziemassv\u0113tkos, Valent\u012bndien\u0101, dzim\u0161anas dien\u0101 vai citos \u012bpa\u0161os sv\u0113tkos.<\/p>\n<p data-start=\"1142\" data-end=\"1256\">Pirms pirm\u0101s valk\u0101\u0161anas ieteicams izmazg\u0101t d\u017eemperi-pledu. Pleds ir mazg\u0101jams ve\u013cas ma\u0161\u012bn\u0101 30 gr\u0101du temperat\u016br\u0101.<\/p>\n<p data-start=\"1258\" data-end=\"1352\" data-is-last-node=\"\" data-is-only-node=\"\">*\u0145emiet v\u0113r\u0101, ka ekr\u0101na iestat\u012bjumu d\u0113\u013c pre\u010du kr\u0101sa var nedaudz at\u0161\u0137irties no att\u0113l\u0101 redzam\u0101s.<\/p>","protected":false},"excerpt":{"rendered":"<h3>Siltas d\u017eemperis ar kapuci.<\/h3>\n<p>Univers\u0101ls \u2013 var izmantot gan k\u0101 d\u017eemperi, gan k\u0101 pledu.<br data-start=\"86\" data-end=\"89\" \/>Ir plata, divpus\u0113ja kabata, \u0113rts kapuci un pla\u0161as elast\u012bgas piedurknes.<br data-start=\"160\" data-end=\"163\" \/>Silts \u2013 sasild\u012bs no galvas l\u012bdz k\u0101j\u0101m.<br data-start=\"201\" data-end=\"204\" \/>Materi\u0101ls: 100% \u0161erpa poliesters \u2013 (\u0100r\u0113jais fl\u012bsa audums, iek\u0161puse \u0161erpa \u2013 vilnas imit\u0101cija).<br data-start=\"297\" data-end=\"300\" \/>Izm\u0113rs: der liel\u0101kajai da\u013cai cilv\u0113ku. Izm\u0113rus atrad\u012bsiet att\u0113lu sada\u013c\u0101.<br data-start=\"371\" data-end=\"374\" \/>Var mazg\u0101t ve\u013cas ma\u0161\u012bn\u0101 (30\u00b0C).<\/p>","protected":false},"featured_media":634,"comment_status":"open","ping_status":"closed","template":"","meta":{"_seopress_robots_primary_cat":"none","_seopress_titles_title":"\u010cak\u012b d\u017eemperis - sega %%sep%% %%sitetitle%%","_seopress_titles_desc":"Silts Chaki d\u017eemperis-pledas. Pledi d\u017eemperi ir lieliska d\u0101vana draudzenei vai draugam. Oversize d\u017eemperis. \u0100tra pieg\u0101de.","_seopress_robots_index":""},"product_brand":[],"product_cat":[18],"product_tag":[],"class_list":{"0":"post-631","1":"product","2":"type-product","3":"status-publish","4":"has-post-thumbnail","6":"product_cat-kapuces-sega","8":"first","9":"outofstock","10":"sale","11":"shipping-taxable","12":"purchasable","13":"product-type-simple"},"_links":{"self":[{"href":"https:\/\/melnalapsa.lv\/en\/wp-json\/wp\/v2\/product\/631","targetHints":{"allow":["GET"]}}],"collection":[{"href":"https:\/\/melnalapsa.lv\/en\/wp-json\/wp\/v2\/product"}],"about":[{"href":"https:\/\/melnalapsa.lv\/en\/wp-json\/wp\/v2\/types\/product"}],"replies":[{"embeddable":true,"href":"https:\/\/melnalapsa.lv\/en\/wp-json\/wp\/v2\/comments?post=631"}],"wp:featuredmedia":[{"embeddable":true,"href":"https:\/\/melnalapsa.lv\/en\/wp-json\/wp\/v2\/media\/634"}],"wp:attachment":[{"href":"https:\/\/melnalapsa.lv\/en\/wp-json\/wp\/v2\/media?parent=631"}],"wp:term":[{"taxonomy":"product_brand","embeddable":true,"href":"https:\/\/melnalapsa.lv\/en\/wp-json\/wp\/v2\/product_brand?post=631"},{"taxonomy":"product_cat","embeddable":true,"href":"https:\/\/melnalapsa.lv\/en\/wp-json\/wp\/v2\/product_cat?post=631"},{"taxonomy":"product_tag","embeddable":true,"href":"https:\/\/melnalapsa.lv\/en\/wp-json\/wp\/v2\/product_tag?post=631"}],"curies":[{"name":"wp","href":"https:\/\/api.w.org\/{rel}","templated":true}]}}