{"id":623,"date":"2025-03-17T22:24:26","date_gmt":"2025-03-17T20:24:26","guid":{"rendered":"https:\/\/melnalapsa.lv\/?post_type=product&#038;p=623"},"modified":"2025-12-14T23:15:56","modified_gmt":"2025-12-14T21:15:56","slug":"dzemperis-sega-shiba","status":"publish","type":"product","link":"https:\/\/melnalapsa.lv\/en\/product\/dzemperis-sega-shiba\/","title":{"rendered":"D\u017eemperis-sega Shiba"},"content":{"rendered":"<h2 data-start=\"12\" data-end=\"795\"><strong data-start=\"12\" data-end=\"53\">D\u017eemperis-sega ar kuc\u0113nu ilustr\u0101cij\u0101m<\/strong><\/h2>\n<p data-start=\"12\" data-end=\"795\">Univers\u0101la izm\u0113ra d\u017eemperis-sega, kas j\u016bsu m\u0101j\u0101s pie\u0161\u0137irs v\u0113l vair\u0101k m\u0101j\u012bguma un siltuma. D\u017eemperis, kas j\u016bs sild\u012bs un neierobe\u017eos, pavadot laiku m\u0101j\u0101s uz d\u012bv\u0101na, skatoties televizoru, sp\u0113l\u0113jot video sp\u0113les vai galda sp\u0113les, lasot gr\u0101matu vai nodarbojoties ar cit\u0101m iecien\u012bt\u0101m aktivit\u0101t\u0113m. T\u0101pat lieliski der\u0113s m\u0101j\u012bgajos br\u012b\u017eos ar draugiem un dab\u0101 ce\u013cojot vai str\u0101d\u0101jot pie datora.<br data-start=\"437\" data-end=\"440\" \/>\u2022 D\u017eemperis-sega izce\u013cas ar pla\u0161iem, br\u012bviem izm\u0113riem un lielu kapuci, t\u0101p\u0113c ar \u0161o d\u017eemperi-segu m\u0101j\u012bg\u0101 saj\u016bt\u0101 jut\u012bsies gandr\u012bz jebkura auguma un \u0137erme\u0146a uzb\u016bves cilv\u0113ks. Salokot k\u0101jas, ar \u0161o d\u017eemperi-segu var\u0113sit viegli aizsegt visu \u0137ermeni!<br data-start=\"682\" data-end=\"685\" \/>\u2022 D\u017eemper\u012b ir liela, divpus\u0113ja kabata, kur\u0101 viegli var ievietot mobilos telefonus, TV pulti vai savas rokas.<\/p>\n<p data-start=\"797\" data-end=\"1165\">Liel\u0101 silta sega ir izgatavota no augstas kvalit\u0101tes 100% poliestera \u2013 \u0161erpas, kas atg\u0101dina vilnu \u2013 ir silta un pat\u012bkama piesk\u0101rieniem, elpojo\u0161a, nelob\u0101s un vienlaikus t\u0101s kop\u0161ana nav sare\u017e\u0123\u012bta.<br data-start=\"991\" data-end=\"994\" \/>T\u0101 var b\u016bt lieliska univers\u0101la d\u0101vana draudzenei, mammai, t\u0113tim, draugam un citiem tuviem cilv\u0113kiem Ziemassv\u0113tkos, Valent\u012bndien\u0101, dzim\u0161anas dien\u0101 vai citos \u012bpa\u0161os sv\u0113tkos.<\/p>\n<p data-start=\"1167\" data-end=\"1274\">Pirms pirm\u0101s valk\u0101\u0161anas ieteicams izmazg\u0101t d\u017eemperi-segu. To var mazg\u0101t ve\u013casma\u0161\u012bn\u0101 30\u00b0C \u016bdens temperat\u016br\u0101.<\/p>\n<p data-start=\"1276\" data-end=\"1389\" data-is-last-node=\"\" data-is-only-node=\"\">*D\u0113\u013c iesp\u0113jamiem ekr\u0101na iz\u0161\u0137irtsp\u0113jas iestat\u012bjumiem re\u0101l\u0101 preces kr\u0101sa var nedaudz at\u0161\u0137irties no att\u0113l\u0101 redzam\u0101s.<\/p>","protected":false},"excerpt":{"rendered":"<h3><strong data-start=\"12\" data-end=\"36\">Silts d\u017eemperis-sega<\/strong><\/h3>\n<p>Kr\u0101sa \u2013 oran\u017ea.<br data-start=\"54\" data-end=\"57\" \/>Univers\u0101ls \u2013 var izmantot gan k\u0101 d\u017eemperi, gan k\u0101 segu.<br data-start=\"112\" data-end=\"115\" \/>Tam ir plata, divpus\u0113ja kabata, \u0113rta kapuce un platas elast\u012bgas piedurknes.<br data-start=\"190\" data-end=\"193\" \/>Silts \u2013 sasild\u012bs no galvas l\u012bdz k\u0101j\u0101m.<br data-start=\"231\" data-end=\"234\" \/><strong data-start=\"234\" data-end=\"248\">Materi\u0101ls:<\/strong> 100% \u0161erpa poliesters \u2013 (\u0101rpuse \u2013 fl\u012bsa audums, iek\u0161puse \u2013 \u0161erpa, vilnas imit\u0101cija).<br data-start=\"333\" data-end=\"336\" \/><strong data-start=\"336\" data-end=\"347\">Izm\u0113rs:<\/strong> der liel\u0101kajai da\u013cai cilv\u0113ku. Izm\u0113rus skatiet att\u0113lu sada\u013c\u0101.<br data-start=\"408\" data-end=\"411\" \/>Var mazg\u0101t ve\u013casma\u0161\u012bn\u0101 (30\u00b0C).<\/p>","protected":false},"featured_media":628,"comment_status":"open","ping_status":"closed","template":"","meta":{"_seopress_robots_primary_cat":"none","_seopress_titles_title":"D\u017eemperis-sega Shiba %%sep%% %%sitetitle%%","_seopress_titles_desc":"Liels, silts d\u017eemperis ar kuc\u0113niem. D\u017eemperi-segas lielas ATLAIDES. Lab\u0101kais kvalit\u0101tes un cenas attiec\u012bba. \u0100tra pieg\u0101de.","_seopress_robots_index":""},"product_brand":[],"product_cat":[18],"product_tag":[],"class_list":{"0":"post-623","1":"product","2":"type-product","3":"status-publish","4":"has-post-thumbnail","6":"product_cat-kapuces-sega","8":"first","9":"outofstock","10":"sale","11":"shipping-taxable","12":"purchasable","13":"product-type-simple"},"_links":{"self":[{"href":"https:\/\/melnalapsa.lv\/en\/wp-json\/wp\/v2\/product\/623","targetHints":{"allow":["GET"]}}],"collection":[{"href":"https:\/\/melnalapsa.lv\/en\/wp-json\/wp\/v2\/product"}],"about":[{"href":"https:\/\/melnalapsa.lv\/en\/wp-json\/wp\/v2\/types\/product"}],"replies":[{"embeddable":true,"href":"https:\/\/melnalapsa.lv\/en\/wp-json\/wp\/v2\/comments?post=623"}],"wp:featuredmedia":[{"embeddable":true,"href":"https:\/\/melnalapsa.lv\/en\/wp-json\/wp\/v2\/media\/628"}],"wp:attachment":[{"href":"https:\/\/melnalapsa.lv\/en\/wp-json\/wp\/v2\/media?parent=623"}],"wp:term":[{"taxonomy":"product_brand","embeddable":true,"href":"https:\/\/melnalapsa.lv\/en\/wp-json\/wp\/v2\/product_brand?post=623"},{"taxonomy":"product_cat","embeddable":true,"href":"https:\/\/melnalapsa.lv\/en\/wp-json\/wp\/v2\/product_cat?post=623"},{"taxonomy":"product_tag","embeddable":true,"href":"https:\/\/melnalapsa.lv\/en\/wp-json\/wp\/v2\/product_tag?post=623"}],"curies":[{"name":"wp","href":"https:\/\/api.w.org\/{rel}","templated":true}]}}