{"id":601,"date":"2025-03-14T15:57:01","date_gmt":"2025-03-14T13:57:01","guid":{"rendered":"https:\/\/melnalapsa.lv\/?post_type=product&#038;p=601"},"modified":"2025-05-07T15:10:07","modified_gmt":"2025-05-07T12:10:07","slug":"19mm-zida-spilvena-parvalks-50x70cm-tibetan-blue","status":"publish","type":"product","link":"https:\/\/melnalapsa.lv\/en\/product\/19mm-zida-spilvena-parvalks-50x70cm-tibetan-blue\/","title":{"rendered":"19mm Z\u012bda spilvena p\u0101rvalks 50x70cm Tibetan Blue"},"content":{"rendered":"<h2 data-start=\"0\" data-end=\"124\">Nat\u016br\u0101la z\u012bda spilvendr\u0101na \u2013 maigs grezn\u012bbas piesk\u0101riens. Bag\u0101t\u012bga, dzi\u013ca zil\u0101 nokr\u0101sa, kas pie\u0161\u0137ir mieru un izsmalcin\u0101t\u012bbu.<\/h2>\n<p data-start=\"126\" data-end=\"719\">Elegances un komforta apvienojums, izgatavots no A6 klases Mulberry z\u012bda, 19 mm bl\u012bvuma. Spilvendr\u0101nas izm\u0113ri: 50 cm x 70 cm. Sp\u012bd\u012bgais z\u012bda p\u0101rvalks izstaro ne tikai izcilu mirdzumu, bet ar\u012b, at\u0161\u0137ir\u012bb\u0101 no citiem audumiem, pied\u0101v\u0101 daudzas priek\u0161roc\u012bbas. Audums ir hipoaler\u0123isks, t\u0101d\u0113j\u0101di piem\u0113rots cilv\u0113kiem ar jut\u012bgu \u0101du un aler\u0123ij\u0101m. Z\u012bds ir elpojo\u0161s audums, t\u0101p\u0113c to var lietot visa gada garum\u0101. T\u0101 mitruma saglab\u0101\u0161anas \u012bpa\u0161\u012bbas un auduma maigums\/slidums samazina berzi, nesausina \u0101du, t\u0101d\u0113j\u0101di var tikt izmantots k\u0101 da\u013c\u0113js profilakses l\u012bdzeklis pret \u0101das grumb\u0101m un matu \u0161\u0137el\u0161anos, l\u016b\u0161anu.<\/p>\n<p data-start=\"721\" data-end=\"892\">\u0112rta lieto\u0161ana \u2013 spilvendr\u0101na apr\u012bkota ar sl\u0113ptu r\u0101v\u0113jsl\u0113dz\u0113ju, kas padara spilvena ievilk\u0161anu vienk\u0101r\u0161u procesu, un pats r\u0101v\u0113jsl\u0113dz\u0113js nek\u013c\u016bs, gu\u013cot uz ievilkta spilvena.<\/p>\n<p data-start=\"894\" data-end=\"1286\">Piez\u012bme \u2013 z\u012bda izstr\u0101d\u0101jumi ir izgatavoti no augst\u0101k\u0101s A6 klases z\u012bdkoka (Mulberry) z\u012bda bez jebk\u0101diem citiem ra\u017eo\u0161anas piemais\u012bjumiem, iz\u0146emot dabiskos kr\u0101svielas. Lai nesaboj\u0101tu vai nesaboj\u0101tu z\u012bda audumu, to var mazg\u0101t tikai ar rok\u0101m un v\u0113s\u0101 \u016bden\u012b vai ve\u013cas ma\u0161\u012bn\u0101 ar speci\u0101lu funkciju. Nav ieteicams: lietot balin\u0101t\u0101jus, sauso t\u012br\u012b\u0161anu, dr\u0113bju \u017e\u0101v\u0113t\u0101ju, gludin\u0101t ar gludekli.<\/p>\n<p data-start=\"1288\" data-end=\"1536\">\u0160\u012b spilvendr\u0101na var b\u016bt atbilde uz jaut\u0101jumu, ko d\u0101vin\u0101t mammai, m\u0101sai, citam tuviniekam vai draugiem \u012bpa\u0161os gad\u012bjumos. Z\u012bda spilvendr\u0101na \u2013 praktiska d\u0101vana, kas ne tikai izstaro eleganci, bet ar\u012b ir noder\u012bga. Iepakota grezn\u0101 balt\u0101 kartona kast\u012bt\u0113.<\/p>\n<p data-start=\"1538\" data-end=\"1696\">Z\u012bda spilvendr\u0101nas ir ar OEKO-TEX\u00ae 100 sertifik\u0101tu, kas nodro\u0161ina, ka spilvendr\u0101na ir izgatavota tikai no dab\u012bgiem, cilv\u0113ka vesel\u012bbai nekait\u012bgiem materi\u0101liem.<\/p>\n<p data-start=\"1698\" data-end=\"1804\">*J\u016bsu ekr\u0101na iz\u0161\u0137irtsp\u0113jas iestat\u012bjumu d\u0113\u013c faktisk\u0101 pre\u010du kr\u0101sa var nedaudz at\u0161\u0137irties no att\u0113l\u0101 redzam\u0101s.<\/p>","protected":false},"excerpt":{"rendered":"<h3 data-start=\"0\" data-end=\"78\">1 gab. Z\u012bda spilvendr\u0101na \u2013 ne tikai grezns, bet ar\u012b noder\u012bgs izv\u0113le j\u016bsu \u0101dai.<\/h3>\n<p data-start=\"80\" data-end=\"350\">Izgatavots no 100% dab\u012bga 6A klases Mulberry z\u012bda auduma, kas, iz\u0146emot maigumu un ilgm\u016b\u017e\u012bbu, ir ar\u012b daudzas citas noder\u012bgas \u012bpa\u0161\u012bbas.<br \/>\n\u2022 Momu \u2013 tas ir z\u012bda svara un bl\u012bvuma m\u0113rs, 19 momu z\u012bds ir viegl\u0101ks un pl\u0101n\u0101ks, ta\u010du maigs un m\u012bksts, pat\u012bkami j\u016btas uz \u0101das un matiem.<\/p>\n<p data-start=\"352\" data-end=\"406\">Izm\u0113ri: 50 cm x 70 cm (piem\u0113rots standarta spilveniem)<\/p>\n<p data-start=\"408\" data-end=\"427\">Momu skaits \u2013 19 mm<\/p>\n<p data-start=\"429\" data-end=\"440\">Kr\u0101sa: Zila<\/p>\n<p data-start=\"442\" data-end=\"467\">\u2714 Ar sl\u0113pto r\u0101v\u0113jsl\u0113dz\u0113ju<\/p>\n<p data-start=\"469\" data-end=\"487\">\u2714 Iepakots kast\u012bt\u0113<\/p>\n<p data-start=\"489\" data-end=\"514\" data-is-last-node=\"\" data-is-only-node=\"\">\u2714 OEKO-TEX\u00ae standarts 100<\/p>","protected":false},"featured_media":605,"comment_status":"open","ping_status":"closed","template":"","meta":{"_seopress_robots_primary_cat":"none","_seopress_titles_title":"Z\u012bda spilvena p\u0101rvalks 50x70 Tibetan Blue %%sep%% %%sitetitle%%","_seopress_titles_desc":"M\u0113lnais z\u012bda spilvendr\u0101na \u2013 ne tikai grezns, bet ar\u012b noder\u012bgs izv\u0113le j\u016bsu \u0101dai. \u0100trs pieg\u0101des laiks. ATLAIDES.","_seopress_robots_index":""},"product_brand":[],"product_cat":[96,57,94],"product_tag":[],"class_list":{"0":"post-601","1":"product","2":"type-product","3":"status-publish","4":"has-post-thumbnail","6":"product_cat-19-mom","7":"product_cat-zida-izstradajumi","8":"product_cat-zida-spilvenu-parvalki","10":"first","11":"instock","12":"sale","13":"shipping-taxable","14":"purchasable","15":"product-type-simple"},"_links":{"self":[{"href":"https:\/\/melnalapsa.lv\/en\/wp-json\/wp\/v2\/product\/601","targetHints":{"allow":["GET"]}}],"collection":[{"href":"https:\/\/melnalapsa.lv\/en\/wp-json\/wp\/v2\/product"}],"about":[{"href":"https:\/\/melnalapsa.lv\/en\/wp-json\/wp\/v2\/types\/product"}],"replies":[{"embeddable":true,"href":"https:\/\/melnalapsa.lv\/en\/wp-json\/wp\/v2\/comments?post=601"}],"wp:featuredmedia":[{"embeddable":true,"href":"https:\/\/melnalapsa.lv\/en\/wp-json\/wp\/v2\/media\/605"}],"wp:attachment":[{"href":"https:\/\/melnalapsa.lv\/en\/wp-json\/wp\/v2\/media?parent=601"}],"wp:term":[{"taxonomy":"product_brand","embeddable":true,"href":"https:\/\/melnalapsa.lv\/en\/wp-json\/wp\/v2\/product_brand?post=601"},{"taxonomy":"product_cat","embeddable":true,"href":"https:\/\/melnalapsa.lv\/en\/wp-json\/wp\/v2\/product_cat?post=601"},{"taxonomy":"product_tag","embeddable":true,"href":"https:\/\/melnalapsa.lv\/en\/wp-json\/wp\/v2\/product_tag?post=601"}],"curies":[{"name":"wp","href":"https:\/\/api.w.org\/{rel}","templated":true}]}}