{"id":596,"date":"2025-03-14T15:35:21","date_gmt":"2025-03-14T13:35:21","guid":{"rendered":"https:\/\/melnalapsa.lv\/?post_type=product&#038;p=596"},"modified":"2025-05-07T15:03:27","modified_gmt":"2025-05-07T12:03:27","slug":"19mm-zida-parvalks-spilvenam-50x70cm-green-pea","status":"publish","type":"product","link":"https:\/\/melnalapsa.lv\/en\/product\/19mm-zida-parvalks-spilvenam-50x70cm-green-pea\/","title":{"rendered":"19mm Z\u012bda p\u0101rvalks spilvenam 50x70cm Green Pea"},"content":{"rendered":"<h2 data-start=\"0\" data-end=\"716\">Dabiskais z\u012bda p\u0101rvalks spilvenam \u2013 maigs grezn\u012bbas piesk\u0101riens. Smalks, dab\u012bgs za\u013cais tonis pie\u0161\u0137irs maigumu un harmoniju.<\/h2>\n<p data-start=\"0\" data-end=\"716\"><br data-start=\"117\" data-end=\"120\" \/>Elegances un komforta apvienojums, izgatavots no A6 klases Mulberry z\u012bda, 19 mm bl\u012bvuma. Spilvendr\u0101nas izm\u0113ri: 50 cm x 70 cm. Spilgt\u0101 z\u012bda spilvendr\u0101na ne tikai izstaro izcilu sp\u012bdumu, bet ar\u012b, at\u0161\u0137ir\u012bb\u0101 no citiem audumiem, sniedz daudz priek\u0161roc\u012bbu. Audums ir hipoaler\u0123isks, t\u0101p\u0113c piem\u0113rots cilv\u0113kiem ar jut\u012bgu \u0101du un aler\u0123ij\u0101m. Z\u012bds ir elpojo\u0161s audums, t\u0101p\u0113c to var lietot visos gadalaikos. Pateicoties sav\u0101m \u012bpa\u0161\u012bb\u0101m saglab\u0101t mitrumu un auduma maigumam\/slidumam, tas izraisa maz\u0101ku berzi, neiz\u017e\u016bst \u0101du, t\u0101d\u0113j\u0101di var kalpot k\u0101 da\u013c\u0113ja prevencija pret \u0101das grumb\u0101m un matu l\u016bzumiem, v\u0113rp\u0161anu.<\/p>\n<p data-start=\"718\" data-end=\"907\">\u0112rta lieto\u0161ana \u2013 spilvendr\u0101na ir apr\u012bkota ar sl\u0113ptu r\u0101v\u0113jsl\u0113dz\u0113ju, kas padara spilvena ievilk\u0161anu vienk\u0101r\u0161u procesu, un taj\u0101 pa\u0161\u0101 laik\u0101 r\u0101v\u0113jsl\u0113dz\u0113js netrauc\u0113, gu\u013cot uz ievilkt\u0101 spilvena.<\/p>\n<p data-start=\"909\" data-end=\"1311\">Piez\u012bme \u2013 juodalape.lt z\u012bda izstr\u0101d\u0101jumi ir izgatavoti no augst\u0101k\u0101s A6 klases z\u012bda (Mulberry) bez citiem ra\u017eo\u0161anas piemais\u012bjumiem, iz\u0146emot dabiskos kr\u0101svielas. Lai nesaboj\u0101tu vai neizn\u012bcin\u0101tu z\u012bda audumu, to var mazg\u0101t tikai ar rok\u0101m un v\u0113s\u0101 \u016bden\u012b vai izmantot speci\u0101lu funkciju ve\u013cas mazg\u0101jamaj\u0101 ma\u0161\u012bn\u0101. Nav at\u013cauts: lietot balin\u0101t\u0101jus, saus\u0101s t\u012br\u012b\u0161anas, \u017e\u0101v\u0113t dr\u0113bju \u017e\u0101v\u0113t\u0101j\u0101, gludin\u0101t ar gludekli.<\/p>\n<p data-start=\"1313\" data-end=\"1563\">\u0160\u012b spilvendr\u0101na var b\u016bt atbilde uz jaut\u0101jumu, ko d\u0101vin\u0101t mammai, m\u0101sai, citam tuviniekam vai draugiem \u012bpa\u0161os gad\u012bjumos. Z\u012bda spilvendr\u0101na ir praktiska d\u0101vana, kas ne tikai izstaro eleganci, bet ir ar\u012b noder\u012bga. Iepakota cietaj\u0101 balt\u0101 kartona kast\u0113.<\/p>\n<p data-start=\"1565\" data-end=\"1716\">Z\u012bda spilvendr\u0101nas ir sa\u0146\u0113mu\u0161as OEKO-TEX\u00ae 100 sertifik\u0101tu, kas garant\u0113, ka spilvendr\u0101na ir izgatavota tikai no dabisk\u0101m, cilv\u0113kam dro\u0161\u0101m materi\u0101liem.<\/p>\n<ul data-start=\"1718\" data-end=\"1820\" data-is-last-node=\"\" data-is-only-node=\"\">\n<li data-start=\"1718\" data-end=\"1820\" data-is-last-node=\"\">\u0145emot v\u0113r\u0101 j\u016bsu ekr\u0101na iz\u0161\u0137irtsp\u0113ju, re\u0101l\u0101 preces kr\u0101sa var nedaudz at\u0161\u0137irties no att\u0113l\u0101 redzam\u0101s.<\/li>\n<\/ul>","protected":false},"excerpt":{"rendered":"<h3 data-start=\"0\" data-end=\"359\">1 gab. Z\u012bda spilvendr\u0101na \u2013 ne tikai grezn\u012bba, bet ar\u012b noder\u012bga izv\u0113le j\u016bsu \u0101dai.<\/h3>\n<p data-start=\"0\" data-end=\"359\"><br data-start=\"80\" data-end=\"83\" \/>Izgatavota no 100% dab\u012bga 6A klases Mulberry z\u012bda auduma, kas papildus maigumam un ilgm\u016b\u017e\u012bbai pied\u0101v\u0101 daudzas citas noder\u012bgas \u012bpa\u0161\u012bbas.<br data-start=\"218\" data-end=\"221\" \/>\u2022 Momme \u2013 z\u012bda svara un bl\u012bvuma m\u0113rvien\u012bba, 19 momme z\u012bds ir viegl\u0101ks un pl\u0101n\u0101ks, tom\u0113r maigs un m\u012bksts, pat\u012bkami piegu\u013c \u0101dai un matiem.<\/p>\n<p data-start=\"361\" data-end=\"417\">Izm\u0113ri: 50 cm * 70 cm (piem\u0113rots standarta spilveniem)<\/p>\n<p data-start=\"419\" data-end=\"441\">Momme skaits \u2013 19 mm<\/p>\n<p data-start=\"443\" data-end=\"462\">Kr\u0101sa: Gai\u0161i za\u013ca<\/p>\n<p data-start=\"464\" data-end=\"537\" data-is-last-node=\"\" data-is-only-node=\"\">\u2714 Ar sl\u0113ptu r\u0101v\u0113jsl\u0113dz\u0113ju<br data-start=\"489\" data-end=\"492\" \/>\u2714 Iepakots kast\u012bt\u0113<br data-start=\"510\" data-end=\"513\" \/>\u2714 OEKO-TEX\u00ae standard 100<\/p>","protected":false},"featured_media":599,"comment_status":"open","ping_status":"closed","template":"","meta":{"_seopress_robots_primary_cat":"none","_seopress_titles_title":"Z\u012bda p\u0101rvalks spilvenam 50x70 Pea %%sep%% melnalapsa.lv","_seopress_titles_desc":"Za\u013c\u0161 z\u012bda spilvendr\u0101na \u2013 ne tikai grezn\u012bba, bet ar\u012b noder\u012bga izv\u0113le j\u016bsu \u0101dai. Laba d\u0101vana sev un citiem.","_seopress_robots_index":""},"product_brand":[],"product_cat":[96,57,94],"product_tag":[],"class_list":{"0":"post-596","1":"product","2":"type-product","3":"status-publish","4":"has-post-thumbnail","6":"product_cat-19-mom","7":"product_cat-zida-izstradajumi","8":"product_cat-zida-spilvenu-parvalki","10":"first","11":"instock","12":"sale","13":"shipping-taxable","14":"purchasable","15":"product-type-simple"},"_links":{"self":[{"href":"https:\/\/melnalapsa.lv\/en\/wp-json\/wp\/v2\/product\/596","targetHints":{"allow":["GET"]}}],"collection":[{"href":"https:\/\/melnalapsa.lv\/en\/wp-json\/wp\/v2\/product"}],"about":[{"href":"https:\/\/melnalapsa.lv\/en\/wp-json\/wp\/v2\/types\/product"}],"replies":[{"embeddable":true,"href":"https:\/\/melnalapsa.lv\/en\/wp-json\/wp\/v2\/comments?post=596"}],"wp:featuredmedia":[{"embeddable":true,"href":"https:\/\/melnalapsa.lv\/en\/wp-json\/wp\/v2\/media\/599"}],"wp:attachment":[{"href":"https:\/\/melnalapsa.lv\/en\/wp-json\/wp\/v2\/media?parent=596"}],"wp:term":[{"taxonomy":"product_brand","embeddable":true,"href":"https:\/\/melnalapsa.lv\/en\/wp-json\/wp\/v2\/product_brand?post=596"},{"taxonomy":"product_cat","embeddable":true,"href":"https:\/\/melnalapsa.lv\/en\/wp-json\/wp\/v2\/product_cat?post=596"},{"taxonomy":"product_tag","embeddable":true,"href":"https:\/\/melnalapsa.lv\/en\/wp-json\/wp\/v2\/product_tag?post=596"}],"curies":[{"name":"wp","href":"https:\/\/api.w.org\/{rel}","templated":true}]}}