{"id":585,"date":"2025-03-14T15:06:21","date_gmt":"2025-03-14T13:06:21","guid":{"rendered":"https:\/\/melnalapsa.lv\/?post_type=product&#038;p=585"},"modified":"2025-05-07T15:08:20","modified_gmt":"2025-05-07T12:08:20","slug":"zida-spilvendrana-50x70-cm-copper","status":"publish","type":"product","link":"https:\/\/melnalapsa.lv\/en\/product\/zida-spilvendrana-50x70-cm-copper\/","title":{"rendered":"19mm Z\u012bda spilvendr\u0101na 50&#215;70 cm Copper"},"content":{"rendered":"<h3 data-start=\"0\" data-end=\"174\">Vara kr\u0101sas z\u012bda spilvendr\u0101na ide\u0101li piem\u0113rota greznam un m\u0101j\u012bgam interjeram, pie\u0161\u0137irs siltumu un eleganci, lieliski sader\u0113s ar zemes to\u0146iem, koku, zelta vai tum\u0161\u0101m kr\u0101s\u0101m.<\/h3>\n<p data-start=\"176\" data-end=\"306\">Elegances un komforta apvienojums \u2013 izgatavots no A6 klases Mulberry z\u012bda ar 19 mm bl\u012bvumu. Spilvendr\u0101nas izm\u0113ri: 50 cm x 70 cm.<\/p>\n<p data-start=\"308\" data-end=\"773\">Sp\u012bd\u012bg\u0101 z\u012bda spilvendr\u0101na ne tikai pie\u0161\u0137ir izcilu mirdzumu, bet, at\u0161\u0137ir\u012bb\u0101 no citiem audumiem, pied\u0101v\u0101 daudzas priek\u0161roc\u012bbas. Audums ir hipoaler\u0123isks, t\u0101p\u0113c piem\u0113rots cilv\u0113kiem ar jut\u012bgu \u0101du un aler\u0123ij\u0101m. Z\u012bds ir elpojo\u0161s audums, kas piem\u0113rots lieto\u0161anai visos gadalaikos. Pateicoties t\u0101 sp\u0113jai saglab\u0101t mitrumu un materi\u0101la maigumam\/sl\u012bdam\u012bbai, tas samazina berzi, neizsausina \u0101du un t\u0101d\u0113j\u0101di var pal\u012bdz\u0113t nov\u0113rst grumbu veido\u0161anos, matu \u0161\u0137el\u0161anos un savel\u0161anos.<\/p>\n<p data-start=\"775\" data-end=\"892\">\u0112rta lieto\u0161ana \u2013 spilvendr\u0101nai ir sl\u0113pts r\u0101v\u0113jsl\u0113dz\u0113js, kas atvieglo t\u0101s uzvilk\u0161anu un neizraisa diskomfortu gu\u013cot.<\/p>\n<p data-start=\"894\" data-end=\"1314\">Piez\u012bme \u2013\u00a0 z\u012bda izstr\u0101d\u0101jumi ir izgatavoti no augst\u0101k\u0101s kvalit\u0101tes A6 klases Mulberry z\u012bda bez jebk\u0101d\u0101m cit\u0101m r\u016bpniecisk\u0101m piedev\u0101m, iz\u0146emot dab\u012bg\u0101s kr\u0101svielas. Lai nesaboj\u0101tu vai neietekm\u0113tu auduma \u012bpa\u0161\u012bbas, mazg\u0101\u0161ana iesp\u0113jama tikai ar rok\u0101m v\u0113s\u0101 \u016bden\u012b vai ve\u013cas ma\u0161\u012bn\u0101 ar \u012bpa\u0161u z\u012bdam paredz\u0113tu programmu. Nav at\u013cauts: izmantot balin\u0101t\u0101ju, \u0137\u012bmisko t\u012br\u012b\u0161anu, \u017e\u0101v\u0113t ve\u013cas \u017e\u0101v\u0113t\u0101j\u0101 vai gludin\u0101t ar gludekli.<\/p>\n<p data-start=\"1316\" data-end=\"1501\">\u0160\u012b spilvendr\u0101na var b\u016bt ide\u0101la d\u0101vana mammai, m\u0101sai, tuviniekam vai draugiem \u012bpa\u0161\u0101 notikum\u0101. Z\u012bda spilvendr\u0101na \u2013 praktiska un eleganta d\u0101vana. Iepakota elegant\u0101 balt\u0101 kartona kast\u012bt\u0113.<\/p>\n<p data-start=\"1503\" data-end=\"1662\"><strong>Z\u012bda spilvendr\u0101nas ir sertific\u0113tas ar OEKO-TEX\u00ae 100, kas garant\u0113, ka izstr\u0101d\u0101jums ir izgatavots tikai no dab\u012bgiem, cilv\u0113ka vesel\u012bbai nekait\u012bgiem materi\u0101liem.<\/strong><\/p>\n<p data-start=\"1664\" data-end=\"1766\" data-is-last-node=\"\" data-is-only-node=\"\">*Ekr\u0101na iz\u0161\u0137irtsp\u0113jas iestat\u012bjumu d\u0113\u013c faktisk\u0101 preces kr\u0101sa var nedaudz at\u0161\u0137irties no att\u0113l\u0101 redzam\u0101s.<\/p>","protected":false},"excerpt":{"rendered":"<h2 data-start=\"0\" data-end=\"233\">1 gab. Z\u012bda spilvendr\u0101na \u2013 ne tikai grezn\u012bba, bet ar\u012b maiga aizsardz\u012bba Tavai \u0101dai un matiem.<\/h2>\n<p data-start=\"0\" data-end=\"233\">Izgatavota no 100% dab\u012bga 6A klases Mulberry z\u012bda auduma, kas papildus maigumam un ilgm\u016b\u017e\u012bbai pied\u0101v\u0101 daudzas citas noder\u012bgas \u012bpa\u0161\u012bbas.<\/p>\n<p data-start=\"235\" data-end=\"373\">\u2022 Momme \u2013 z\u012bda svara un bl\u012bvuma m\u0113rvien\u012bba. 19 momme z\u012bds ir viegl\u0101ks un pl\u0101n\u0101ks, tom\u0113r maigs un m\u012bksts, pat\u012bkami piegu\u013c \u0101dai un matiem.<\/p>\n<p data-start=\"375\" data-end=\"431\">Izm\u0113ri: 50 cm * 70 cm (piem\u0113rots standarta spilveniem)<\/p>\n<p data-start=\"433\" data-end=\"455\">Momme skaits \u2013 19 mm<\/p>\n<p data-start=\"457\" data-end=\"470\">Kr\u0101sa: Vara<\/p>\n<p data-start=\"472\" data-end=\"545\" data-is-only-node=\"\" data-is-last-node=\"\">\u2714 ar sl\u0113ptu r\u0101v\u0113jsl\u0113dz\u0113ju<br data-start=\"497\" data-end=\"500\" \/>\u2714 iepakots kast\u012bt\u0113<br data-start=\"518\" data-end=\"521\" \/>\u2714 OEKO-TEX\u00ae standard 100<\/p>","protected":false},"featured_media":588,"comment_status":"open","ping_status":"closed","template":"","meta":{"_seopress_robots_primary_cat":"none","_seopress_titles_title":"Z\u012bda spilvendr\u0101na 50x70 cm Copper %%sep%% %%sitetitle%%","_seopress_titles_desc":"Dab\u012bg\u0101 z\u012bda spilvendr\u0101na \u2013 ne tikai grezn\u012bba, bet ar\u012b maiga aizsardz\u012bba Tavai \u0101dai un matiem. \u0100tra pieg\u0101de.","_seopress_robots_index":""},"product_brand":[],"product_cat":[96,57,94],"product_tag":[],"class_list":{"0":"post-585","1":"product","2":"type-product","3":"status-publish","4":"has-post-thumbnail","6":"product_cat-19-mom","7":"product_cat-zida-izstradajumi","8":"product_cat-zida-spilvenu-parvalki","10":"first","11":"instock","12":"sale","13":"shipping-taxable","14":"purchasable","15":"product-type-simple"},"_links":{"self":[{"href":"https:\/\/melnalapsa.lv\/en\/wp-json\/wp\/v2\/product\/585","targetHints":{"allow":["GET"]}}],"collection":[{"href":"https:\/\/melnalapsa.lv\/en\/wp-json\/wp\/v2\/product"}],"about":[{"href":"https:\/\/melnalapsa.lv\/en\/wp-json\/wp\/v2\/types\/product"}],"replies":[{"embeddable":true,"href":"https:\/\/melnalapsa.lv\/en\/wp-json\/wp\/v2\/comments?post=585"}],"wp:featuredmedia":[{"embeddable":true,"href":"https:\/\/melnalapsa.lv\/en\/wp-json\/wp\/v2\/media\/588"}],"wp:attachment":[{"href":"https:\/\/melnalapsa.lv\/en\/wp-json\/wp\/v2\/media?parent=585"}],"wp:term":[{"taxonomy":"product_brand","embeddable":true,"href":"https:\/\/melnalapsa.lv\/en\/wp-json\/wp\/v2\/product_brand?post=585"},{"taxonomy":"product_cat","embeddable":true,"href":"https:\/\/melnalapsa.lv\/en\/wp-json\/wp\/v2\/product_cat?post=585"},{"taxonomy":"product_tag","embeddable":true,"href":"https:\/\/melnalapsa.lv\/en\/wp-json\/wp\/v2\/product_tag?post=585"}],"curies":[{"name":"wp","href":"https:\/\/api.w.org\/{rel}","templated":true}]}}