{"id":536,"date":"2025-02-21T16:52:13","date_gmt":"2025-02-21T14:52:13","guid":{"rendered":"https:\/\/melnalapsa.lv\/?post_type=product&#038;p=536"},"modified":"2025-12-14T23:16:08","modified_gmt":"2025-12-14T21:16:08","slug":"segas-dzemperis-miau","status":"publish","type":"product","link":"https:\/\/melnalapsa.lv\/en\/product\/segas-dzemperis-miau\/","title":{"rendered":"Segas d\u017eemperis MIAU"},"content":{"rendered":"<h2 data-start=\"0\" data-end=\"39\">Segas d\u017eemperis ar ka\u0137\u0113nu ilustr\u0101cij\u0101m.<\/h2>\n<p data-start=\"41\" data-end=\"755\">Univers\u0101ls izm\u0113rs \u2013 segu d\u017eemperis, kas j\u016bsu m\u0101j\u0101s pie\u0161\u0137irs v\u0113l vair\u0101k m\u0101j\u012bguma un siltuma. D\u017eemperis, kas j\u016bs sild\u012bs un nesaspringst, pavadot laiku m\u0101j\u0101s uz d\u012bv\u0101na, skatoties telev\u012bziju, sp\u0113l\u0113jot videosp\u0113les vai galda sp\u0113les, lasot gr\u0101matu vai veicot citas iecien\u012btas aktivit\u0101tes. T\u0101pat tas b\u016bs lieliski piem\u0113rots m\u0101j\u012bg\u0101m san\u0101ksm\u0113m ar draugiem un ce\u013cojumiem dab\u0101, k\u0101 ar\u012b darbam pie datora. \u2022 Segas d\u017eemperis ir pla\u0161a \u2013 br\u012bva izm\u0113ra, ar lielu kapuci, t\u0101p\u0113c ar \u0161o d\u017eemperi &#8211; segu b\u016bs \u0113rti justies gandr\u012bz jebkura auguma un uzb\u016bves cilv\u0113kam. Salokot k\u0101jas ar \u0161o segu \u2013 d\u017eemperi var\u0113siet viegli apsegt visu \u0137ermeni! \u2022 D\u017eemper\u012b ir liela, divpus\u0113ja kabata, kur\u0101 br\u012bvi ietilps mobilais telefons, TV pults vai j\u016bsu rokas.<\/p>\n<p data-start=\"757\" data-end=\"1154\">Liels silts pleds ir izgatavots no augstas kvalit\u0101tes 100% Poliestera \u2013 \u0161erpa auduma, kas atg\u0101dina vilnu \u2013 tas ir silts un pat\u012bkams piesk\u0101rieniem, elpojo\u0161s, nesadur\u0113jams, un tai pa\u0161\u0101 laik\u0101 \u0161\u012b materi\u0101la kop\u0161ana nav sare\u017e\u0123\u012bta. Tas var b\u016bt lielisks univers\u0101ls d\u0101vana draudzenei, mammai, t\u0113tim, draugam un citiem tuviem cilv\u0113kiem Ziemassv\u0113tkos, Valent\u012bndien\u0101, dzim\u0161anas dien\u0101 vai citos \u012bpa\u0161os sv\u0113tkos.<\/p>\n<p data-start=\"1156\" data-end=\"1264\" data-is-last-node=\"\" data-is-only-node=\"\">Pirms pirm\u0101s lieto\u0161anas iesak\u0101m izmazg\u0101t segu \u2013 d\u017eemperi. Segu var mazg\u0101t ve\u013cas ma\u0161\u012bn\u0101 30 gr\u0101du temperat\u016br\u0101.<\/p>","protected":false},"excerpt":{"rendered":"<h3>Silts d\u017eemperis ar ka\u0137\u012b\u0161iem.<\/h3>\n<p>Univers\u0101ls \u2013 var lietot gan k\u0101 d\u017eemperi, gan k\u0101 segu.<br data-start=\"84\" data-end=\"87\" \/>Ir plata, divpus\u0113ja kabata, \u0113rta kapuce un platas elast\u012bgas piedurknes.<br data-start=\"158\" data-end=\"161\" \/>Silts \u2013 sasild\u012bs no galvas l\u012bdz k\u0101j\u0101m.<br data-start=\"199\" data-end=\"202\" \/>Materi\u0101ls: 100% \u0161erpa poliesters \u2013 (\u0101rpuse no fl\u012bsa auduma, iek\u0161puse \u2013 \u0161erpa, vilnas imit\u0101cija).<br data-start=\"298\" data-end=\"301\" \/>Izm\u0113rs: der liel\u0101kajai da\u013cai cilv\u0113ku. Izm\u0113rus var apskat\u012bt att\u0113lu sada\u013c\u0101.<br data-start=\"374\" data-end=\"377\" \/>Mazg\u0101jams ve\u013cas ma\u0161\u012bn\u0101 (30\u00b0C).<\/p>","protected":false},"featured_media":540,"comment_status":"open","ping_status":"closed","template":"","meta":{"_seopress_robots_primary_cat":"none","_seopress_titles_title":"Segas d\u017eemperis MIAU %%sep%% melnalapsa.lv","_seopress_titles_desc":"Augstas kvalit\u0101tes silts d\u017eemperis ar ka\u0137\u0113niem. D\u017eemperis - sega. Lab\u0101kais kvalit\u0101tes un cenas attiec\u012bba. Bezmaksas, \u0101trs pieg\u0101de.","_seopress_robots_index":""},"product_brand":[],"product_cat":[18],"product_tag":[],"class_list":{"0":"post-536","1":"product","2":"type-product","3":"status-publish","4":"has-post-thumbnail","6":"product_cat-kapuces-sega","8":"first","9":"outofstock","10":"sale","11":"shipping-taxable","12":"purchasable","13":"product-type-simple"},"_links":{"self":[{"href":"https:\/\/melnalapsa.lv\/en\/wp-json\/wp\/v2\/product\/536","targetHints":{"allow":["GET"]}}],"collection":[{"href":"https:\/\/melnalapsa.lv\/en\/wp-json\/wp\/v2\/product"}],"about":[{"href":"https:\/\/melnalapsa.lv\/en\/wp-json\/wp\/v2\/types\/product"}],"replies":[{"embeddable":true,"href":"https:\/\/melnalapsa.lv\/en\/wp-json\/wp\/v2\/comments?post=536"}],"wp:featuredmedia":[{"embeddable":true,"href":"https:\/\/melnalapsa.lv\/en\/wp-json\/wp\/v2\/media\/540"}],"wp:attachment":[{"href":"https:\/\/melnalapsa.lv\/en\/wp-json\/wp\/v2\/media?parent=536"}],"wp:term":[{"taxonomy":"product_brand","embeddable":true,"href":"https:\/\/melnalapsa.lv\/en\/wp-json\/wp\/v2\/product_brand?post=536"},{"taxonomy":"product_cat","embeddable":true,"href":"https:\/\/melnalapsa.lv\/en\/wp-json\/wp\/v2\/product_cat?post=536"},{"taxonomy":"product_tag","embeddable":true,"href":"https:\/\/melnalapsa.lv\/en\/wp-json\/wp\/v2\/product_tag?post=536"}],"curies":[{"name":"wp","href":"https:\/\/api.w.org\/{rel}","templated":true}]}}