{"id":530,"date":"2025-02-21T14:57:01","date_gmt":"2025-02-21T12:57:01","guid":{"rendered":"https:\/\/melnalapsa.lv\/?post_type=product&#038;p=530"},"modified":"2025-12-14T23:17:32","modified_gmt":"2025-12-14T21:17:32","slug":"segas-dzemperis-sweet-dreams","status":"publish","type":"product","link":"https:\/\/melnalapsa.lv\/en\/product\/segas-dzemperis-sweet-dreams\/","title":{"rendered":"Segas d\u017eemperis Sweet Dreams"},"content":{"rendered":"<h2 data-start=\"27\" data-end=\"111\"><strong data-start=\"27\" data-end=\"109\">Slina d\u017eemperis sega ar ma\u0123iskiem debesu rakstiem (m\u0113ness, saule, zvaigznes, m\u0101ko\u0146i)<\/strong><\/h2>\n<p data-start=\"113\" data-end=\"516\">Univers\u0101la izm\u0113ra d\u017eemperis-sega, kas j\u016bsu m\u0101j\u0101s ienes\u012bs v\u0113l vair\u0101k m\u0101j\u012bguma un siltuma. D\u017eemperis, kas sasild\u012bs un \u013caus br\u012bvi kust\u0113ties, pavadot laiku m\u0101j\u0101s uz d\u012bv\u0101na, skatoties televizoru, sp\u0113l\u0113jot videosp\u0113les vai galda sp\u0113les, lasot gr\u0101matu vai nodarbojoties ar cit\u0101m iem\u012b\u013cot\u0101m aktivit\u0101t\u0113m. Tas lieliski noder\u0113s ar\u012b omul\u012bg\u0101m tik\u0161an\u0101s reiz\u0113m ar draugiem, izbraucieniem dab\u0101 vai str\u0101d\u0101jot pie datora.<\/p>\n<p data-start=\"518\" data-end=\"825\">\u2022 D\u017eemperis-sega ir pla\u0161a un br\u012bva, ar lielu kapuci, t\u0101p\u0113c taj\u0101 \u0113rti jut\u012bsies gandr\u012bz jebkura auguma un \u0137erme\u0146a uzb\u016bves cilv\u0113ks. Saliecot k\u0101jas, ar \u0161o d\u017eemperi-segu var\u0113siet viegli apsegt visu \u0137ermeni!<br data-start=\"719\" data-end=\"722\" \/>\u2022 D\u017eemperim ir liela, divpus\u0113ja kabata, kur\u0101 \u0113rti ietilps mobilais telefons, TV pults vai j\u016bsu rokas.<\/p>\n<p data-start=\"827\" data-end=\"1188\">Liel\u0101, silt\u0101 sega ir izgatavota no augstas kvalit\u0101tes 100% poliestera \u2013 \u0161erpa, kas atg\u0101dina vilnu \u2013 tas ir silts, pat\u012bkams piesk\u0101rieniem, elpojo\u0161s, nesave\u013cas un ir viegli kopjams.<br data-start=\"1006\" data-end=\"1009\" \/>T\u0101 var b\u016bt lieliska univers\u0101la d\u0101vana draudzenei, mammai, t\u0113tim, draugam un citiem tuv\u0101kajiem cilv\u0113kiem Ziemassv\u0113tkos, Valent\u012bndien\u0101, dzim\u0161anas dien\u0101 vai citos \u012bpa\u0161os gad\u012bjumos.<\/p>\n<p data-start=\"1190\" data-end=\"1289\" data-is-last-node=\"\" data-is-only-node=\"\">Pirms pirm\u0101s valk\u0101\u0161anas iesak\u0101m d\u017eemperi-segu izmazg\u0101t. To var mazg\u0101t ve\u013casma\u0161\u012bn\u0101 30\u00b0C temperat\u016br\u0101.<\/p>","protected":false},"excerpt":{"rendered":"<h3 data-start=\"27\" data-end=\"120\"><strong data-start=\"27\" data-end=\"76\">Silts d\u017eemperis ar ma\u0123iskiem debesu rakstiem.<\/strong><br data-start=\"76\" data-end=\"79\" \/>Tas ir augstas kvalit\u0101tes izstr\u0101d\u0101jums!<\/h3>\n<p data-start=\"122\" data-end=\"524\" data-is-only-node=\"\" data-is-last-node=\"\">Univers\u0101ls \u2013 var izmantot gan k\u0101 d\u017eemperi, gan k\u0101 segu.<br data-start=\"177\" data-end=\"180\" \/>D\u017eemperis-sega ir apr\u012bkots ar pla\u0161u divpus\u0113ju kabatu, \u0113rtu lielu kapuci un plat\u0101m elast\u012bg\u0101m piedurkn\u0113m.<br data-start=\"283\" data-end=\"286\" data-is-only-node=\"\" \/>Silts \u2013 sasild\u012bs no galvas l\u012bdz k\u0101j\u0101m.<br data-start=\"324\" data-end=\"327\" \/>Materi\u0101ls: 100% \u0161erpa poliesters (\u0101rpuse \u2013 fl\u012bsa audums, iek\u0161puse \u2013 \u0161erpa, vilnas imit\u0101cija).<br data-start=\"420\" data-end=\"423\" \/>Izm\u0113rs: der liel\u0101kajai da\u013cai cilv\u0113ku. Izm\u0113rus skatiet att\u0113lu sada\u013c\u0101.<br data-start=\"491\" data-end=\"494\" \/>Var mazg\u0101t ve\u013casma\u0161\u012bn\u0101 (30\u00b0C)<\/p>","protected":false},"featured_media":535,"comment_status":"open","ping_status":"closed","template":"","meta":{"_seopress_robots_primary_cat":"none","_seopress_titles_title":"Segas d\u017eemperis Sweet Dreams %%sep%% melnalapsa.lv","_seopress_titles_desc":"Augstas kvalit\u0101tes silts d\u017eemperis ar ma\u0123iskiem debess \u0137erme\u0146u ornamentiem. \u0100tra pieg\u0101de. Augst\u0101k\u0101 kvalit\u0101te par \u012bpa\u0161u cenu.","_seopress_robots_index":""},"product_brand":[],"product_cat":[18],"product_tag":[],"class_list":{"0":"post-530","1":"product","2":"type-product","3":"status-publish","4":"has-post-thumbnail","6":"product_cat-kapuces-sega","8":"first","9":"instock","10":"sale","11":"shipping-taxable","12":"purchasable","13":"product-type-simple"},"_links":{"self":[{"href":"https:\/\/melnalapsa.lv\/en\/wp-json\/wp\/v2\/product\/530","targetHints":{"allow":["GET"]}}],"collection":[{"href":"https:\/\/melnalapsa.lv\/en\/wp-json\/wp\/v2\/product"}],"about":[{"href":"https:\/\/melnalapsa.lv\/en\/wp-json\/wp\/v2\/types\/product"}],"replies":[{"embeddable":true,"href":"https:\/\/melnalapsa.lv\/en\/wp-json\/wp\/v2\/comments?post=530"}],"wp:featuredmedia":[{"embeddable":true,"href":"https:\/\/melnalapsa.lv\/en\/wp-json\/wp\/v2\/media\/535"}],"wp:attachment":[{"href":"https:\/\/melnalapsa.lv\/en\/wp-json\/wp\/v2\/media?parent=530"}],"wp:term":[{"taxonomy":"product_brand","embeddable":true,"href":"https:\/\/melnalapsa.lv\/en\/wp-json\/wp\/v2\/product_brand?post=530"},{"taxonomy":"product_cat","embeddable":true,"href":"https:\/\/melnalapsa.lv\/en\/wp-json\/wp\/v2\/product_cat?post=530"},{"taxonomy":"product_tag","embeddable":true,"href":"https:\/\/melnalapsa.lv\/en\/wp-json\/wp\/v2\/product_tag?post=530"}],"curies":[{"name":"wp","href":"https:\/\/api.w.org\/{rel}","templated":true}]}}