{"id":53,"date":"2025-01-20T23:06:33","date_gmt":"2025-01-20T21:06:33","guid":{"rendered":"https:\/\/melnalapsa.lv\/?post_type=product&#038;p=53"},"modified":"2025-12-14T23:16:57","modified_gmt":"2025-12-14T21:16:57","slug":"liela-izmera-kapuces-sega-wavy-vibes","status":"publish","type":"product","link":"https:\/\/melnalapsa.lv\/en\/product\/liela-izmera-kapuces-sega-wavy-vibes\/","title":{"rendered":"Liela izm\u0113ra kapuces sega Wavy vibes"},"content":{"rendered":"<h3 class=\"product_title entry-title\">Liela izm\u0113ra kapuces sega<\/h3>\n<p class=\"product_title entry-title\"><span style=\"font-size: 16px;\">Kas j\u016bsu m\u0101j\u0101s ienes\u012bs v\u0113l vair\u0101k m\u0101j\u012bguma un siltuma. D\u017eemperis, kas nodro\u0161in\u0101s jums siltumu un komfortu, pavadot laiku m\u0101j\u0101s uz d\u012bv\u0101na, skatoties televizoru, sp\u0113l\u0113jot videosp\u0113les vai galda sp\u0113les, lasot gr\u0101matu vai nodarbojoties ar cit\u0101m iecien\u012bt\u0101m aktivit\u0101t\u0113m. Tas ir ar\u012b lieliski piem\u0113rots m\u0101j\u012bg\u0101m tik\u0161an\u0101s reiz\u0113m ar draugiem un izbraucieniem br\u012bv\u0101 dab\u0101 vai darbam pie datora.<\/span><\/p>\n<p class=\"product_title entry-title\">&#8211; Kaste d\u017eemperim ir pla\u0161s, br\u012bvs piegriezums un liela kapuce, t\u0101p\u0113c gandr\u012bz jebkura auguma un auguma cilv\u0113ks \u0161aj\u0101 bl\u016bz\u0101 jut\u012bsies \u0113rti. Salieciet k\u0101jas, un ar \u0161o d\u017eemperi var\u0113siet viegli nosegt visu \u0137ermeni!<br \/>\n&#8211; D\u017eemperim ir liela, abpus\u0113ji atverama kabata, kur\u0101 var viegli ievietot mobilo t\u0101lruni, TV pulti vai rokas.<\/p>\n<p>Lielais, siltais d\u017eemperis ir izgatavots no augstas kvalit\u0101tes 100 % polistirola \u0161erpas, kas atg\u0101dina vilnu &#8211; ir silts un pat\u012bkams piesk\u0101rienam, elpojo\u0161s, nesv\u012bst un viegli kopjams.<br \/>\nT\u0101 var b\u016bt lieliska univers\u0101la d\u0101vana draudzenei, mammai, t\u0113tim, draugam un citiem tuviem cilv\u0113kiem Ziemassv\u0113tkos, Valent\u012bndien\u0101, dzim\u0161anas dien\u0101 vai cit\u0101 \u012bpa\u0161\u0101 dien\u0101.<\/p>\n<p>M\u0113s iesak\u0101m d\u017eemperi pirms pirm\u0101s valk\u0101\u0161anas reizes izmazg\u0101t. D\u017eemperi var mazg\u0101t ve\u013casma\u0161\u012bn\u0101 30 gr\u0101du \u016bden\u012b.<\/p>\n<p>M\u0113s pieg\u0101d\u0101jam vis\u0101 Latvij\u0101<\/p>\n<p>&nbsp;<\/p>\n<p>&nbsp;<\/p>","protected":false},"excerpt":{"rendered":"<h2>Hoodie Blanket <span class=\"Y2IQFc\" lang=\"lv\">ar rota\u013c\u012bgu rakstu.<\/span><\/h2>\n<p>Kr\u0101sa: melna, zila.<br \/>\nUnivers\u0101ls &#8211; var izmantot k\u0101 d\u017eemperi un k\u0101 pledus.<br \/>\nTam ir pla\u0161a, abpus\u0113ji atverama kabata, \u0113rta kapuce un platas, elast\u012bgas piedurknes.<br \/>\nSilts &#8211; saglab\u0101 siltumu no galvas l\u012bdz k\u0101j\u0101m.<br \/>\n100 % \u0161erpa polistirols &#8211; (fl\u012bsa audums \u0101rpus\u0113, \u0161erpa vilnas imit\u0101cija iek\u0161pus\u0113).<br \/>\nIzm\u0113rs: piem\u0113rots liel\u0101kajai da\u013cai cilv\u0113ku. Skat\u012bt izm\u0113rus foto sada\u013c\u0101.<br \/>\nVar mazg\u0101t ve\u013casma\u0161\u012bn\u0101 (30\u00b0C<\/p>","protected":false},"featured_media":423,"comment_status":"open","ping_status":"closed","template":"","meta":{"_seopress_robots_primary_cat":"none","_seopress_titles_title":"Liela izm\u0113ra kapuces sega Wavy vibes %%sep%% melnalapsa.lv","_seopress_titles_desc":"Silts liels d\u017eempera pleds. r\u016btaini d\u017eemperi. Lab\u0101k\u0101 kvalit\u0101tes un cenas attiec\u012bba. Blakus pieg\u0101de.","_seopress_robots_index":""},"product_brand":[],"product_cat":[18],"product_tag":[19,20,21],"class_list":{"0":"post-53","1":"product","2":"type-product","3":"status-publish","4":"has-post-thumbnail","6":"product_cat-kapuces-sega","7":"product_tag-hoodie-blanket","8":"product_tag-kapuces-sega","9":"product_tag-liela-izmera-kapuces-sega","11":"first","12":"instock","13":"sale","14":"shipping-taxable","15":"purchasable","16":"product-type-simple"},"_links":{"self":[{"href":"https:\/\/melnalapsa.lv\/en\/wp-json\/wp\/v2\/product\/53","targetHints":{"allow":["GET"]}}],"collection":[{"href":"https:\/\/melnalapsa.lv\/en\/wp-json\/wp\/v2\/product"}],"about":[{"href":"https:\/\/melnalapsa.lv\/en\/wp-json\/wp\/v2\/types\/product"}],"replies":[{"embeddable":true,"href":"https:\/\/melnalapsa.lv\/en\/wp-json\/wp\/v2\/comments?post=53"}],"wp:featuredmedia":[{"embeddable":true,"href":"https:\/\/melnalapsa.lv\/en\/wp-json\/wp\/v2\/media\/423"}],"wp:attachment":[{"href":"https:\/\/melnalapsa.lv\/en\/wp-json\/wp\/v2\/media?parent=53"}],"wp:term":[{"taxonomy":"product_brand","embeddable":true,"href":"https:\/\/melnalapsa.lv\/en\/wp-json\/wp\/v2\/product_brand?post=53"},{"taxonomy":"product_cat","embeddable":true,"href":"https:\/\/melnalapsa.lv\/en\/wp-json\/wp\/v2\/product_cat?post=53"},{"taxonomy":"product_tag","embeddable":true,"href":"https:\/\/melnalapsa.lv\/en\/wp-json\/wp\/v2\/product_tag?post=53"}],"curies":[{"name":"wp","href":"https:\/\/api.w.org\/{rel}","templated":true}]}}