{"id":521,"date":"2025-02-21T14:38:50","date_gmt":"2025-02-21T12:38:50","guid":{"rendered":"https:\/\/melnalapsa.lv\/?post_type=product&#038;p=521"},"modified":"2025-12-14T23:17:12","modified_gmt":"2025-12-14T21:17:12","slug":"liels-segas-dzemperis-hearts","status":"publish","type":"product","link":"https:\/\/melnalapsa.lv\/en\/product\/liels-segas-dzemperis-hearts\/","title":{"rendered":"Liels segas d\u017eemperis HEARTS"},"content":{"rendered":"<h2 data-start=\"0\" data-end=\"34\"><strong data-start=\"0\" data-end=\"32\">Pleds d\u017eemperis ar sirsni\u0146\u0101m<\/strong><\/h2>\n<p data-start=\"36\" data-end=\"443\">Univers\u0101la izm\u0113ra pleds d\u017eemperis, kas j\u016bsu m\u0101j\u0101s ienes\u012bs v\u0113l vair\u0101k m\u0101j\u012bguma un siltuma. D\u017eemperis, kas j\u016bs sasild\u012bs un nodro\u0161in\u0101s kust\u012bbu br\u012bv\u012bbu, baudot laiku m\u0101j\u0101s uz d\u012bv\u0101na, skatoties televizoru, sp\u0113l\u0113jot videosp\u0113les vai galda sp\u0113les, lasot gr\u0101matu vai nodarbojoties ar cit\u0101m iem\u012b\u013cot\u0101m aktivit\u0101t\u0113m. Tas ar\u012b lieliski der\u0113s m\u0101j\u012bg\u0101m tik\u0161an\u0101s reiz\u0113m ar draugiem, izbraucieniem dab\u0101 vai darbam pie datora.<\/p>\n<p data-start=\"445\" data-end=\"754\">\u2022 Pleds d\u017eemperim ir plati, br\u012bvi izm\u0113ri un liela kapuce, t\u0101p\u0113c ar \u0161o d\u017eemperi-pledu \u0113rti jut\u012bsies gandr\u012bz jebkura auguma un \u0137erme\u0146a uzb\u016bves cilv\u0113ks. Saliecot k\u0101jas, var\u0113siet viegli apsegt visu \u0137ermeni!<br data-start=\"647\" data-end=\"650\" \/>\u2022 D\u017eemperim ir liela, divpus\u0113ja kabata, kur\u0101 \u0113rti ietilpst mobilais telefons, TV pults vai j\u016bsu rokas.<\/p>\n<p data-start=\"756\" data-end=\"960\">Lielais un siltais pleds d\u017eemperis ir izgatavots no augstas kvalit\u0101tes 100% poliestera \u2013 \u0161erpa, kas atg\u0101dina vilnu. Tas ir silts un pat\u012bkams piesk\u0101rieniem, elpojo\u0161s, nesaburbu\u013cojas un ir viegli kopjams.<\/p>\n<p data-start=\"962\" data-end=\"1140\">T\u0101 var b\u016bt lieliska un univers\u0101la d\u0101vana draudzenei, mammai, t\u0113tim, draugam un citiem tuviem cilv\u0113kiem Ziemassv\u0113tkos, Valent\u012bndien\u0101, dzim\u0161anas dien\u0101 vai citos \u012bpa\u0161os gad\u012bjumos.<\/p>\n<p data-start=\"1142\" data-end=\"1247\" data-is-last-node=\"\" data-is-only-node=\"\">Pirms pirm\u0101s valk\u0101\u0161anas iesak\u0101m pleds d\u017eemperi izmazg\u0101t. To var mazg\u0101t ve\u013cas ma\u0161\u012bn\u0101 30 gr\u0101du temperat\u016br\u0101.<\/p>","protected":false},"excerpt":{"rendered":"<h3 data-start=\"0\" data-end=\"32\">Silts, m\u012bksts segas d\u017eemperis.<\/h3>\n<p data-start=\"34\" data-end=\"431\" data-is-last-node=\"\" data-is-only-node=\"\">Kr\u0101sa &#8211; smil\u0161u (latte)<br data-start=\"56\" data-end=\"59\" \/>Univers\u0101ls \u2013 var lietot gan k\u0101 d\u017eemperi, gan k\u0101 segu.<br data-start=\"112\" data-end=\"115\" \/>Ir plata, divpus\u0113ja kabata, \u0113rta kapuce un platas elast\u012bgas piedurknes.<br data-start=\"186\" data-end=\"189\" \/>Silts \u2013 sasild\u012bs no galvas l\u012bdz k\u0101j\u0101m.<br data-start=\"227\" data-end=\"230\" \/>Materi\u0101ls: 100% \u0161erpa poliesters (\u0101rpuse \u2013 fl\u012bsa audums, iek\u0161puse \u2013 \u0161erpa, vilnas imit\u0101cija)<br data-start=\"322\" data-end=\"325\" \/>Izm\u0113rs: der liel\u0101kajai da\u013cai cilv\u0113ku. Izm\u0113rus var apskat\u012bt att\u0113lu sada\u013c\u0101.<br data-start=\"398\" data-end=\"401\" \/>Mazg\u0101jams ve\u013cas ma\u0161\u012bn\u0101 (30\u00b0C).<\/p>","protected":false},"featured_media":525,"comment_status":"open","ping_status":"closed","template":"","meta":{"_seopress_robots_primary_cat":"none","_seopress_titles_title":"Liels segas d\u017eemperis HEARTS %%sep%% melnalapsa.lv","_seopress_titles_desc":"Silts d\u017eemperis ar sirsni\u0146\u0101m. Segas d\u017eemperi. Lab\u0101k\u0101 kvalit\u0101tes un cenas attiec\u012bba. \u0100tra pieg\u0101de.","_seopress_robots_index":""},"product_brand":[],"product_cat":[18],"product_tag":[],"class_list":{"0":"post-521","1":"product","2":"type-product","3":"status-publish","4":"has-post-thumbnail","6":"product_cat-kapuces-sega","8":"first","9":"instock","10":"sale","11":"shipping-taxable","12":"purchasable","13":"product-type-simple"},"_links":{"self":[{"href":"https:\/\/melnalapsa.lv\/en\/wp-json\/wp\/v2\/product\/521","targetHints":{"allow":["GET"]}}],"collection":[{"href":"https:\/\/melnalapsa.lv\/en\/wp-json\/wp\/v2\/product"}],"about":[{"href":"https:\/\/melnalapsa.lv\/en\/wp-json\/wp\/v2\/types\/product"}],"replies":[{"embeddable":true,"href":"https:\/\/melnalapsa.lv\/en\/wp-json\/wp\/v2\/comments?post=521"}],"wp:featuredmedia":[{"embeddable":true,"href":"https:\/\/melnalapsa.lv\/en\/wp-json\/wp\/v2\/media\/525"}],"wp:attachment":[{"href":"https:\/\/melnalapsa.lv\/en\/wp-json\/wp\/v2\/media?parent=521"}],"wp:term":[{"taxonomy":"product_brand","embeddable":true,"href":"https:\/\/melnalapsa.lv\/en\/wp-json\/wp\/v2\/product_brand?post=521"},{"taxonomy":"product_cat","embeddable":true,"href":"https:\/\/melnalapsa.lv\/en\/wp-json\/wp\/v2\/product_cat?post=521"},{"taxonomy":"product_tag","embeddable":true,"href":"https:\/\/melnalapsa.lv\/en\/wp-json\/wp\/v2\/product_tag?post=521"}],"curies":[{"name":"wp","href":"https:\/\/api.w.org\/{rel}","templated":true}]}}