{"id":503,"date":"2025-02-14T16:39:29","date_gmt":"2025-02-14T14:39:29","guid":{"rendered":"https:\/\/melnalapsa.lv\/?post_type=product&#038;p=503"},"modified":"2025-02-14T16:39:29","modified_gmt":"2025-02-14T14:39:29","slug":"planas-zida-gumijas-6-gab-celebrate","status":"publish","type":"product","link":"https:\/\/melnalapsa.lv\/en\/product\/planas-zida-gumijas-6-gab-celebrate\/","title":{"rendered":"Pl\u0101nas z\u012bda gumijas, 6 gab. \u201eCelebrate\u201c"},"content":{"rendered":"","protected":false},"excerpt":{"rendered":"","protected":false},"featured_media":507,"comment_status":"open","ping_status":"closed","template":"","meta":{"_seopress_robots_primary_cat":"","_seopress_titles_title":"Pl\u0101nas z\u012bda gumijas \u201eCelebrate\u201c %%sep%% melnalapsa.lv","_seopress_titles_desc":"6 dab\u012bg\u0101 z\u012bda gumijas matiem, ide\u0101li piem\u0113rotas ziemas sv\u0113tkiem un matu aizsardz\u012bbai. \u0100tra pieg\u0101de.","_seopress_robots_index":""},"product_brand":[],"product_cat":[57,86],"product_tag":[],"class_list":{"0":"post-503","1":"product","2":"type-product","3":"status-publish","4":"has-post-thumbnail","6":"product_cat-zida-izstradajumi","7":"product_cat-matu-gumijas","9":"first","10":"instock","11":"sale","12":"shipping-taxable","13":"purchasable","14":"product-type-simple"},"_links":{"self":[{"href":"https:\/\/melnalapsa.lv\/en\/wp-json\/wp\/v2\/product\/503","targetHints":{"allow":["GET"]}}],"collection":[{"href":"https:\/\/melnalapsa.lv\/en\/wp-json\/wp\/v2\/product"}],"about":[{"href":"https:\/\/melnalapsa.lv\/en\/wp-json\/wp\/v2\/types\/product"}],"replies":[{"embeddable":true,"href":"https:\/\/melnalapsa.lv\/en\/wp-json\/wp\/v2\/comments?post=503"}],"wp:featuredmedia":[{"embeddable":true,"href":"https:\/\/melnalapsa.lv\/en\/wp-json\/wp\/v2\/media\/507"}],"wp:attachment":[{"href":"https:\/\/melnalapsa.lv\/en\/wp-json\/wp\/v2\/media?parent=503"}],"wp:term":[{"taxonomy":"product_brand","embeddable":true,"href":"https:\/\/melnalapsa.lv\/en\/wp-json\/wp\/v2\/product_brand?post=503"},{"taxonomy":"product_cat","embeddable":true,"href":"https:\/\/melnalapsa.lv\/en\/wp-json\/wp\/v2\/product_cat?post=503"},{"taxonomy":"product_tag","embeddable":true,"href":"https:\/\/melnalapsa.lv\/en\/wp-json\/wp\/v2\/product_tag?post=503"}],"curies":[{"name":"wp","href":"https:\/\/api.w.org\/{rel}","templated":true}]}}