{"id":498,"date":"2025-02-14T16:34:05","date_gmt":"2025-02-14T14:34:05","guid":{"rendered":"https:\/\/melnalapsa.lv\/?post_type=product&#038;p=498"},"modified":"2025-02-14T16:34:05","modified_gmt":"2025-02-14T14:34:05","slug":"plonas-zida-gumijas-6-gab-moonlight","status":"publish","type":"product","link":"https:\/\/melnalapsa.lv\/en\/product\/plonas-zida-gumijas-6-gab-moonlight\/","title":{"rendered":"Plonas z\u012bda gumijas, 6 gab. \u201eMoonlight\u201c"},"content":{"rendered":"","protected":false},"excerpt":{"rendered":"","protected":false},"featured_media":502,"comment_status":"open","ping_status":"closed","template":"","meta":{"_seopress_robots_primary_cat":"","_seopress_titles_title":"Plonas z\u012bda gumijas, 6 \u201eMoonlight\u201c %%sep%% melnalapsa.lv","_seopress_titles_desc":"Z\u012bda gumiju komplekts. Dab\u012bg\u0101 z\u012bda gumijas. Pl\u0101nas z\u012bda gumijas izgatavotas no 100% dab\u012bg\u0101 z\u012bda. \u0100tra pieg\u0101de.","_seopress_robots_index":""},"product_brand":[],"product_cat":[57,86],"product_tag":[],"class_list":{"0":"post-498","1":"product","2":"type-product","3":"status-publish","4":"has-post-thumbnail","6":"product_cat-zida-izstradajumi","7":"product_cat-matu-gumijas","9":"first","10":"instock","11":"sale","12":"shipping-taxable","13":"purchasable","14":"product-type-simple"},"_links":{"self":[{"href":"https:\/\/melnalapsa.lv\/en\/wp-json\/wp\/v2\/product\/498","targetHints":{"allow":["GET"]}}],"collection":[{"href":"https:\/\/melnalapsa.lv\/en\/wp-json\/wp\/v2\/product"}],"about":[{"href":"https:\/\/melnalapsa.lv\/en\/wp-json\/wp\/v2\/types\/product"}],"replies":[{"embeddable":true,"href":"https:\/\/melnalapsa.lv\/en\/wp-json\/wp\/v2\/comments?post=498"}],"wp:featuredmedia":[{"embeddable":true,"href":"https:\/\/melnalapsa.lv\/en\/wp-json\/wp\/v2\/media\/502"}],"wp:attachment":[{"href":"https:\/\/melnalapsa.lv\/en\/wp-json\/wp\/v2\/media?parent=498"}],"wp:term":[{"taxonomy":"product_brand","embeddable":true,"href":"https:\/\/melnalapsa.lv\/en\/wp-json\/wp\/v2\/product_brand?post=498"},{"taxonomy":"product_cat","embeddable":true,"href":"https:\/\/melnalapsa.lv\/en\/wp-json\/wp\/v2\/product_cat?post=498"},{"taxonomy":"product_tag","embeddable":true,"href":"https:\/\/melnalapsa.lv\/en\/wp-json\/wp\/v2\/product_tag?post=498"}],"curies":[{"name":"wp","href":"https:\/\/api.w.org\/{rel}","templated":true}]}}