{"id":492,"date":"2025-02-14T16:29:07","date_gmt":"2025-02-14T14:29:07","guid":{"rendered":"https:\/\/melnalapsa.lv\/?post_type=product&#038;p=492"},"modified":"2025-02-14T16:29:07","modified_gmt":"2025-02-14T14:29:07","slug":"zida-gumijas-3-gab-komplekts-arctic","status":"publish","type":"product","link":"https:\/\/melnalapsa.lv\/en\/product\/zida-gumijas-3-gab-komplekts-arctic\/","title":{"rendered":"Z\u012bda gumijas 3 gab. komplekts \u201eArctic\u201c"},"content":{"rendered":"<h2 data-start=\"0\" data-end=\"308\">3 Z\u012bda matu lent\u012btes. Ziemas kr\u0101sas: balta, sudraba un debeszils.<\/h2>\n<p data-start=\"0\" data-end=\"308\">Ide\u0101li piem\u0113rotas gan ikdienas, gan sv\u0113tku stilam.<br data-start=\"116\" data-end=\"119\" \/>Izgatavotas no 100% dab\u012bg\u0101 19 momu Mulberry z\u012bda auduma, kas ne tikai izskat\u0101s br\u012bni\u0161\u0137\u012bgi, bet ar\u012b ir \u012bpa\u0161i maigs, neveido mezglus matos, un to vieglums padara matu lent\u012bti pat\u012bkamu valk\u0101t.<\/p>\n<p data-start=\"310\" data-end=\"448\">Biezums \u2013 3,5 cm<br data-start=\"326\" data-end=\"329\" \/>Mom\u0113rijs (mm) \u2013 19 mm<br data-start=\"350\" data-end=\"353\" \/>Kr\u0101sas: balta, sudraba, debeszils.<br data-start=\"387\" data-end=\"390\" \/>Materi\u0101ls: 100% Mulberry z\u012bds, iek\u0161pus\u0113 elast\u012bga gumija.<\/p>\n<p data-start=\"450\" data-end=\"544\" data-is-last-node=\"\">\u2714 Nepl\u0113\u0161 matus, \u0113rti valk\u0101jams.<br data-start=\"481\" data-end=\"484\" \/>\u2714 Piem\u0113rots visiem matu tipiem.<br data-start=\"515\" data-end=\"518\" \/>\u2714 OEKO-TEX\u00ae 100 standarts.<\/p>","protected":false},"excerpt":{"rendered":"<h3>Dab\u012bg\u0101 z\u012bda gumijas, 3 gab. kr\u0101sas iedvesmotas ziemas.<\/h3>\n<p>Z\u012bda gumijas izgatavotas no dab\u012bg\u0101 z\u012bda un ar iztur\u012bg\u0101m elast\u012bg\u0101m lent\u0113m. Z\u012bda virsma ir neticami gluda, maigi tur matu \u0161\u0137ipsnas, viegli sl\u012bd cauri matiem un nepl\u0113\u0161 tos. Pateicoties z\u012bda maigumam, gumijas ir \u012bpa\u0161i \u0113rtas un nepres\u0113 galvu, t\u0101p\u0113c t\u0101s var valk\u0101t visu dienu bez diskomforta, t\u0101s ir \u0113rtas pat miega laik\u0101.<br data-start=\"373\" data-end=\"376\" \/>Izmantojot z\u012bda gumijas, mati paliek vesel\u012bg\u0101ki, jo tiek samazin\u0101ta berze un boj\u0101jumu risks.<\/p>","protected":false},"featured_media":496,"comment_status":"open","ping_status":"closed","template":"","meta":{"_seopress_robots_primary_cat":"","_seopress_titles_title":"Z\u012bda gumijas 3 komplekts \u201eArctic\u201c %%sep%% melnalapsa.lv","_seopress_titles_desc":"3 z\u012bda gumijas \u2013 izgatavotas no dab\u012bg\u0101 100% Mulberry z\u012bda. Z\u012bda gumijas ir \u0113rti valk\u0101jamas, neveido mezglus matos. \u0100tra pieg\u0101de.","_seopress_robots_index":""},"product_brand":[],"product_cat":[57,86],"product_tag":[],"class_list":{"0":"post-492","1":"product","2":"type-product","3":"status-publish","4":"has-post-thumbnail","6":"product_cat-zida-izstradajumi","7":"product_cat-matu-gumijas","9":"first","10":"instock","11":"sale","12":"shipping-taxable","13":"purchasable","14":"product-type-simple"},"_links":{"self":[{"href":"https:\/\/melnalapsa.lv\/en\/wp-json\/wp\/v2\/product\/492","targetHints":{"allow":["GET"]}}],"collection":[{"href":"https:\/\/melnalapsa.lv\/en\/wp-json\/wp\/v2\/product"}],"about":[{"href":"https:\/\/melnalapsa.lv\/en\/wp-json\/wp\/v2\/types\/product"}],"replies":[{"embeddable":true,"href":"https:\/\/melnalapsa.lv\/en\/wp-json\/wp\/v2\/comments?post=492"}],"wp:featuredmedia":[{"embeddable":true,"href":"https:\/\/melnalapsa.lv\/en\/wp-json\/wp\/v2\/media\/496"}],"wp:attachment":[{"href":"https:\/\/melnalapsa.lv\/en\/wp-json\/wp\/v2\/media?parent=492"}],"wp:term":[{"taxonomy":"product_brand","embeddable":true,"href":"https:\/\/melnalapsa.lv\/en\/wp-json\/wp\/v2\/product_brand?post=492"},{"taxonomy":"product_cat","embeddable":true,"href":"https:\/\/melnalapsa.lv\/en\/wp-json\/wp\/v2\/product_cat?post=492"},{"taxonomy":"product_tag","embeddable":true,"href":"https:\/\/melnalapsa.lv\/en\/wp-json\/wp\/v2\/product_tag?post=492"}],"curies":[{"name":"wp","href":"https:\/\/api.w.org\/{rel}","templated":true}]}}