{"id":486,"date":"2025-02-14T16:20:57","date_gmt":"2025-02-14T14:20:57","guid":{"rendered":"https:\/\/melnalapsa.lv\/?post_type=product&#038;p=486"},"modified":"2025-06-04T16:06:13","modified_gmt":"2025-06-04T13:06:13","slug":"zida-gumiju-3-gab-komplekts-elegance","status":"publish","type":"product","link":"https:\/\/melnalapsa.lv\/en\/product\/zida-gumiju-3-gab-komplekts-elegance\/","title":{"rendered":"Z\u012bda gumiju 3 gab. komplekts \u201eElegance\u201c"},"content":{"rendered":"<p>3 Z\u012bda matu lent\u012btes \u2013 univers\u0101las kr\u0101sas \u013cauj viegli piel\u0101got gan ikdienas, gan vakara stilam.<\/p>","protected":false},"excerpt":{"rendered":"<p>Z\u012bda gumijas, 3 gab.: melna, pel\u0113ka, br\u016bna kr\u0101sa piest\u0101v jebkuram ap\u0123\u0113rbam un ir piem\u0113rotas jebkurai reizei.<\/p>","protected":false},"featured_media":491,"comment_status":"open","ping_status":"closed","template":"","meta":{"_seopress_robots_primary_cat":"none","_seopress_titles_title":"Z\u012bda gumiju 3 komplekts \u201eElegance\u201c %%sep%% melnalapsa.lv","_seopress_titles_desc":"Z\u012bda matu lent\u012btes - 3 gabalu komplekts. Izgatavotas no dab\u012bga 100% z\u012bda. Z\u012bda gumijas ir \u0113rti valk\u0101jamas, neveido mezglus matos. \u0100tra pieg\u0101de.","_seopress_robots_index":""},"product_brand":[],"product_cat":[57,86],"product_tag":[],"class_list":{"0":"post-486","1":"product","2":"type-product","3":"status-publish","4":"has-post-thumbnail","6":"product_cat-zida-izstradajumi","7":"product_cat-matu-gumijas","9":"first","10":"instock","11":"sale","12":"shipping-taxable","13":"purchasable","14":"product-type-simple"},"_links":{"self":[{"href":"https:\/\/melnalapsa.lv\/en\/wp-json\/wp\/v2\/product\/486","targetHints":{"allow":["GET"]}}],"collection":[{"href":"https:\/\/melnalapsa.lv\/en\/wp-json\/wp\/v2\/product"}],"about":[{"href":"https:\/\/melnalapsa.lv\/en\/wp-json\/wp\/v2\/types\/product"}],"replies":[{"embeddable":true,"href":"https:\/\/melnalapsa.lv\/en\/wp-json\/wp\/v2\/comments?post=486"}],"wp:featuredmedia":[{"embeddable":true,"href":"https:\/\/melnalapsa.lv\/en\/wp-json\/wp\/v2\/media\/491"}],"wp:attachment":[{"href":"https:\/\/melnalapsa.lv\/en\/wp-json\/wp\/v2\/media?parent=486"}],"wp:term":[{"taxonomy":"product_brand","embeddable":true,"href":"https:\/\/melnalapsa.lv\/en\/wp-json\/wp\/v2\/product_brand?post=486"},{"taxonomy":"product_cat","embeddable":true,"href":"https:\/\/melnalapsa.lv\/en\/wp-json\/wp\/v2\/product_cat?post=486"},{"taxonomy":"product_tag","embeddable":true,"href":"https:\/\/melnalapsa.lv\/en\/wp-json\/wp\/v2\/product_tag?post=486"}],"curies":[{"name":"wp","href":"https:\/\/api.w.org\/{rel}","templated":true}]}}