{"id":458,"date":"2025-02-14T15:25:10","date_gmt":"2025-02-14T13:25:10","guid":{"rendered":"https:\/\/melnalapsa.lv\/?post_type=product&#038;p=458"},"modified":"2025-02-14T16:06:37","modified_gmt":"2025-02-14T14:06:37","slug":"planas-dabiga-zida-matu-gumijas-6-gab-dune","status":"publish","type":"product","link":"https:\/\/melnalapsa.lv\/en\/product\/planas-dabiga-zida-matu-gumijas-6-gab-dune\/","title":{"rendered":"Pl\u0101nas dab\u012bga z\u012bda matu gumijas , 6 gab. \u201eDune\u201c"},"content":{"rendered":"<h2 data-start=\"563\" data-end=\"764\">6 z\u012bda matu gumijas, kas simboliz\u0113 eleganci un mieru: \u0161ampanie\u0161a, smil\u0161u, zelta, gai\u0161i un tum\u0161i br\u016bna, k\u0101 ar\u012b klasisk\u0101 melna. Z\u012bda matu gumijas izgatavotas no dab\u012bga z\u012bda un iztur\u012bg\u0101m elast\u012bg\u0101m lent\u0113m.<\/h2>\n<p data-start=\"766\" data-end=\"1101\" data-is-last-node=\"\">Z\u012bda virsma ir neticami gluda, maigi tur matus, viegli sl\u012bd cauri matiem un nepl\u0113\u0161 tos. Pateicoties z\u012bda m\u012bkstumam, gumijas ir \u013coti \u0113rtas un nesaspie\u017e galvu, t\u0101p\u0113c t\u0101s var valk\u0101t visu dienu bez diskomforta, t\u0101s ir \u0113rti valk\u0101t pat miega laik\u0101. Izmantojot z\u012bda gumijas, mati paliek vesel\u012bg\u0101ki, jo tiek samazin\u0101ta berze un boj\u0101jumu risks.<\/p>","protected":false},"excerpt":{"rendered":"<h3 data-start=\"67\" data-end=\"318\">6 gab. z\u012bda matu gumiju komplekts<\/h3>\n<p data-start=\"67\" data-end=\"318\">Kas iedvesmots no silt\u0101m smilt\u012bm, zelta k\u0101p\u0101m un zemes to\u0146u skaistuma. Izgatavots no 100% dab\u012bga 19 momu Mulberry z\u012bda auduma. Maigais audums nepl\u0113\u0161 matus un, pateicoties t\u0101 vieglumam, matu gumiju ir pat\u012bkami valk\u0101t.<\/p>\n<p data-start=\"320\" data-end=\"335\">Biezums \u2013 1 cm.<\/p>\n<p data-start=\"337\" data-end=\"361\">Momu skaits (mm) \u2013 19 mm<\/p>\n<p data-start=\"363\" data-end=\"430\">Kr\u0101sas: \u0161ampanie\u0161a, smil\u0161u, zelta, gai\u0161i br\u016bna, tum\u0161i br\u016bna, melna.<\/p>\n<p data-start=\"432\" data-end=\"470\">Materi\u0101li: 100% z\u012bds, elast\u012bga gumija.<\/p>\n<p data-start=\"472\" data-end=\"561\">\u2714 Nepl\u0113\u0161 matus, \u0113rti valk\u0101jams.<br \/>\n\u2714 Piem\u0113rots visiem matu tipiem<br \/>\n\u2714 OEKO-TEX\u00ae 100 standarts.<\/p>\n<h3 data-start=\"67\" data-end=\"318\"><\/h3>","protected":false},"featured_media":482,"comment_status":"open","ping_status":"closed","template":"","meta":{"_seopress_robots_primary_cat":"none","_seopress_titles_title":"6 dab\u012bga z\u012bda matu gumijas | melnalapsa.lv","_seopress_titles_desc":"\u0160ilko matu gumiju komplekts. Dabisks z\u012bds. Pl\u0101nas z\u012bda matu gumijas, kas izgatavotas no 100% dab\u012bga z\u012bda. melnalapsa.lv","_seopress_robots_index":""},"product_brand":[],"product_cat":[57,86],"product_tag":[75,78,77,76],"class_list":{"0":"post-458","1":"product","2":"type-product","3":"status-publish","4":"has-post-thumbnail","6":"product_cat-zida-izstradajumi","7":"product_cat-matu-gumijas","8":"product_tag-19mm","9":"product_tag-matu-aksesuari","10":"product_tag-planas-gumijas","11":"product_tag-zida-matu-gumijas","13":"first","14":"instock","15":"sale","16":"shipping-taxable","17":"purchasable","18":"product-type-simple"},"_links":{"self":[{"href":"https:\/\/melnalapsa.lv\/en\/wp-json\/wp\/v2\/product\/458","targetHints":{"allow":["GET"]}}],"collection":[{"href":"https:\/\/melnalapsa.lv\/en\/wp-json\/wp\/v2\/product"}],"about":[{"href":"https:\/\/melnalapsa.lv\/en\/wp-json\/wp\/v2\/types\/product"}],"replies":[{"embeddable":true,"href":"https:\/\/melnalapsa.lv\/en\/wp-json\/wp\/v2\/comments?post=458"}],"wp:featuredmedia":[{"embeddable":true,"href":"https:\/\/melnalapsa.lv\/en\/wp-json\/wp\/v2\/media\/482"}],"wp:attachment":[{"href":"https:\/\/melnalapsa.lv\/en\/wp-json\/wp\/v2\/media?parent=458"}],"wp:term":[{"taxonomy":"product_brand","embeddable":true,"href":"https:\/\/melnalapsa.lv\/en\/wp-json\/wp\/v2\/product_brand?post=458"},{"taxonomy":"product_cat","embeddable":true,"href":"https:\/\/melnalapsa.lv\/en\/wp-json\/wp\/v2\/product_cat?post=458"},{"taxonomy":"product_tag","embeddable":true,"href":"https:\/\/melnalapsa.lv\/en\/wp-json\/wp\/v2\/product_tag?post=458"}],"curies":[{"name":"wp","href":"https:\/\/api.w.org\/{rel}","templated":true}]}}