{"id":455,"date":"2025-02-14T15:20:42","date_gmt":"2025-02-14T13:20:42","guid":{"rendered":"https:\/\/melnalapsa.lv\/?post_type=product&#038;p=455"},"modified":"2025-02-14T15:20:42","modified_gmt":"2025-02-14T13:20:42","slug":"zida-miega-maska-sampaniesa","status":"publish","type":"product","link":"https:\/\/melnalapsa.lv\/en\/product\/zida-miega-maska-sampaniesa\/","title":{"rendered":"Z\u012bda miega maska, \u0161ampanie\u0161a"},"content":{"rendered":"<h2>Z\u012bda acu maska \u2013 miega greznums \u0101dai.<\/h2>","protected":false},"excerpt":{"rendered":"<h3>Dab\u012bg\u0101 Mulberry z\u012bda acu maska miegam \u2013 ne tikai m\u012bksta un \u0113rta, bet ar\u012b dabiski elpojo\u0161a.<\/h3>","protected":false},"featured_media":462,"comment_status":"open","ping_status":"closed","template":"","meta":{"_seopress_robots_primary_cat":"","_seopress_titles_title":"Z\u012bda miega maska, \u0161ampanie\u0161a %%sep%% melnalapsa.lv","_seopress_titles_desc":"Z\u012bda miega maska. Augstas kvalit\u0101tes 19 momu z\u012bds. Z\u012bda miega maska ac\u012bm. OEKO-TEX\u00ae 100 standarts. \u0100tra pieg\u0101de.","_seopress_robots_index":""},"product_brand":[],"product_cat":[57,93],"product_tag":[],"class_list":{"0":"post-455","1":"product","2":"type-product","3":"status-publish","4":"has-post-thumbnail","6":"product_cat-zida-izstradajumi","7":"product_cat-zida-miega-maskas","9":"first","10":"instock","11":"sale","12":"shipping-taxable","13":"purchasable","14":"product-type-simple"},"_links":{"self":[{"href":"https:\/\/melnalapsa.lv\/en\/wp-json\/wp\/v2\/product\/455","targetHints":{"allow":["GET"]}}],"collection":[{"href":"https:\/\/melnalapsa.lv\/en\/wp-json\/wp\/v2\/product"}],"about":[{"href":"https:\/\/melnalapsa.lv\/en\/wp-json\/wp\/v2\/types\/product"}],"replies":[{"embeddable":true,"href":"https:\/\/melnalapsa.lv\/en\/wp-json\/wp\/v2\/comments?post=455"}],"wp:featuredmedia":[{"embeddable":true,"href":"https:\/\/melnalapsa.lv\/en\/wp-json\/wp\/v2\/media\/462"}],"wp:attachment":[{"href":"https:\/\/melnalapsa.lv\/en\/wp-json\/wp\/v2\/media?parent=455"}],"wp:term":[{"taxonomy":"product_brand","embeddable":true,"href":"https:\/\/melnalapsa.lv\/en\/wp-json\/wp\/v2\/product_brand?post=455"},{"taxonomy":"product_cat","embeddable":true,"href":"https:\/\/melnalapsa.lv\/en\/wp-json\/wp\/v2\/product_cat?post=455"},{"taxonomy":"product_tag","embeddable":true,"href":"https:\/\/melnalapsa.lv\/en\/wp-json\/wp\/v2\/product_tag?post=455"}],"curies":[{"name":"wp","href":"https:\/\/api.w.org\/{rel}","templated":true}]}}