{"id":437,"date":"2025-02-14T14:39:03","date_gmt":"2025-02-14T12:39:03","guid":{"rendered":"https:\/\/melnalapsa.lv\/?post_type=product&#038;p=437"},"modified":"2025-12-14T23:16:21","modified_gmt":"2025-12-14T21:16:21","slug":"pleds-dzemperis-ar-zvaigznitem","status":"publish","type":"product","link":"https:\/\/melnalapsa.lv\/en\/product\/pleds-dzemperis-ar-zvaigznitem\/","title":{"rendered":"Pleds d\u017eemperis ar zvaigzn\u012bt\u0113m"},"content":{"rendered":"<h2 data-start=\"44\" data-end=\"381\">Pel\u0113ks, liels d\u017eemperis-pleds ar tums\u0101 sp\u012bdo\u0161\u0101m zvaigzn\u0113m \u2013 ide\u0101ls aksesu\u0101rs, lai saglab\u0101tu siltumu un stilu vienlaikus. \u0160is \u0113rtais d\u017eemperis-pleds ir izgatavots no m\u012bksta un pat\u012bkama materi\u0101la, kas nodro\u0161ina komfortu visas dienas garum\u0101. Tums\u0101 sp\u012bdo\u0161\u0101s zvaigznes pie\u0161\u0137ir tam ma\u0123isku un burv\u012bgu izskatu, kas \u012bpa\u0161i izce\u013cas vakara stund\u0101s.<\/h2>\n<p data-start=\"383\" data-end=\"651\">\u0160is d\u017eemperis-pleds ir lieliski piem\u0113rots gan m\u0101j\u0101s, gan ar\u012b k\u0101 papildin\u0101jums \u0101r\u0113jiem ap\u0123\u0113rbiem v\u0113s\u0101kos laikapst\u0101k\u013cos. T\u0101 pel\u0113k\u0101 kr\u0101sa padara to viegli saska\u0146ojamu ar jebkuru ap\u0123\u0113rba stilu, bet tums\u0101 sp\u012bdo\u0161\u0101s zvaigznes pie\u0161\u0137ir tam ori\u0123inalit\u0101ti un unik\u0101lu piesk\u0101rienu.<\/p>\n<p data-start=\"653\" data-end=\"756\">Ide\u0101li piem\u0113rots d\u0101vanai vai ikdienas lieto\u0161anai, lai pievienotu siltumu un eleganci ikdienas izskatam.<\/p>\n<p data-start=\"653\" data-end=\"756\">","protected":false},"excerpt":{"rendered":"<h3>Kapuce sega sp\u012bd tums\u0101!<\/h3>\n<p>P\u0113cpusdien\u0101 iedegoties gaism\u0101 4-5 min\u016btes, uz auduma eso\u0161\u0101s fosforisk\u0101s zvaigzn\u012btes sp\u012bd\u0113s tums\u0101, pateicoties fosfora elementiem. Jo ilg\u0101k d\u017eemperis uzs\u016bc gaismu, jo spilgt\u0101k tas sp\u012bd\u0113s tums\u0101. \u0160\u0101ds efekts noteikti uzlabos j\u016bsu noska\u0146ojumu.<br \/>\n\u2022 Kr\u0101sa: pel\u0113ka<br \/>\n\u2022 Univers\u0101ls \u2013 to var izmantot gan k\u0101 d\u017eemperi, gan k\u0101 pledu. Ir pla\u0161a divpus\u0113ja kabata, \u0113rts kapuces un pla\u0161as elast\u012bgas piedurknes.<br \/>\n\u2022 Materi\u0101ls: 100% \u0161erpa poliesters &#8211; (\u0100r\u0113j\u0101 fl\u012bsa auduma virsma, iek\u0161\u0113j\u0101 \u0161erpa \u2013 vilnas imit\u0101cija).<br \/>\n\u2022 Izm\u0113rs: der liel\u0101kajai da\u013cai cilv\u0113ku. Izm\u0113rus atrad\u012bsiet att\u0113lu sada\u013c\u0101.<br \/>\n\u2022Var mazg\u0101t ve\u013cas ma\u0161\u012bn\u0101 (30\u00b0C).<\/p>\n<h3><\/h3>","protected":false},"featured_media":443,"comment_status":"open","ping_status":"closed","template":"","meta":{"_seopress_robots_primary_cat":"none","_seopress_titles_title":"Pleds d\u017eemperis ar zvaigzn\u012bt\u0113m %%sep%% melnalapsa.lv","_seopress_titles_desc":"Augstas kvalit\u0101tes, pludmales sega ar kapuci ar tums\u0101 sp\u012bdo\u0161\u0101m zvaigzn\u0113m. Pleds d\u017eemperis sp\u012bd tums\u0101! \u0100tra pieg\u0101de.","_seopress_robots_index":""},"product_brand":[],"product_cat":[18],"product_tag":[],"class_list":{"0":"post-437","1":"product","2":"type-product","3":"status-publish","4":"has-post-thumbnail","6":"product_cat-kapuces-sega","8":"first","9":"outofstock","10":"sale","11":"shipping-taxable","12":"purchasable","13":"product-type-simple"},"_links":{"self":[{"href":"https:\/\/melnalapsa.lv\/en\/wp-json\/wp\/v2\/product\/437","targetHints":{"allow":["GET"]}}],"collection":[{"href":"https:\/\/melnalapsa.lv\/en\/wp-json\/wp\/v2\/product"}],"about":[{"href":"https:\/\/melnalapsa.lv\/en\/wp-json\/wp\/v2\/types\/product"}],"replies":[{"embeddable":true,"href":"https:\/\/melnalapsa.lv\/en\/wp-json\/wp\/v2\/comments?post=437"}],"wp:featuredmedia":[{"embeddable":true,"href":"https:\/\/melnalapsa.lv\/en\/wp-json\/wp\/v2\/media\/443"}],"wp:attachment":[{"href":"https:\/\/melnalapsa.lv\/en\/wp-json\/wp\/v2\/media?parent=437"}],"wp:term":[{"taxonomy":"product_brand","embeddable":true,"href":"https:\/\/melnalapsa.lv\/en\/wp-json\/wp\/v2\/product_brand?post=437"},{"taxonomy":"product_cat","embeddable":true,"href":"https:\/\/melnalapsa.lv\/en\/wp-json\/wp\/v2\/product_cat?post=437"},{"taxonomy":"product_tag","embeddable":true,"href":"https:\/\/melnalapsa.lv\/en\/wp-json\/wp\/v2\/product_tag?post=437"}],"curies":[{"name":"wp","href":"https:\/\/api.w.org\/{rel}","templated":true}]}}