{"id":431,"date":"2025-02-14T14:25:43","date_gmt":"2025-02-14T12:25:43","guid":{"rendered":"https:\/\/melnalapsa.lv\/?post_type=product&#038;p=431"},"modified":"2025-12-14T23:16:27","modified_gmt":"2025-12-14T21:16:27","slug":"roza-dzemperis-kas-spid-tumsa","status":"publish","type":"product","link":"https:\/\/melnalapsa.lv\/en\/product\/roza-dzemperis-kas-spid-tumsa\/","title":{"rendered":"Roz\u0101 d\u017eemperis, kas sp\u012bd tums\u0101"},"content":{"rendered":"<div class=\"flex max-w-full flex-col flex-grow\">\n<div class=\"min-h-8 text-message flex w-full flex-col items-end gap-2 whitespace-normal break-words text-start [.text-message+&amp;]:mt-5\" dir=\"auto\" data-message-author-role=\"assistant\" data-message-id=\"3ba83132-a6c8-47c6-8f51-72a220f7cd8e\" data-message-model-slug=\"gpt-4o\">\n<div class=\"flex w-full flex-col gap-1 empty:hidden first:pt-[3px]\">\n<div class=\"markdown prose w-full break-words dark:prose-invert light\">\n<h2 data-start=\"0\" data-end=\"55\">Roz\u0101, liels d\u017eemperis-pleds ar tums\u0101 sp\u012bdo\u0161\u0101m zvaigzn\u0113m<\/h2>\n<\/div>\n<p>&nbsp;<\/p>\n<\/div>\n<\/div>\n<\/div>","protected":false},"excerpt":{"rendered":"<h3 data-start=\"27\" data-end=\"60\"><strong data-start=\"27\" data-end=\"58\">Pleds d\u017eemperis sp\u012bd tums\u0101!<\/strong><\/h3>\n<p data-start=\"62\" data-end=\"314\" data-is-last-node=\"\">Paturiet d\u017eemperi gaism\u0101 4\u20135 min\u016btes, un audum\u0101 eso\u0161\u0101s fosfora zvaigzn\u012btes s\u0101ks sp\u012bd\u0113t tums\u0101, pateicoties taj\u0101s eso\u0161ajiem fosfora elementiem. Jo ilg\u0101k d\u017eemperis uzs\u016bks gaismu, jo spilgt\u0101k tas sp\u012bd\u0113s tums\u0101. \u0160is efekts noteikti uzlabos j\u016bsu garast\u0101vokli!<\/p>","protected":false},"featured_media":434,"comment_status":"open","ping_status":"closed","template":"","meta":{"_seopress_robots_primary_cat":"","_seopress_titles_title":"Roz\u0101 d\u017eemperis, kas sp\u012bd tums\u0101 %%sep%% melnalapsa.lv","_seopress_titles_desc":"Tams\u0101 sp\u012bdo\u0161s d\u017eemperis-pleds ar zvaigzn\u0113m. Pledi-d\u017eemperi. Lab\u0101kais kvalit\u0101tes un cenas attiec\u012bba. \u0100tra pieg\u0101de.","_seopress_robots_index":""},"product_brand":[],"product_cat":[18],"product_tag":[],"class_list":{"0":"post-431","1":"product","2":"type-product","3":"status-publish","4":"has-post-thumbnail","6":"product_cat-kapuces-sega","8":"first","9":"outofstock","10":"sale","11":"shipping-taxable","12":"purchasable","13":"product-type-simple"},"_links":{"self":[{"href":"https:\/\/melnalapsa.lv\/en\/wp-json\/wp\/v2\/product\/431","targetHints":{"allow":["GET"]}}],"collection":[{"href":"https:\/\/melnalapsa.lv\/en\/wp-json\/wp\/v2\/product"}],"about":[{"href":"https:\/\/melnalapsa.lv\/en\/wp-json\/wp\/v2\/types\/product"}],"replies":[{"embeddable":true,"href":"https:\/\/melnalapsa.lv\/en\/wp-json\/wp\/v2\/comments?post=431"}],"wp:featuredmedia":[{"embeddable":true,"href":"https:\/\/melnalapsa.lv\/en\/wp-json\/wp\/v2\/media\/434"}],"wp:attachment":[{"href":"https:\/\/melnalapsa.lv\/en\/wp-json\/wp\/v2\/media?parent=431"}],"wp:term":[{"taxonomy":"product_brand","embeddable":true,"href":"https:\/\/melnalapsa.lv\/en\/wp-json\/wp\/v2\/product_brand?post=431"},{"taxonomy":"product_cat","embeddable":true,"href":"https:\/\/melnalapsa.lv\/en\/wp-json\/wp\/v2\/product_cat?post=431"},{"taxonomy":"product_tag","embeddable":true,"href":"https:\/\/melnalapsa.lv\/en\/wp-json\/wp\/v2\/product_tag?post=431"}],"curies":[{"name":"wp","href":"https:\/\/api.w.org\/{rel}","templated":true}]}}