{"id":31,"date":"2025-01-16T20:44:28","date_gmt":"2025-01-16T18:44:28","guid":{"rendered":"https:\/\/melnalapsa.lv\/?post_type=product&#038;p=31"},"modified":"2025-12-14T23:16:36","modified_gmt":"2025-12-14T21:16:36","slug":"liela-izmera-kapuces-sega-hoodie-blanket","status":"publish","type":"product","link":"https:\/\/melnalapsa.lv\/en\/product\/liela-izmera-kapuces-sega-hoodie-blanket\/","title":{"rendered":"Liela izm\u0113ra kapuces sega Hoodie Blanket Cosmic"},"content":{"rendered":"<h3>Melns r\u016btains d\u017eemperis ar kosmosa ilustr\u0101cij\u0101m (m\u0113ness, z\u0101le, zvaigznes).<\/h3>\n<p>Univers\u0101la izm\u0113ra r\u016btains d\u017eemperis, kas ienes\u012bs j\u016bsu m\u0101j\u0101s v\u0113l vair\u0101k m\u0101j\u012bguma un siltuma. D\u017eemperis, kas uztur\u0113s siltumu un komfortu, pavadot laiku m\u0101j\u0101s uz d\u012bv\u0101na, skatoties televizoru, sp\u0113l\u0113jot video vai galda sp\u0113les, lasot gr\u0101matu vai veicot citas iecien\u012btas aktivit\u0101tes. Tas ir lieliski piem\u0113rots ar\u012b omul\u012bg\u0101m sapulc\u0113m ar draugiem un izbraucieniem dab\u0101 vai str\u0101d\u0101jot ar datoru.<\/p>\n<ul>\n<li>R\u016btainajam d\u017eemperim rakstur\u012bgi plati \u2013 va\u013c\u012bgi izm\u0113ri un liela kapuce, t\u0101p\u0113c ar \u0161o r\u016btaino d\u017eemperi omul\u012bgi jut\u012bsies gandr\u012bz jebkura auguma un miesasb\u016bves cilv\u0113ks. P\u0113c k\u0101ju saloc\u012b\u0161anas ar \u0161o segu &#8211; d\u017eemperi, j\u016bs varat viegli nosegt visu \u0137ermeni!<\/li>\n<li>D\u017eemperim ir liela abpus\u0113ja kabata, kur\u0101 var \u0113rti ievietot mobilo t\u0101lruni, televizora t\u0101lvad\u012bbas pulti vai rokas.<\/li>\n<\/ul>\n<p>Liel\u0101 silt\u0101 sega ir izgatavota no kvalitat\u012bva 100% Polystier &#8211; \u0161erpa, kas atg\u0101dina vilnu &#8211; t\u0101 ir silta un pat\u012bkama taustei, elpojo\u0161a, neburbu\u013co, un taj\u0101 pa\u0161\u0101 laik\u0101 \u0161\u012b materi\u0101la kop\u0161ana nav gr\u016bta.<\/p>\n<p>T\u0101 var b\u016bt lieliska univers\u0101la d\u0101vana draudzenei, mammai, t\u0113tim, draugam un citiem tuviem cilv\u0113kiem Ziemassv\u0113tkos, Valent\u012bndien\u0101, dzim\u0161anas dien\u0101 vai cit\u0101 \u012bpa\u0161\u0101 dien\u0101.<\/p>","protected":false},"excerpt":{"rendered":"<h2>Silts r\u016btains d\u017eemperis.<\/h2>\n<p><strong>Kr\u0101sa<\/strong> &#8211; melna ar kr\u0101sain\u0101m ilustr\u0101cij\u0101m.<br \/>\n<strong>Univers\u0101ls<\/strong> &#8211; var izmantot k\u0101 d\u017eemperi un k\u0101 segu.<br \/>\nTam ir plata, divpus\u0113ja kabata, \u0113rta kapuce un platas elast\u012bgas piedurknes.<br \/>\n<strong>Silts<\/strong> \u2013 sasild\u012bs no galvas l\u012bdz k\u0101j\u0101m.<br \/>\n<strong>Materi\u0101ls:<\/strong> 100% \u0161erpa poliesters &#8211; (fl\u012bsa audums \u0101rpus\u0113, \u0161erpa iek\u0161pus\u0113 &#8211; vilnas imit\u0101cija)<br \/>\n<strong>Izm\u0113rs:<\/strong> der liel\u0101kajai da\u013cai cilv\u0113ku. M\u0113r\u012bjumus skatiet fotoatt\u0113lu sada\u013c\u0101.<\/p>\n<p>Var mazg\u0101t ve\u013cas ma\u0161\u012bn\u0101 (30\u00b0C)<\/p>","protected":false},"featured_media":417,"comment_status":"open","ping_status":"closed","template":"","meta":{"_seopress_robots_primary_cat":"none","_seopress_titles_title":"Izm\u0113ra kapuces sega Hoodie Blanket %%sep%% melnalapsa.lv","_seopress_titles_desc":"Oversize d\u017eemperis pleds. Liels r\u016btains d\u017eemperis. Silti d\u017eemperi, pledi. Lab\u0101k\u0101 kvalit\u0101tes un cenas attiec\u012bba. \u0100tra pieg\u0101de.","_seopress_robots_index":""},"product_brand":[],"product_cat":[18],"product_tag":[17],"class_list":{"0":"post-31","1":"product","2":"type-product","3":"status-publish","4":"has-post-thumbnail","6":"product_cat-kapuces-sega","7":"product_tag-liela-izmera-kapuces","9":"first","10":"outofstock","11":"sale","12":"featured","13":"shipping-taxable","14":"purchasable","15":"product-type-simple"},"_links":{"self":[{"href":"https:\/\/melnalapsa.lv\/en\/wp-json\/wp\/v2\/product\/31","targetHints":{"allow":["GET"]}}],"collection":[{"href":"https:\/\/melnalapsa.lv\/en\/wp-json\/wp\/v2\/product"}],"about":[{"href":"https:\/\/melnalapsa.lv\/en\/wp-json\/wp\/v2\/types\/product"}],"replies":[{"embeddable":true,"href":"https:\/\/melnalapsa.lv\/en\/wp-json\/wp\/v2\/comments?post=31"}],"wp:featuredmedia":[{"embeddable":true,"href":"https:\/\/melnalapsa.lv\/en\/wp-json\/wp\/v2\/media\/417"}],"wp:attachment":[{"href":"https:\/\/melnalapsa.lv\/en\/wp-json\/wp\/v2\/media?parent=31"}],"wp:term":[{"taxonomy":"product_brand","embeddable":true,"href":"https:\/\/melnalapsa.lv\/en\/wp-json\/wp\/v2\/product_brand?post=31"},{"taxonomy":"product_cat","embeddable":true,"href":"https:\/\/melnalapsa.lv\/en\/wp-json\/wp\/v2\/product_cat?post=31"},{"taxonomy":"product_tag","embeddable":true,"href":"https:\/\/melnalapsa.lv\/en\/wp-json\/wp\/v2\/product_tag?post=31"}],"curies":[{"name":"wp","href":"https:\/\/api.w.org\/{rel}","templated":true}]}}