{"id":96,"date":"2025-01-21T22:53:16","date_gmt":"2025-01-21T20:53:16","guid":{"rendered":"https:\/\/melnalapsa.lv\/?page_id=96"},"modified":"2025-01-21T22:55:42","modified_gmt":"2025-01-21T20:55:42","slug":"privatuma-politika","status":"publish","type":"page","link":"https:\/\/melnalapsa.lv\/en\/privatuma-politika\/","title":{"rendered":"Priv\u0101tuma politika"},"content":{"rendered":"<p><strong>Visp\u0101r\u012bga inform\u0101cija<\/strong><\/p>\n\n\n\n<p>UAB \u201cDabus\u201d ciena savu apmekl\u0113t\u0101ju un pirc\u0113ju priv\u0101tumu, t\u0101p\u0113c m\u0113s garant\u0113jam, ka \u0161aj\u0101 interneta veikal\u0101 j\u016bsu sniegt\u0101 inform\u0101cija tiek izmantota un uzglab\u0101ta dro\u0161i. Tom\u0113r, lai v\u0113l\u0101k nerastos p\u0101rpratumi, pirms pas\u016bt\u012bjuma veik\u0161anas izlasiet turpm\u0101k min\u0113tos noteikumus.<\/p>\n\n\n\n<p>UAB \u201cDabus\u201d patur ties\u012bbas jebkur\u0101 laik\u0101 main\u012bt \u0161os noteikumus un nosac\u012bjumus, t\u0101p\u0113c jums vajadz\u0113tu atk\u0101rtoti izlas\u012bt \u0161os noteikumus un nosac\u012bjumus katru reizi, kad izmantojat \u0161o t\u012bmek\u013ca vietni. Izmantojot \u0161\u012b e-veikala sniegtos pakalpojumus, j\u016bs apstiprin\u0101t, ka piekr\u012btat iev\u0113rot \u0161os Noteikumus un nosac\u012bjumus.<\/p>\n\n\n\n<p><strong>V\u0101cam\u0101 inform\u0101cija<\/strong><\/p>\n\n\n\n<p>Visi m\u016bsu Klienti ir vienl\u012bdz svar\u012bgi! Tom\u0113r t\u0101da inform\u0101cija k\u0101 j\u016bsu v\u0101rds, uzv\u0101rds, adrese, e-pasta adrese, t\u0101lru\u0146a numurs ir nepiecie\u0161ama, lai m\u0113s var\u0113tu apstiprin\u0101t j\u016bsu pas\u016bt\u012bjumu un savlaic\u012bgi to nog\u0101d\u0101t un pieg\u0101d\u0101t uz pareizo adresi.<\/p>\n\n\n\n<p>M\u0113s nesast\u0101d\u0101m nek\u0101dus klientu sarakstus un nenododam tos tre\u0161\u0101m person\u0101m, kas nav saist\u012btas ar j\u016bsu pas\u016bt\u012bjumu. M\u016bsu apkopot\u0101 personisk\u0101 inform\u0101cija par jums paliek mums. M\u0113s izmantojam \u0161o inform\u0101ciju, lai sniegtu un uztur\u0113tu m\u016bsu pakalpojumus jums, piem\u0113ram, pieg\u0101d\u0101tu jums preces, sazin\u0101tos ar jums par pas\u016bt\u012bjumiem vai citiem j\u016bsu jaut\u0101jumiem, pieg\u0101d\u0101tu informat\u012bvos bi\u013cetenus vai PVN r\u0113\u0137inus utt.<\/p>\n\n\n\n<p>M\u0113s nedal\u0101mies ar j\u016bsu personisko inform\u0101ciju ar uz\u0146\u0113mumiem vai priv\u0101tperson\u0101m, iz\u0146emot \u0161eit noteiktos ierobe\u017eotos gad\u012bjumos. Lai veiktu noteiktas nepiecie\u0161am\u0101s darb\u012bbas &#8211; lai pieg\u0101d\u0101tu pas\u016bt\u012bjumus, nor\u0113\u0137in\u0101tos par kred\u012btkar\u0161u maks\u0101jumiem (piem., Paysera). Visa klienta personisk\u0101 inform\u0101cija tiek apstr\u0101d\u0101ta saska\u0146\u0101 ar sp\u0113k\u0101 eso\u0161ajiem ties\u012bbu aktiem un noteikumiem. J\u016bsu personas dati bez j\u016bsu piekri\u0161anas netiks izmantoti citiem m\u0113r\u0137iem, iz\u0146emot iepriek\u0161 min\u0113tos, ja vien to neprasa piem\u0113rojamie ties\u012bbu akti vai noteikumi.<\/p>\n\n\n\n<p>Sniedzot mums savus personas datus, Pirc\u0113js piekr\u012bt, ka m\u0113s varam v\u0101kt, izmantot un izpaust personas datus iepriek\u0161 min\u0113tajiem m\u0113r\u0137iem.<\/p>\n\n\n\n<p><\/p>\n\n\n\n<figure class=\"wp-block-image aligncenter size-full is-resized\"><img fetchpriority=\"high\" decoding=\"async\" width=\"661\" height=\"732\" src=\"https:\/\/melnalapsa-lv.preview-domain.com\/wp-content\/uploads\/2025\/01\/juodalape-logo.jpg\" alt=\"melnalapsa logo\" class=\"wp-image-10\" style=\"width:197px;height:auto\" srcset=\"https:\/\/melnalapsa.lv\/wp-content\/uploads\/2025\/01\/juodalape-logo.jpg 661w, https:\/\/melnalapsa.lv\/wp-content\/uploads\/2025\/01\/juodalape-logo-600x664.jpg 600w, https:\/\/melnalapsa.lv\/wp-content\/uploads\/2025\/01\/juodalape-logo-271x300.jpg 271w\" sizes=\"(max-width: 661px) 100vw, 661px\" \/><\/figure>\n\n\n\n<p><\/p>","protected":false},"excerpt":{"rendered":"<p>Visp\u0101r\u012bga inform\u0101cija UAB \u201cDabus\u201d ciena savu apmekl\u0113t\u0101ju un pirc\u0113ju priv\u0101tumu, t\u0101p\u0113c m\u0113s garant\u0113jam, ka \u0161aj\u0101 interneta veikal\u0101 j\u016bsu sniegt\u0101 inform\u0101cija tiek izmantota un uzglab\u0101ta dro\u0161i. Tom\u0113r, lai v\u0113l\u0101k nerastos p\u0101rpratumi, pirms pas\u016bt\u012bjuma veik\u0161anas izlasiet turpm\u0101k min\u0113tos noteikumus. UAB \u201cDabus\u201d patur ties\u012bbas jebkur\u0101 laik\u0101 main\u012bt \u0161os noteikumus un nosac\u012bjumus, t\u0101p\u0113c jums vajadz\u0113tu atk\u0101rtoti izlas\u012bt \u0161os noteikumus [&hellip;]<\/p>","protected":false},"author":1,"featured_media":0,"parent":0,"menu_order":0,"comment_status":"closed","ping_status":"closed","template":"","meta":{"_seopress_robots_primary_cat":"","_seopress_titles_title":"","_seopress_titles_desc":"","_seopress_robots_index":"","footnotes":""},"class_list":["post-96","page","type-page","status-publish","hentry"],"blocksy_meta":[],"_links":{"self":[{"href":"https:\/\/melnalapsa.lv\/en\/wp-json\/wp\/v2\/pages\/96","targetHints":{"allow":["GET"]}}],"collection":[{"href":"https:\/\/melnalapsa.lv\/en\/wp-json\/wp\/v2\/pages"}],"about":[{"href":"https:\/\/melnalapsa.lv\/en\/wp-json\/wp\/v2\/types\/page"}],"author":[{"embeddable":true,"href":"https:\/\/melnalapsa.lv\/en\/wp-json\/wp\/v2\/users\/1"}],"replies":[{"embeddable":true,"href":"https:\/\/melnalapsa.lv\/en\/wp-json\/wp\/v2\/comments?post=96"}],"version-history":[{"count":2,"href":"https:\/\/melnalapsa.lv\/en\/wp-json\/wp\/v2\/pages\/96\/revisions"}],"predecessor-version":[{"id":99,"href":"https:\/\/melnalapsa.lv\/en\/wp-json\/wp\/v2\/pages\/96\/revisions\/99"}],"wp:attachment":[{"href":"https:\/\/melnalapsa.lv\/en\/wp-json\/wp\/v2\/media?parent=96"}],"curies":[{"name":"wp","href":"https:\/\/api.w.org\/{rel}","templated":true}]}}