{"id":90,"date":"2025-01-21T22:15:51","date_gmt":"2025-01-21T20:15:51","guid":{"rendered":"https:\/\/melnalapsa.lv\/?page_id=90"},"modified":"2025-03-13T16:29:35","modified_gmt":"2025-03-13T14:29:35","slug":"noteikumi-un-nosacijumi","status":"publish","type":"page","link":"https:\/\/melnalapsa.lv\/en\/noteikumi-un-nosacijumi\/","title":{"rendered":"Noteikumi un Nosac\u012bjumi"},"content":{"rendered":"<div data-elementor-type=\"wp-page\" data-elementor-id=\"90\" class=\"elementor elementor-90\">\n\t\t\t\t<div class=\"elementor-element elementor-element-4a3e9a3c e-flex e-con-boxed e-con e-parent\" data-id=\"4a3e9a3c\" data-element_type=\"container\" data-e-type=\"container\">\n\t\t\t\t\t<div class=\"e-con-inner\">\n\t\t\t\t<div class=\"elementor-element elementor-element-39520365 elementor-widget elementor-widget-text-editor\" data-id=\"39520365\" data-element_type=\"widget\" data-e-type=\"widget\" data-widget_type=\"text-editor.default\">\n\t\t\t\t<div class=\"elementor-widget-container\">\n\t\t\t\t\t\t\t\t\t\n<p><strong>Pre\u010du pirk\u0161anas un p\u0101rdo\u0161anas noteikumi tie\u0161saistes tirdzniec\u012bbas centr\u0101 www.melnalapsa.lv<\/strong><\/p>\n\n<ol class=\"wp-block-list\">\n<li>Visp\u0101r\u012bgi noteikumi<\/li>\n\n<li>Darba laiks<\/li>\n\n<li>Personas datu aizsardz\u012bba<\/li>\n\n<li>Pirkuma un p\u0101rdo\u0161anas l\u012bguma nosl\u0113g\u0161anas br\u012bdis<\/li>\n\n<li>Pirc\u0113ja ties\u012bbas<\/li>\n\n<li>Pirc\u0113ja pien\u0101kumi<\/li>\n\n<li>P\u0101rdev\u0113ja ties\u012bbas<\/li>\n\n<li>P\u0101rdev\u0113ja pien\u0101kumi<\/li>\n\n<li>Cenas, maks\u0101\u0161anas k\u0101rt\u012bba un termi\u0146i<\/li>\n\n<li>Pre\u010du pieg\u0101de<\/li>\n\n<li>Pre\u010du kvalit\u0101tes garantija un der\u012bguma termi\u0146\u0161<\/li>\n\n<li>Pre\u010du atgrie\u0161ana un apmai\u0146a<\/li>\n\n<li>Atbild\u012bba<\/li>\n\n<li>Tirgot\u0101ja veiktie tirdzniec\u012bbas pas\u0101kumi<\/li>\n\n<li>Inform\u0101cijas apmai\u0146a<\/li>\n\n<li>Nobeiguma noteikumi<\/li>\n<\/ol>\n\n<ol class=\"wp-block-list\">\n<li><strong>Visp\u0101r\u012bgi noteikumi<\/strong><\/li>\n<\/ol>\n\n<p>1.1. \u0160ie Pre\u010du pirk\u0161anas-p\u0101rdo\u0161anas noteikumi (turpm\u0101k tekst\u0101 &#8211; \u201cNoteikumi\u201d) p\u0113c tam, kad tos ir apstiprin\u0101jis Pirc\u0113js (iepaz\u012bstoties ar Noteikumiem un atz\u012bm\u0113jot r\u016bti\u0146u pie pazi\u0146ojuma \u201cEsmu piekritis Pirk\u0161anas-p\u0101rdo\u0161anas noteikumiem\u201d), ir pus\u0113m saisto\u0161s juridisks dokuments, kas nosaka Pirc\u0113ja un P\u0101rdev\u0113ja ties\u012bbas un pien\u0101kumus, Pre\u010du ieg\u0101des un samaksas nosac\u012bjumus, Pre\u010du pieg\u0101des un atgrie\u0161anas k\u0101rt\u012bbu, Pu\u0161u atbild\u012bbu un citus noteikumus, kas attiecas uz Pre\u010du pirk\u0161anu un p\u0101rdo\u0161anu interneta veikal\u0101 www.melnalapsa.lv<\/p>\n\n<p>1.2. P\u0101rdev\u0113js patur ties\u012bbas jebkur\u0101 laik\u0101 main\u012bt, groz\u012bt vai papildin\u0101t Noteikumus, \u0146emot v\u0113r\u0101 normat\u012bvo aktu pras\u012bbas.<\/p>\n\n<p>1.3. Ties\u012bbas veikt pirkumus m\u016bsu tie\u0161saistes veikal\u0101 ir:<\/p>\n\n<p>1.3.1. r\u012bc\u012bbsp\u0113j\u012bgas fiziskas personas, t.i., personas, kuras ir sasniegu\u0161as pilngad\u012bbu un kuru r\u012bc\u012bbsp\u0113ja nav ierobe\u017eota ar tiesas l\u0113mumu;<\/p>\n\n<p>1.3.2. nepilngad\u012bgas personas vecum\u0101 no \u010detrpadsmit l\u012bdz asto\u0146padsmit gadiem tikai ar vec\u0101ku vai aizbild\u0146u piekri\u0161anu, iz\u0146emot gad\u012bjumus, kad vi\u0146i ir patst\u0101v\u012bgi;<\/p>\n\n<p>1.3.3. juridisk\u0101m person\u0101m;<\/p>\n\n<p>1.4. \u0160ie noteikumi ir izstr\u0101d\u0101ti saska\u0146\u0101 ar Latvijas Republikas ties\u012bbu aktiem.<\/p>\n\n<ol class=\"wp-block-list\" start=\"2\">\n<li><strong>Darba laiks<\/strong><\/li>\n<\/ol>\n\n<p>2.1 Pas\u016bt\u012bjumi tie\u0161saist\u0113 0:00 &#8211; 24:00<\/p>\n\n<ol class=\"wp-block-list\" start=\"3\">\n<li><strong>Personas datu aizsardz\u012bba<\/strong><\/li>\n<\/ol>\n\n<p>3.1. Piekr\u012btot \u0161iem Noteikumiem un nosac\u012bjumiem, Pirc\u0113js piekr\u012bt savu personas datu apstr\u0101dei pre\u010du un pakalpojumu p\u0101rdo\u0161anas nol\u016bkos elektroniskaj\u0101 veikal\u0101 www.www.melnalapsa.lv, P\u0101rdev\u0113ja darb\u012bbas anal\u012bzei un tie\u0161\u0101 m\u0101rketinga nol\u016bkos.<\/p>\n\n<p>3.2. Piekr\u012btot savu personas datu apstr\u0101dei pre\u010du un pakalpojumu p\u0101rdo\u0161anas nol\u016bkos P\u0101rdev\u0113ja elektroniskaj\u0101 veikal\u0101, Pirc\u0113js piekr\u012bt ar\u012b informat\u012bvo zi\u0146ojumu nos\u016bt\u012b\u0161anai uz vi\u0146a nor\u0101d\u012bto e-pasta adresi un t\u0101lru\u0146a numuru, kas nepiecie\u0161ami pre\u010du pas\u016bt\u012bjuma izpildei.<\/p>\n\n<p>3.3. Ja Pirc\u0113js nev\u0113las, lai vi\u0146a e-pasta adrese tiktu apstr\u0101d\u0101ta tie\u0161\u0101 m\u0101rketinga nol\u016bkos, vi\u0146am\/vi\u0146ai par to j\u0101inform\u0113 P\u0101rdev\u0113js, nos\u016btot e-pastu uz info@juodalape.lt.<\/p>\n\n<p>3.4. P\u0101rdev\u0113js apliecina, ka Pirc\u0113ja sniegtie personas dati tiks apstr\u0101d\u0101ti tikai pre\u010du un pakalpojumu p\u0101rdo\u0161anas tie\u0161saistes veikal\u0101 www.melnalapsa.lt , P\u0101rdev\u0113ja darb\u012bbas anal\u012bzes un tie\u0161\u0101 m\u0101rketinga vajadz\u012bb\u0101m (ja vien Pirc\u0113js Noteikumu 3.3. punkt\u0101 noteiktaj\u0101 k\u0101rt\u012bb\u0101 nepazi\u0146o, ka nev\u0113las, lai vi\u0146a personas dati tiktu apstr\u0101d\u0101ti tie\u0161\u0101 m\u0101rketinga vajadz\u012bb\u0101m). P\u0101rdev\u0113js ap\u0146emas neizpaust Pirc\u0113ja personas datus tre\u0161aj\u0101m person\u0101m, iz\u0146emot P\u0101rdev\u0113ja partnerus, kas sniedz pieg\u0101des vai citus ar Pirc\u0113ja pas\u016bt\u012bjuma pien\u0101c\u012bgu izpildi saist\u012btus pakalpojumus. Visos citos gad\u012bjumos Pirc\u0113ja personas datus dr\u012bkst izpaust tre\u0161aj\u0101m person\u0101m tikai Latvijas Republikas ties\u012bbu aktos noteiktaj\u0101 k\u0101rt\u012bb\u0101.<\/p>\n\n<ol class=\"wp-block-list\" start=\"4\">\n<li><strong>Pirkuma un p\u0101rdo\u0161anas l\u012bguma nosl\u0113g\u0161anas br\u012bdis<\/strong><\/li>\n<\/ol>\n\n<p>Noklik\u0161\u0137inot uz pogas \u201cPAS\u016aT\u012aT\u201d, nav saisto\u0161s pien\u0101kums samaks\u0101t naudu.<\/p>\n\n<p>4.1. L\u012bgums starp Pirc\u0113ju un P\u0101rdev\u0113ju tiek nosl\u0113gts divos veidos:<\/p>\n\n<p>4.1.1. kad Pirc\u0113js, kuram nav nosl\u0113gts atlikt\u0101 maks\u0101juma l\u012bgums ar www.melnalapsa.lv, p\u0113c ieg\u0101d\u0101jam\u0101(-o) produkta(-u) izv\u0113les un iepirkumu groza izveido\u0161anas noklik\u0161\u0137ina uz saites \u201cPAS\u016aT\u012aT\u201d.<\/p>\n\n<p>4.1.2. kad pirc\u0113js, kuram ir nosl\u0113gts atlikt\u0101 maks\u0101juma l\u012bgums ar www.melnalapsa.lv, p\u0113c tam, kad ir izv\u0113l\u0113jies ieg\u0101d\u0101jamo(-\u0101s) preci(-es) un izveidojis iepirkumu grozu, noklik\u0161\u0137ina uz saites \u201cPAS\u016aT\u012aT\u201d.<\/p>\n\n<p>4.2. Pirms klik\u0161\u0137in\u0101t uz pogas \u201cPAS\u016aT\u012aT\u201d, pirc\u0113jam ir j\u0101iepaz\u012bstas ar \u0161iem noteikumiem. Pirc\u0113js apstiprina savu piekri\u0161anu \u0161iem noteikumiem, atz\u012bm\u0113jot lodzi\u0146u \u201cAPSTIPRINU p\u0101rdo\u0161anas noteikumus un nosac\u012bjumus\u201d.<\/p>\n\n<p>4.3. Katrs Pirc\u0113ja veiktais pas\u016bt\u012bjums tiek re\u0123istr\u0113ts un saglab\u0101ts tie\u0161saistes tirdzniec\u012bbas centra www.melnalapsa.lt datub\u0101z\u0113.<\/p>\n\n<ol class=\"wp-block-list\" start=\"5\">\n<li><strong>Pirc\u0113ja ties\u012bbas<\/strong><\/li>\n<\/ol>\n\n<p>5.1. Pirc\u0113jam ir ties\u012bbas ieg\u0101d\u0101ties preces no www.www.melnalapsa.lv saska\u0146\u0101 ar \u0161iem Noteikumiem un nosac\u012bjumiem.<\/p>\n\n<p>5.2. Pirc\u0113jam ir ties\u012bbas atk\u0101pties no pirkuma l\u012bguma, kas nosl\u0113gts ar interneta veikalu www.www.melnalapsa.lv, rakstiski (pa e-pastu, nor\u0101dot atgrie\u017eamo preci un t\u0101s pas\u016bt\u012bjuma numuru) pazi\u0146ojot par to P\u0101rdev\u0113jam ne v\u0113l\u0101k k\u0101 7 (piecu) darba dienu laik\u0101 no preces pieg\u0101des dienas, iz\u0146emot gad\u012bjumus, kad l\u012bgums ir nosl\u0113gts \u0161\u0101du iemeslu d\u0113\u013c:<\/p>\n\n<p>5.2.1. parfim\u0113rijas, kosm\u0113tikas izstr\u0101d\u0101jumi.<\/p>\n\n<ol class=\"wp-block-list\" start=\"6\">\n<li><strong>Pirc\u0113ja pien\u0101kumi<\/strong><\/li>\n<\/ol>\n\n<p>6.1. Pirc\u0113js veic samaksu un pie\u0146em Preces saska\u0146\u0101 ar \u0161iem Noteikumiem.<\/p>\n\n<p>6.2. P\u0113c re\u0123istr\u0113\u0161an\u0101s Pirc\u0113js ap\u0146emas neizpaust savus pieteik\u0161an\u0101s datus tre\u0161aj\u0101m person\u0101m. Ja Pirc\u0113js pazaud\u0113 savus pieteik\u0161an\u0101s datus, vi\u0146am\/vi\u0146ai par to nekav\u0113joties j\u0101inform\u0113 P\u0101rdev\u0113js, nos\u016btot e-pastu uz info@juodalape.lt.<\/p>\n\n<p>6.3. Ja re\u0123istr\u0113t\u0101 Pirc\u0113ja re\u0123istr\u0101cijas veidlap\u0101 nor\u0101d\u012btie dati main\u0101s, re\u0123istr\u0113tajam Pirc\u0113jam tie ir j\u0101atjaunina.<\/p>\n\n<p>6.4. Izmantojot interneta veikalu www.melnalapsa.lv, Pirc\u0113js ap\u0146emas iev\u0113rot \u0161os Noteikumus un nosac\u012bjumus, citus interneta veikal\u0101 skaidri nor\u0101d\u012btos noteikumus un nosac\u012bjumus, k\u0101 ar\u012b nep\u0101rk\u0101pt Latvijas Republikas ties\u012bbu aktus.<\/p>\n\n<ol class=\"wp-block-list\" start=\"7\">\n<li><strong>Seller&#8217;s rights<\/strong><\/li>\n<\/ol>\n\n<p>7.1. Ja Pirc\u0113js m\u0113\u0123ina graut interneta veikala stabilit\u0101ti un dro\u0161\u012bbu vai p\u0101rk\u0101pj savas saist\u012bbas, P\u0101rdev\u0113jam ir ties\u012bbas nekav\u0113joties un bez br\u012bdin\u0101juma ierobe\u017eot vai aptur\u0113t Pirc\u0113ja piek\u013cuvi interneta veikalam vai iz\u0146\u0113muma gad\u012bjumos anul\u0113t pas\u016bt\u012bjumu.<\/p>\n\n<p>7.2. Svar\u012bgu apst\u0101k\u013cu gad\u012bjum\u0101 P\u0101rdev\u0113js var uz laiku vai past\u0101v\u012bgi aptur\u0113t interneta veikala darb\u012bbu bez iepriek\u0161\u0113ja br\u012bdin\u0101juma Pirc\u0113jam.<\/p>\n\n<p>7.3. P\u0101rdev\u0113js ir ties\u012bgs atcelt Pirc\u0113ja pas\u016bt\u012bjumu bez iepriek\u0161\u0113ja br\u012bdin\u0101juma Pirc\u0113jam, ja Pirc\u0113js nesamaks\u0101 par Preci vai cit\u0101di nepiekr\u012bt 3 (tr\u012bs) darba dienu laik\u0101.<\/p>\n\n<p>P\u0101rdev\u0113ja pien\u0101kumi<\/p>\n\n<p>8.1. P\u0101rdev\u0113js ap\u0146emas nodro\u0161in\u0101t Pirc\u0113jam piek\u013cuvi interneta veikala www.www.melnalapsa.lv pakalpojumiem saska\u0146\u0101 ar \u0161ajos Noteikumos un interneta veikal\u0101 izkl\u0101st\u012btajiem noteikumiem un nosac\u012bjumiem.<\/p>\n\n<p>8.2. P\u0101rdev\u0113js ap\u0146emas iev\u0113rot un aizsarg\u0101t Pirc\u0113ja ties\u012bbas uz priv\u0101tumu attiec\u012bb\u0101 uz vi\u0146am piedero\u0161o personisko inform\u0101ciju, kas nor\u0101d\u012bta interneta veikala re\u0123istr\u0101cijas veidlap\u0101, saska\u0146\u0101 ar Lietuvas Republikas ties\u012bbu aktiem.<\/p>\n\n<p>8.3. P\u0101rdev\u0113js ap\u0146emas pieg\u0101d\u0101t Pirc\u0113ja pas\u016bt\u012bt\u0101s preces uz Pirc\u0113ja nor\u0101d\u012bto adresi saska\u0146\u0101 ar Noteikumos noteiktajiem noteikumiem un nosac\u012bjumiem.s ordered by the Buyer to the address indicated by the Buyer in accordance with the terms and conditions set out in the Regulations.<\/p>\n\n<p>8.4. Ja b\u016btisku apst\u0101k\u013cu d\u0113\u013c P\u0101rdev\u0113js nevar pieg\u0101d\u0101t Pirc\u0113jam pas\u016bt\u012bto preci, P\u0101rdev\u0113js ap\u0146emas pied\u0101v\u0101t analogu preci vai preci, kas p\u0113c sav\u0101m \u012bpa\u0161\u012bb\u0101m ir p\u0113c iesp\u0113jas l\u012bdz\u012bg\u0101ka. Ja Pirc\u0113js atsak\u0101s pie\u0146emt analogu vai maksim\u0101li l\u012bdz\u012bgu preci, P\u0101rdev\u0113js ap\u0146emas 3 (tr\u012bs) darba dienu laik\u0101 atmaks\u0101t Pirc\u0113ja samaks\u0101to naudu, ja ir veikta priek\u0161apmaksa.<\/p>\n\n<p>9. <strong>Cenas, maks\u0101\u0161anas k\u0101rt\u012bba un noteikumi<\/strong><\/p>\n\n<p>9.1. Pre\u010du cenas interneta veikal\u0101 un pas\u016bt\u012bjuma veidlap\u0101 tiek nor\u0101d\u012btas euro, ieskaitot.<\/p>\n\n<p>9.2. Pirc\u0113js par Prec\u0113m nor\u0113\u0137in\u0101s vien\u0101 no \u0161\u0101diem veidiem:<\/p>\n\n<p>9.2.1. apmaksa ar bankas p\u0101rskait\u012bjumu &#8211; t\u0101 ir priek\u0161apmaksa, kad Pirc\u0113js, izdruk\u0101jot pas\u016bt\u012bjumu un izmantojot elektronisko banku vai dodoties uz tuv\u0101ko bankas fili\u0101li, p\u0101rskaita naudu uz bankas kontu www.melnalapsa.lv<\/p>\n\n<p>9.2.3. skaidr\u0101 naud\u0101, ieg\u0101d\u0101joties l\u012bzingu.<\/p>\n\n<p>9.3. Pirc\u0113js, piekr\u012btot Noteikumiem, piekr\u012bt, ka pirkuma dokumenti, t.i., r\u0113\u0137ini, kas vienlaikus ir ar\u012b pre\u010du garantijas taloni, vi\u0146am tiek iesniegti elektroniski uz Pirc\u0113ja re\u0123istr\u0101cijas anket\u0101 nor\u0101d\u012bto e-pasta adresi. R\u0113\u0137ini iepriek\u0161 min\u0113taj\u0101 form\u0101 Pirc\u0113jam j\u0101iesniedz ne v\u0113l\u0101k k\u0101 l\u012bdz pre\u010du pieg\u0101des br\u012bdim. R\u0113\u0137inos nor\u0101da izv\u0113l\u0113t\u0101s preces, to daudzumu un pie\u0161\u0137irt\u0101s atlaides.<\/p>\n\n<ol class=\"wp-block-list\" start=\"10\">\n<li><strong>Pre\u010du pieg\u0101de<\/strong><\/li>\n<\/ol>\n\n<p>10.1. Pas\u016btot Preces, Pirc\u0113js var izv\u0113l\u0113ties Pre\u010du pieg\u0101des veidu, t.i., izmantot P\u0101rdev\u0113ja pieg\u0101des pakalpojumu vai sa\u0146emt Preces k\u0101d\u0101 no P\u0101rdev\u0113ja inkas\u0101cijas punktiem.<\/p>\n\n<p>10.2 Pre\u010du pieg\u0101de Pirc\u0113jam:<\/p>\n\n<p>10.2.1. Pirc\u0113js, izv\u0113loties pieg\u0101des pakalpojumu pas\u016bt\u012bjuma br\u012bd\u012b, ap\u0146emas nor\u0101d\u012bt prec\u012bzu pieg\u0101des vietu.<\/p>\n\n<p>10.2.2. Pirc\u0113js ap\u0146emas pats sa\u0146emt Preces. 10.2.2.3. Gad\u012bjum\u0101, ja Pirc\u0113js nevar pats sa\u0146emt Preces un Preces tiek pieg\u0101d\u0101tas uz nor\u0101d\u012bto adresi un pamatojoties uz citiem Pirc\u0113ja sniegtajiem datiem, Pirc\u0113jam nav ties\u012bbu celt pretenzijas pret P\u0101rdev\u0113ju par Pre\u010du pieg\u0101di nepareizai personai.<\/p>\n\n<p>10.2.3. Preces pieg\u0101d\u0101 P\u0101rdev\u0113js vai t\u0101 pilnvarots p\u0101rst\u0101vis.<\/p>\n\n<p>10.2.4 Pieg\u0101des\/transporta maksa tiek noteikta atkar\u012bb\u0101 no pieg\u0101des vietas un Pre\u010du svara.<\/p>\n\n<p>10.2.5 Pas\u016bt\u012bt\u0101s Preces ir j\u0101sa\u0146em ne v\u0113l\u0101k k\u0101 5 (piecu) darba dienu laik\u0101 no dienas, kad P\u0101rdev\u0113js ir apstiprin\u0101jis, ka pas\u016bt\u012bjums jau atrodas \u201csav\u0101k\u0161anas punkt\u0101\u201d un to var sa\u0146emt.<\/p>\n\n<p>10.2.6 Preces var sa\u0146emt tikai pas\u016bt\u012bjum\u0101 nor\u0101d\u012btais sa\u0146\u0113m\u0113js. 10.2.7. Sa\u0146emot Preci, ir nepiecie\u0161ams l\u012bdzi n\u0113s\u0101t un uzr\u0101d\u012bt Lietuvos Pasts darbiniekam der\u012bgu personu apliecino\u0161u dokumentu (personas apliec\u012bbu, pasi vai jaunu vad\u012bt\u0101ja apliec\u012bbu).<\/p>\n\n<p>10.3 P\u0101rdev\u0113js pieg\u0101d\u0101 Preces Pirc\u0113jam saska\u0146\u0101 ar Pre\u010du aprakstos izkl\u0101st\u012btajiem noteikumiem un nosac\u012bjumiem. \u0160ie nosac\u012bjumi ir \u012bslaic\u012bgi un netiek piem\u0113roti, ja P\u0101rdev\u0113jam nav kr\u0101jumu un Pirc\u0113js ir inform\u0113ts par pas\u016bt\u012bto Pre\u010du tr\u016bkumu. Pirc\u0113js ar\u012b piekr\u012bt, ka \u0101rk\u0101rtas apst\u0101k\u013cos Pre\u010du pieg\u0101de var aizkav\u0113ties neparedz\u0113tu, no P\u0101rdev\u0113ja neatkar\u012bgu apst\u0101k\u013cu d\u0113\u013c. \u0160\u0101d\u0101 gad\u012bjum\u0101 P\u0101rdev\u0113js ap\u0146emas nekav\u0113joties sazin\u0101ties ar Pirc\u0113ju, lai vienotos par pieg\u0101des laiku.<\/p>\n\n<p>10.4. Visos gad\u012bjumos P\u0101rdev\u0113js ir atbr\u012bvots no atbild\u012bbas par Pre\u010du nepieg\u0101d\u0101\u0161anu laik\u0101, ja Preces netiek pieg\u0101d\u0101tas Pirc\u0113jam vai netiek pieg\u0101d\u0101tas laik\u0101 Pirc\u0113ja vainas d\u0113\u013c vai no Pirc\u0113ja neatkar\u012bgu apst\u0101k\u013cu d\u0113\u013c.<\/p>\n\n<ol class=\"wp-block-list\" start=\"11\">\n<li><strong>Pre\u010du kvalit\u0101tes un lieto\u0161anas der\u012bguma termi\u0146a garantija<\/strong><\/li>\n<\/ol>\n\n<p>11.1. Katras www.melnalapsa.lv preces \u012bpa\u0161\u012bbas ir visp\u0101r\u012bgi izkl\u0101st\u012btas katrai precei pievienotaj\u0101 preces aprakst\u0101.<\/p>\n\n<p>11.2. P\u0101rdev\u0113js nav atbild\u012bgs par to, ka interneta veikal\u0101 nor\u0101d\u012bt\u0101 preces kr\u0101sa, forma vai citi parametri var neatbilst faktiskajam preces izm\u0113ram, formai un kr\u0101sai Pirc\u0113ja izmantot\u0101 displeja \u012bpa\u0161\u012bbu d\u0113\u013c.<\/p>\n\n<p>11.3. P\u0101rdev\u0113js atsevi\u0161\u0137iem pre\u010du veidiem uz noteiktu laiku pie\u0161\u0137ir pre\u010du kvalit\u0101tes garantiju, kuras konkr\u0113tais termi\u0146\u0161 un citi nosac\u012bjumi ir nor\u0101d\u012bti \u0161o pre\u010du aprakstos.<\/p>\n\n<p>11.4. Gad\u012bjum\u0101, ja P\u0101rdev\u0113js noteiktiem pre\u010du veidiem nesniedz pre\u010du kvalit\u0101tes garantiju, tiek piem\u0113rota attiec\u012bgajos ties\u012bbu aktos noteikt\u0101 garantija.<\/p>\n\n<p>11.5. P\u0101rdev\u0113js nodro\u0161ina Pre\u010du p\u0113cp\u0101rdo\u0161anas servisu.<\/p>\n\n<p>11.6. Gad\u012bjumos, kad konkr\u0113t\u0101m prec\u0113m saska\u0146\u0101 ar normat\u012bvajiem aktiem ir noteikts lieto\u0161anas der\u012bguma termi\u0146\u0161, P\u0101rdev\u0113js ap\u0146emas p\u0101rdot \u0161\u0101das preces Pirc\u0113jam t\u0101, lai Pirc\u0113jam tiktu dota re\u0101la iesp\u0113ja izmantot \u0161\u0101das preces pirms lieto\u0161anas der\u012bguma termi\u0146a beig\u0101m.<\/p>\n\n<ol class=\"wp-block-list\" start=\"12\">\n<li><strong>Atgrie\u0161ana un apmai\u0146a<\/strong><\/li>\n<\/ol>\n\n<p>12.1. P\u0101rdoto pre\u010du tr\u016bkumi nov\u0113r\u0161ami, boj\u0101t\u0101s preces apmain\u0101mas un atdodamas atpaka\u013c saska\u0146\u0101 ar Pre\u010du atdo\u0161anas un apmai\u0146as noteikumiem, kas apstiprin\u0101ti ar Ekonomikas ministra 2001. gada 29. j\u016bnija r\u012bkojumu Nr. 217 \u201cPar Pre\u010du atdo\u0161anas un apmai\u0146as noteikumu apstiprin\u0101\u0161anu\u201d.<\/p>\n\n<p>12.2. Pirc\u0113jam ir ties\u012bbas atgriezt Preci, par to rakstveid\u0101 (pa e-pastu, nor\u0101dot atgrie\u017eamo Preci un t\u0101s pas\u016bt\u012bjuma numuru) pazi\u0146ojot P\u0101rdev\u0113jam ne v\u0113l\u0101k k\u0101 7(septi\u0146u) darba dienu laik\u0101 no Preces pieg\u0101des dienas.<\/p>\n\n<p>12.3. Pirc\u0113jam, atgrie\u017eot Preces, j\u0101iev\u0113ro \u0161\u0101di nosac\u012bjumi:<\/p>\n\n<p>12.3.1;<\/p>\n\n<p>12.3.2. Pirc\u0113jam Precei j\u0101b\u016bt neboj\u0101tai;<\/p>\n\n<p>12.3.3. Prec\u0113m j\u0101b\u016bt nelietot\u0101m un lab\u0101 st\u0101vokl\u012b (neskart\u0101m eti\u0137et\u0113m, neskartai aizsargpl\u0113vei utt.) (\u0161is punkts neattiecas uz nekvalitat\u012bvu Pre\u010du atgrie\u0161anu);<\/p>\n\n<p>12.3.4. atgrieztaj\u0101m prec\u0113m j\u0101b\u016bt t\u0101d\u0101 pa\u0161\u0101 st\u0101vokl\u012b, k\u0101d\u0101 t\u0101s sa\u0146\u0113ma Pirc\u0113js;<\/p>\n\n<p>12.3.5. atgrie\u017eot Preci, ir j\u0101uzr\u0101da pirkuma dokuments, garantijas karte (ja t\u0101da ir izsniegta) un j\u0101aizpilda atgrie\u0161anas dokuments.<\/p>\n\n<p>12.4. P\u0101rdev\u0113jam ir ties\u012bbas nepie\u0146emt Pirc\u0113ja Pre\u010du atgrie\u0161anu, ja Pirc\u0113js neiev\u0113ro \u0161aj\u0101 punkt\u0101 noteikto Pre\u010du atgrie\u0161anas k\u0101rt\u012bbu.<\/p>\n\n<p>12.5. Pirc\u0113js sedz pre\u010du atgrie\u0161anas izdevumus. P\u0101rdev\u0113ja pre\u010du atpaka\u013cnos\u016bt\u012b\u0161anas tarifi ir t\u0101di pa\u0161i k\u0101 tie, kas piem\u0113rojami Pre\u010du ieg\u0101dei, un tie ir izkl\u0101st\u012bti sada\u013c\u0101 \u201cTransporta tarifi\u201d. Nepareizas vai nekvalitat\u012bvas preces atgrie\u0161anas gad\u012bjum\u0101 P\u0101rdev\u0113js ap\u0146emas sa\u0146emt \u0161\u0101du preci, aizst\u0101t to ar l\u012bdz\u012bgu preci un apmaks\u0101t preces atgrie\u0161anas izmaksas. Gad\u012bjum\u0101, ja P\u0101rdev\u0113ja r\u012bc\u012bb\u0101 nav analogas preces, P\u0101rdev\u0113js atmaks\u0101 Pirc\u0113jam par preci(-\u0113m) samaks\u0101to naudu.<\/p>\n\n<p>12.6. Pre\u010du atgrie\u0161ana un apmai\u0146a notiek saska\u0146\u0101 ar \u201cPre\u010du atgrie\u0161anas un apmai\u0146as noteikumiem\u201d, kas apstiprin\u0101ti ar ekonomikas ministra 2001. gada 29. j\u016bnija r\u012bkojumu Nr. 217.<\/p>\n\n<p>12.7. Visos gad\u012bjumos nauda par atgrieztaj\u0101m prec\u0113m tiek ieskait\u012bta tikai maks\u0101t\u0101ja bankas kont\u0101.<\/p>\n\n<p>12.8. Lai atgrieztu preci, l\u016bdzam sazin\u0101ties ar info@juodalape.lt.<\/p>\n\n<ol class=\"wp-block-list\" start=\"13\">\n<li><strong>Atbild\u012bba<\/strong><\/li>\n<\/ol>\n\n<p>13.1. Pirc\u0113js ir piln\u012bb\u0101 atbild\u012bgs par vi\u0146a sniegto personas datu pareiz\u012bbu. Ja Pirc\u0113js nesniedz prec\u012bzus personas datus, P\u0101rdev\u0113js nav atbild\u012bgs par jebk\u0101d\u0101m no t\u0101 izrieto\u0161\u0101m sek\u0101m.<\/p>\n\n<p>13.2. P\u0101rdev\u0113js ir atbr\u012bvots no jebk\u0101das atbild\u012bbas gad\u012bjumos, kad zaud\u0113jumi radu\u0161ies t\u0101d\u0113\u013c, ka Pirc\u0113js nav iepazinies ar \u0161iem Noteikumiem un nosac\u012bjumiem, neskatoties uz P\u0101rdev\u0113ja ieteikumiem un pien\u0101kumiem, pat ja Pirc\u0113jam bija dota iesp\u0113ja to dar\u012bt.<\/p>\n\n<p>13.3. Ja P\u0101rdev\u0113ja interneta veikals satur saites uz citu uz\u0146\u0113mumu, iest\u0101\u017eu, organiz\u0101ciju vai personu t\u012bmek\u013ca vietn\u0113m, P\u0101rdev\u0113js nav atbild\u012bgs par taj\u0101s ietverto inform\u0101ciju vai darb\u012bb\u0101m un neuzrauga, nekontrol\u0113 un nep\u0101rst\u0101v \u0161\u0101dus uz\u0146\u0113mumus vai personas.<\/p>\n\n<p>13.5. Zaud\u0113jumu gad\u012bjum\u0101 vain\u012bg\u0101 puse atl\u012bdzina otrai pusei tie\u0161os zaud\u0113jumus.<\/p>\n\n<ol class=\"wp-block-list\" start=\"14\">\n<li>P\u0101rdev\u0113ja veiktie m\u0101rketinga pas\u0101kumi<\/li>\n<\/ol>\n\n<p>14.1. P\u0101rdev\u0113js p\u0113c saviem ieskatiem var uzs\u0101kt da\u017e\u0101das akcijas interneta veikal\u0101 www.www.melnalapsa.lv<\/p>\n\n<p>14.2. P\u0101rdev\u0113js ir ties\u012bgs vienpus\u0113ji, bez iepriek\u0161\u0113ja br\u012bdin\u0101juma main\u012bt akciju noteikumus un nosac\u012bjumus, k\u0101 ar\u012b atcelt akcijas.<\/p>\n\n<p>14.3. Piekr\u012btot savu personas datu apstr\u0101dei pre\u010du un pakalpojumu p\u0101rdo\u0161anas nol\u016bk\u0101 P\u0101rdev\u0113ja interneta veikal\u0101, Pirc\u0113js piekr\u012bt ar\u012b informat\u012bva rakstura pazi\u0146ojumu nos\u016bt\u012b\u0161anai uz vi\u0146a nor\u0101d\u012btaj\u0101m e-pasta adres\u0113m vai t\u0101lru\u0146a numuriem.<\/p>\n\n<p>14.4. Pirc\u0113jam, kur\u0161 nev\u0113las, lai vi\u0146a e-pasta adrese vai t\u0101lru\u0146a numurs tiktu apstr\u0101d\u0101ts tie\u0161\u0101 m\u0101rketinga nol\u016bkos, par to j\u0101inform\u0113 P\u0101rdev\u0113js, nos\u016btot e-pastu uz info@juodalape.lt.<\/p>\n\n<p>14.5. P\u0101rdev\u0113js apliecina, ka Pirc\u0113ja sniegtie personas dati tiks apstr\u0101d\u0101ti tikai un vien\u012bgi pre\u010du un pakalpojumu p\u0101rdo\u0161anas vajadz\u012bb\u0101m interneta veikal\u0101 www.www.melnalapsa.lv, P\u0101rdev\u0113ja darb\u012bbas anal\u012bzei un tie\u0161\u0101 m\u0101rketinga m\u0113r\u0137iem.<\/p>\n\n<p>14.6. P\u0101rdev\u0113js ap\u0146emas neizpaust Pirc\u0113ja personas datus tre\u0161aj\u0101m person\u0101m, iz\u0146emot P\u0101rdev\u0113ja partnerus, kas sniedz pieg\u0101des vai citus ar Pirc\u0113ja pas\u016bt\u012bjuma pien\u0101c\u012bgu izpildi saist\u012btus pakalpojumus. Visos p\u0101r\u0113jos gad\u012bjumos Pirc\u0113ja personas dati var tikt izpausti tre\u0161aj\u0101m person\u0101m tikai Lietuvas Republikas ties\u012bbu aktos noteiktaj\u0101 k\u0101rt\u012bb\u0101.<\/p>\n\n<ol class=\"wp-block-list\" start=\"15\">\n<li><strong>Inform\u0101cijas apmai\u0146a<\/strong><\/li>\n<\/ol>\n\n<p>15.1. P\u0101rdev\u0113js nos\u016bta visus pazi\u0146ojumus uz Pirc\u0113ja nor\u0101d\u012bto e-pasta adresi.<\/p>\n\n<p>15.2. Pirc\u0113js visus pazi\u0146ojumus un jaut\u0101jumus nos\u016bta uz P\u0101rdev\u0113ja nor\u0101d\u012btajiem sazi\u0146as l\u012bdzek\u013ciem tie\u0161saistes iepirk\u0161an\u0101s centr\u0101.<\/p>\n\n<ol class=\"wp-block-list\" start=\"16\">\n<li><strong>Nobeiguma noteikumi<\/strong><\/li>\n<\/ol>\n\n<p>16.1 \u0160ie noteikumi ir izstr\u0101d\u0101ti saska\u0146\u0101 ar Lietuvas Republikas ties\u012bbu aktiem.<\/p>\n\n<p>16.2. Attiec\u012bbas, kas izriet no \u0161iem noteikumiem, reglament\u0113 Lietuvas Republikas ties\u012bbu akti.<\/p>\n\n<p>16.3. Visas domstarp\u012bbas, kas rodas \u0161o noteikumu \u012bsteno\u0161anas gait\u0101, tiek risin\u0101tas sarunu ce\u013c\u0101. Ja vieno\u0161an\u0101s nav pan\u0101kta, str\u012bdi tiek risin\u0101ti saska\u0146\u0101 ar Lietuvas Republikas ties\u012bbu aktiem tvarka. <br \/><strong><br \/>Elektronisko veikalu administr\u0113:<br \/><\/strong>Nosaukums: UAB DABUS<br \/>Uz\u0146\u0113muma re\u0123istr\u0101cijas numurs: 304397933<br \/>Adrese: Mokyklos g. 4 \u2013 8 K\u016blup\u0117n\u0173 k. LT-97331<br \/>Lietuva<\/p>\n\n<p>\u00a0<\/p>\n\t\t\t\t\t\t\t\t<\/div>\n\t\t\t\t<\/div>\n\t\t\t\t\t<\/div>\n\t\t\t\t<\/div>\n\t\t\t\t<\/div>","protected":false},"excerpt":{"rendered":"<p>Pre\u010du pirk\u0161anas un p\u0101rdo\u0161anas noteikumi tie\u0161saistes tirdzniec\u012bbas centr\u0101 www.melnalapsa.lv 1.1. \u0160ie Pre\u010du pirk\u0161anas-p\u0101rdo\u0161anas noteikumi (turpm\u0101k tekst\u0101 &#8211; \u201cNoteikumi\u201d) p\u0113c tam, kad tos ir apstiprin\u0101jis Pirc\u0113js (iepaz\u012bstoties ar Noteikumiem un atz\u012bm\u0113jot r\u016bti\u0146u pie pazi\u0146ojuma \u201cEsmu piekritis Pirk\u0161anas-p\u0101rdo\u0161anas noteikumiem\u201d), ir pus\u0113m saisto\u0161s juridisks dokuments, kas nosaka Pirc\u0113ja un P\u0101rdev\u0113ja ties\u012bbas un pien\u0101kumus, Pre\u010du ieg\u0101des un samaksas nosac\u012bjumus, [&hellip;]<\/p>","protected":false},"author":1,"featured_media":0,"parent":0,"menu_order":0,"comment_status":"closed","ping_status":"closed","template":"","meta":{"_seopress_robots_primary_cat":"","_seopress_titles_title":"","_seopress_titles_desc":"","_seopress_robots_index":"","footnotes":""},"class_list":["post-90","page","type-page","status-publish","hentry"],"blocksy_meta":[],"_links":{"self":[{"href":"https:\/\/melnalapsa.lv\/en\/wp-json\/wp\/v2\/pages\/90","targetHints":{"allow":["GET"]}}],"collection":[{"href":"https:\/\/melnalapsa.lv\/en\/wp-json\/wp\/v2\/pages"}],"about":[{"href":"https:\/\/melnalapsa.lv\/en\/wp-json\/wp\/v2\/types\/page"}],"author":[{"embeddable":true,"href":"https:\/\/melnalapsa.lv\/en\/wp-json\/wp\/v2\/users\/1"}],"replies":[{"embeddable":true,"href":"https:\/\/melnalapsa.lv\/en\/wp-json\/wp\/v2\/comments?post=90"}],"version-history":[{"count":7,"href":"https:\/\/melnalapsa.lv\/en\/wp-json\/wp\/v2\/pages\/90\/revisions"}],"predecessor-version":[{"id":582,"href":"https:\/\/melnalapsa.lv\/en\/wp-json\/wp\/v2\/pages\/90\/revisions\/582"}],"wp:attachment":[{"href":"https:\/\/melnalapsa.lv\/en\/wp-json\/wp\/v2\/media?parent=90"}],"curies":[{"name":"wp","href":"https:\/\/api.w.org\/{rel}","templated":true}]}}