{"id":263,"date":"2025-01-31T18:09:41","date_gmt":"2025-01-31T16:09:41","guid":{"rendered":"https:\/\/melnalapsa.lv\/?page_id=263"},"modified":"2025-03-10T15:35:43","modified_gmt":"2025-03-10T13:35:43","slug":"rekviziti","status":"publish","type":"page","link":"https:\/\/melnalapsa.lv\/en\/rekviziti\/","title":{"rendered":"REKVIZ\u012aTI"},"content":{"rendered":"<div data-elementor-type=\"wp-page\" data-elementor-id=\"263\" class=\"elementor elementor-263\">\n\t\t\t\t<div class=\"elementor-element elementor-element-e321b3e e-con-full e-flex e-con e-parent\" data-id=\"e321b3e\" data-element_type=\"container\" data-e-type=\"container\">\n\t\t\t\t<div class=\"elementor-element elementor-element-af489a0 elementor-widget elementor-widget-heading\" data-id=\"af489a0\" data-element_type=\"widget\" data-e-type=\"widget\" data-widget_type=\"heading.default\">\n\t\t\t\t<div class=\"elementor-widget-container\">\n\t\t\t\t\t<h2 class=\"elementor-heading-title elementor-size-default\">Elektronisko veikalu juodalape.lt administr\u0113jo\u0161\u0101 uz\u0146\u0113muma rekviz\u012bti:<\/h2>\t\t\t\t<\/div>\n\t\t\t\t<\/div>\n\t\t\t\t<div class=\"elementor-element elementor-element-ea4eb8d elementor-widget elementor-widget-text-editor\" data-id=\"ea4eb8d\" data-element_type=\"widget\" data-e-type=\"widget\" data-widget_type=\"text-editor.default\">\n\t\t\t\t<div class=\"elementor-widget-container\">\n\t\t\t\t\t\t\t\t\t<p>Nosaukums: UAB <strong>DABUS<\/strong><br \/>Uz\u0146\u0113muma re\u0123istr\u0101cijas numurs: <strong>304397933<br \/><\/strong>Adrese: <strong>Mokyklos g. 4 \u2013 8 K\u016blup\u0117n\u0173 k. LT-97331<br \/>Lietuva<\/strong><br \/>Telefons: +37064398995<br \/><a rel=\"noopener\">info@juodalape.lt<br \/><\/a><\/p><p>\u00a0<\/p><p>\u00a0<\/p><p>\u00a0<\/p>\t\t\t\t\t\t\t\t<\/div>\n\t\t\t\t<\/div>\n\t\t\t\t<\/div>\n\t\t\t\t<\/div>","protected":false},"excerpt":{"rendered":"<p>Elektronisko veikalu juodalape.lt administr\u0113jo\u0161\u0101 uz\u0146\u0113muma rekviz\u012bti: Nosaukums: UAB DABUSUz\u0146\u0113muma re\u0123istr\u0101cijas numurs: 304397933Adrese: Mokyklos g. 4 \u2013 8 K\u016blup\u0117n\u0173 k. LT-97331LietuvaTelefons: +37064398995info@juodalape.lt \u00a0 \u00a0 \u00a0<\/p>","protected":false},"author":1,"featured_media":0,"parent":0,"menu_order":0,"comment_status":"closed","ping_status":"closed","template":"","meta":{"_seopress_robots_primary_cat":"","_seopress_titles_title":"","_seopress_titles_desc":"","_seopress_robots_index":"","footnotes":""},"class_list":["post-263","page","type-page","status-publish","hentry"],"blocksy_meta":[],"_links":{"self":[{"href":"https:\/\/melnalapsa.lv\/en\/wp-json\/wp\/v2\/pages\/263","targetHints":{"allow":["GET"]}}],"collection":[{"href":"https:\/\/melnalapsa.lv\/en\/wp-json\/wp\/v2\/pages"}],"about":[{"href":"https:\/\/melnalapsa.lv\/en\/wp-json\/wp\/v2\/types\/page"}],"author":[{"embeddable":true,"href":"https:\/\/melnalapsa.lv\/en\/wp-json\/wp\/v2\/users\/1"}],"replies":[{"embeddable":true,"href":"https:\/\/melnalapsa.lv\/en\/wp-json\/wp\/v2\/comments?post=263"}],"version-history":[{"count":19,"href":"https:\/\/melnalapsa.lv\/en\/wp-json\/wp\/v2\/pages\/263\/revisions"}],"predecessor-version":[{"id":559,"href":"https:\/\/melnalapsa.lv\/en\/wp-json\/wp\/v2\/pages\/263\/revisions\/559"}],"wp:attachment":[{"href":"https:\/\/melnalapsa.lv\/en\/wp-json\/wp\/v2\/media?parent=263"}],"curies":[{"name":"wp","href":"https:\/\/api.w.org\/{rel}","templated":true}]}}