{"id":257,"date":"2025-01-31T18:05:07","date_gmt":"2025-01-31T16:05:07","guid":{"rendered":"https:\/\/melnalapsa.lv\/?page_id=257"},"modified":"2025-01-31T18:05:56","modified_gmt":"2025-01-31T16:05:56","slug":"precu-atgriesana","status":"publish","type":"page","link":"https:\/\/melnalapsa.lv\/en\/precu-atgriesana\/","title":{"rendered":"Pre\u010du atgrie\u0161ana"},"content":{"rendered":"<div data-elementor-type=\"wp-page\" data-elementor-id=\"257\" class=\"elementor elementor-257\">\n\t\t\t\t<div class=\"elementor-element elementor-element-5a5de6a e-flex e-con-boxed e-con e-parent\" data-id=\"5a5de6a\" data-element_type=\"container\" data-e-type=\"container\">\n\t\t\t\t\t<div class=\"e-con-inner\">\n\t\t\t\t<div class=\"elementor-element elementor-element-2eb804b elementor-widget elementor-widget-heading\" data-id=\"2eb804b\" data-element_type=\"widget\" data-e-type=\"widget\" data-widget_type=\"heading.default\">\n\t\t\t\t<div class=\"elementor-widget-container\">\n\t\t\t\t\t<h2 class=\"elementor-heading-title elementor-size-default\">Nelietot\u0101m prec\u0113m tiek piem\u0113rota 14 dienu atgrie\u0161anas garantija.<\/h2>\t\t\t\t<\/div>\n\t\t\t\t<\/div>\n\t\t\t\t<div class=\"elementor-element elementor-element-c17eca1 elementor-widget elementor-widget-text-editor\" data-id=\"c17eca1\" data-element_type=\"widget\" data-e-type=\"widget\" data-widget_type=\"text-editor.default\">\n\t\t\t\t<div class=\"elementor-widget-container\">\n\t\t\t\t\t\t\t\t\t<div class=\"flex-shrink-0 flex flex-col relative items-end\"><p><strong>Atgrie\u0161anas proced\u016bra:<\/strong><br \/>Par neatbilsto\u0161\u0101m prec\u0113m inform\u0113jiet m\u016bs, rakstot uz e-pastu <strong><a rel=\"noopener\">info@juodalape.lt<\/a><\/strong><\/p><\/div><div class=\"group\/conversation-turn relative flex w-full min-w-0 flex-col agent-turn\"><div class=\"flex-col gap-1 md:gap-3\"><div class=\"flex max-w-full flex-col flex-grow AIPRM__conversation__response\"><div class=\"min-h-8 text-message flex w-full flex-col items-end gap-2 whitespace-normal break-words text-start [.text-message+&amp;]:mt-5\" dir=\"auto\" data-message-author-role=\"assistant\" data-message-id=\"51d63156-11b5-4568-836d-cb8e57906a41\" data-message-model-slug=\"gpt-4o\"><div class=\"flex w-full flex-col gap-1 empty:hidden first:pt-[3px]\"><div class=\"markdown prose w-full break-words dark:prose-invert light\"><p>M\u0113s apspried\u012bsim Jums \u0113rt\u0101ko atgrie\u0161anas veidu:<\/p><ul><li>S\u016bt\u012b\u0161anas izmaksas sedz Pirc\u0113js.<\/li><li>Sa\u0146emot atpaka\u013c nos\u016bt\u012bto preci, m\u0113s nov\u0113rt\u0113sim, vai iepakojums un prece nav boj\u0101ti vai lietoti.<\/li><li>Ja prece ir neboj\u0101ta un atbilst atgrie\u0161anas nosac\u012bjumiem, nauda J\u016bsu kont\u0101 tiks atgriezta <strong>14 dienu laik\u0101<\/strong> saska\u0146\u0101 ar likum\u0101 noteikto k\u0101rt\u012bbu.<\/li><\/ul><p><strong>Boj\u0101tas preces<\/strong> \u2013 visas boj\u0101t\u0101s vai nedarbojo\u0161\u0101s preces <strong>BEZ MAKSAS<\/strong> nomain\u0101m pret jaun\u0101m vai atgrie\u017eam samaks\u0101to naudu. Visas boj\u0101to pre\u010du mai\u0146as un s\u016bt\u012b\u0161anas izmaksas sedzam m\u0113s.<\/p><h3><strong>UZMAN\u012aBU:<\/strong><\/h3><p>Sievie\u0161u\/v\u012brie\u0161u apak\u0161ve\u013ca, apak\u0161krekli, peldkost\u012bmi, peldbikses, ze\u0137ubikses, ze\u0137es, pusze\u0137es, naktskreklas, pid\u017eamas, kr\u016b\u0161turi, jostas, korsetes, miega cepur\u012btes, miega acu maskas, apak\u0161ve\u013ca un l\u012bdz\u012bgi izstr\u0101d\u0101jumi <strong>nav piem\u0113roti atgrie\u0161anai vai apmai\u0146ai<\/strong> higi\u0113nas un vesel\u012bbas aizsardz\u012bbas apsv\u0113rumu d\u0113\u013c saska\u0146\u0101.<\/p><p>Ja v\u0113laties atgriezt preci, l\u016bdzu, sazinieties ar mums, rakstot uz e-pastu <strong><a rel=\"noopener\">info@juodalape.lt<\/a><\/strong>.<\/p><\/div><\/div><\/div><\/div><\/div><\/div>\t\t\t\t\t\t\t\t<\/div>\n\t\t\t\t<\/div>\n\t\t\t\t\t<\/div>\n\t\t\t\t<\/div>\n\t\t\t\t<\/div>","protected":false},"excerpt":{"rendered":"<p>Nelietot\u0101m prec\u0113m tiek piem\u0113rota 14 dienu atgrie\u0161anas garantija. Atgrie\u0161anas proced\u016bra:Par neatbilsto\u0161\u0101m prec\u0113m inform\u0113jiet m\u016bs, rakstot uz e-pastu info@juodalape.lt M\u0113s apspried\u012bsim Jums \u0113rt\u0101ko atgrie\u0161anas veidu: S\u016bt\u012b\u0161anas izmaksas sedz Pirc\u0113js. Sa\u0146emot atpaka\u013c nos\u016bt\u012bto preci, m\u0113s nov\u0113rt\u0113sim, vai iepakojums un prece nav boj\u0101ti vai lietoti. Ja prece ir neboj\u0101ta un atbilst atgrie\u0161anas nosac\u012bjumiem, nauda J\u016bsu kont\u0101 tiks atgriezta [&hellip;]<\/p>","protected":false},"author":1,"featured_media":0,"parent":0,"menu_order":0,"comment_status":"closed","ping_status":"closed","template":"","meta":{"_seopress_robots_primary_cat":"","_seopress_titles_title":"","_seopress_titles_desc":"","_seopress_robots_index":"","footnotes":""},"class_list":["post-257","page","type-page","status-publish","hentry"],"blocksy_meta":[],"_links":{"self":[{"href":"https:\/\/melnalapsa.lv\/en\/wp-json\/wp\/v2\/pages\/257","targetHints":{"allow":["GET"]}}],"collection":[{"href":"https:\/\/melnalapsa.lv\/en\/wp-json\/wp\/v2\/pages"}],"about":[{"href":"https:\/\/melnalapsa.lv\/en\/wp-json\/wp\/v2\/types\/page"}],"author":[{"embeddable":true,"href":"https:\/\/melnalapsa.lv\/en\/wp-json\/wp\/v2\/users\/1"}],"replies":[{"embeddable":true,"href":"https:\/\/melnalapsa.lv\/en\/wp-json\/wp\/v2\/comments?post=257"}],"version-history":[{"count":3,"href":"https:\/\/melnalapsa.lv\/en\/wp-json\/wp\/v2\/pages\/257\/revisions"}],"predecessor-version":[{"id":260,"href":"https:\/\/melnalapsa.lv\/en\/wp-json\/wp\/v2\/pages\/257\/revisions\/260"}],"wp:attachment":[{"href":"https:\/\/melnalapsa.lv\/en\/wp-json\/wp\/v2\/media?parent=257"}],"curies":[{"name":"wp","href":"https:\/\/api.w.org\/{rel}","templated":true}]}}