{"id":237,"date":"2025-01-31T16:57:23","date_gmt":"2025-01-31T14:57:23","guid":{"rendered":"https:\/\/melnalapsa.lv\/?page_id=237"},"modified":"2025-01-31T20:43:05","modified_gmt":"2025-01-31T18:43:05","slug":"piegade","status":"publish","type":"page","link":"https:\/\/melnalapsa.lv\/en\/piegade\/","title":{"rendered":"Pieg\u0101de"},"content":{"rendered":"<div data-elementor-type=\"wp-page\" data-elementor-id=\"237\" class=\"elementor elementor-237\">\n\t\t\t\t<div class=\"elementor-element elementor-element-65731b23 e-flex e-con-boxed e-con e-parent\" data-id=\"65731b23\" data-element_type=\"container\" data-e-type=\"container\">\n\t\t\t\t\t<div class=\"e-con-inner\">\n\t\t\t\t<div class=\"elementor-element elementor-element-5be074bd elementor-widget elementor-widget-text-editor\" data-id=\"5be074bd\" data-element_type=\"widget\" data-e-type=\"widget\" data-widget_type=\"text-editor.default\">\n\t\t\t\t<div class=\"elementor-widget-container\">\n\t\t\t\t\t\t\t\t\t<p class=\"has-text-align-center\"><strong>BEZMAKSAS PIEG\u0100DE<\/strong> uz pakom\u0101tiem no 30.00 \u20ac<\/p>\n<p><!-- \/wp:paragraph --><!-- wp:paragraph {\"align\":\"center\"} --><\/p>\n<p class=\"has-text-align-center\">M\u0113s nodro\u0161in\u0101m s\u016bt\u012bjuma re\u0123istr\u0101cijas numuru, ar kuru varat izsekot <strong>savu<\/strong> s\u016bt\u012bjumu.<\/p>\n<p><!-- \/wp:image --><!-- wp:paragraph --><\/p>\n<p><!-- \/wp:paragraph --><\/p>\t\t\t\t\t\t\t\t<\/div>\n\t\t\t\t<\/div>\n\t\t\t\t\t<\/div>\n\t\t\t\t<\/div>\n\t\t<div class=\"elementor-element elementor-element-874951d e-grid e-con-full e-con e-parent\" data-id=\"874951d\" data-element_type=\"container\" data-e-type=\"container\">\n\t\t\t\t<div class=\"elementor-element elementor-element-fe3780e elementor-widget elementor-widget-image\" data-id=\"fe3780e\" data-element_type=\"widget\" data-e-type=\"widget\" data-widget_type=\"image.default\">\n\t\t\t\t<div class=\"elementor-widget-container\">\n\t\t\t\t\t\t\t\t\t\t\t\t\t\t\t<img fetchpriority=\"high\" decoding=\"async\" width=\"768\" height=\"342\" src=\"https:\/\/melnalapsa.lv\/wp-content\/uploads\/2025\/01\/DPD_logo_redgrad_rgb-1-768x342.png\" class=\"attachment-medium_large size-medium_large wp-image-207\" alt=\"dpd\" srcset=\"https:\/\/melnalapsa.lv\/wp-content\/uploads\/2025\/01\/DPD_logo_redgrad_rgb-1-768x342.png 768w, https:\/\/melnalapsa.lv\/wp-content\/uploads\/2025\/01\/DPD_logo_redgrad_rgb-1-945x420.png 945w, https:\/\/melnalapsa.lv\/wp-content\/uploads\/2025\/01\/DPD_logo_redgrad_rgb-1-300x133.png 300w, https:\/\/melnalapsa.lv\/wp-content\/uploads\/2025\/01\/DPD_logo_redgrad_rgb-1-1024x455.png 1024w, https:\/\/melnalapsa.lv\/wp-content\/uploads\/2025\/01\/DPD_logo_redgrad_rgb-1-1536x683.png 1536w, https:\/\/melnalapsa.lv\/wp-content\/uploads\/2025\/01\/DPD_logo_redgrad_rgb-1.png 2048w\" sizes=\"(max-width: 768px) 100vw, 768px\" \/>\t\t\t\t\t\t\t\t\t\t\t\t\t\t\t<\/div>\n\t\t\t\t<\/div>\n\t\t\t\t<div class=\"elementor-element elementor-element-49e4edd elementor-widget elementor-widget-text-editor\" data-id=\"49e4edd\" data-element_type=\"widget\" data-e-type=\"widget\" data-widget_type=\"text-editor.default\">\n\t\t\t\t<div class=\"elementor-widget-container\">\n\t\t\t\t\t\t\t\t\t<p><strong>DPD<\/strong>: \u0101tra pieg\u0101de. Cena \u2013 2,90 \u20ac, bet pas\u016bt\u012bjumiem no 30 \u20ac \u2013 <strong>BEZMAKSAS<\/strong> pieg\u0101de. Pa\u0161apkalpo\u0161an\u0101s s\u016bt\u012bjumu termin\u0101li darbojas visu diennakti. Preces tiek pieg\u0101d\u0101tas uz <strong>DPD<\/strong> termin\u0101liem <strong>2\u20134 darba dienu laik\u0101<\/strong>.<\/p>\n<p>P\u0113c s\u016bt\u012bjuma izs\u016bt\u012b\u0161anas uz J\u016bsu e-pastu tiks nos\u016bt\u012bts s\u016bt\u012bjuma izseko\u0161anas kods. Ievadot to vietn\u0113 <strong><a href=\"http:\/\/www.mydpd.lv\" target=\"_new\" rel=\"noopener\">www.mydpdp.lv<\/a><\/strong> var\u0113siet sekot s\u016bt\u012bjuma ce\u013cam. Kad s\u016bt\u012bjums tiks pieg\u0101d\u0101ts uz <strong>DPD<\/strong> pakom\u0101tu, par to sa\u0146emsiet pazi\u0146ojumu <strong>SMS zi\u0146\u0101 un\/vai e-past\u0101<\/strong>. Lai iz\u0146emtu s\u016bt\u012bjumu <strong>DPD<\/strong> pakom\u0101t\u0101, b\u016bs j\u0101ievada <strong>SMS zi\u0146\u0101 sa\u0146emtais PIN kods<\/strong>.<\/p>\t\t\t\t\t\t\t\t<\/div>\n\t\t\t\t<\/div>\n\t\t\t\t<\/div>\n\t\t<div class=\"elementor-element elementor-element-b2f5847 e-flex e-con-boxed e-con e-parent\" data-id=\"b2f5847\" data-element_type=\"container\" data-e-type=\"container\">\n\t\t\t\t\t<div class=\"e-con-inner\">\n\t\t\t\t<div class=\"elementor-element elementor-element-1a177d9 elementor-widget elementor-widget-spacer\" data-id=\"1a177d9\" data-element_type=\"widget\" data-e-type=\"widget\" data-widget_type=\"spacer.default\">\n\t\t\t\t<div class=\"elementor-widget-container\">\n\t\t\t\t\t\t\t<div class=\"elementor-spacer\">\n\t\t\t<div class=\"elementor-spacer-inner\"><\/div>\n\t\t<\/div>\n\t\t\t\t\t\t<\/div>\n\t\t\t\t<\/div>\n\t\t\t\t\t<\/div>\n\t\t\t\t<\/div>\n\t\t<div class=\"elementor-element elementor-element-cfde660 e-grid e-con-full e-con e-parent\" data-id=\"cfde660\" data-element_type=\"container\" data-e-type=\"container\">\n\t\t\t\t<div class=\"elementor-element elementor-element-57c97be elementor-widget elementor-widget-image\" data-id=\"57c97be\" data-element_type=\"widget\" data-e-type=\"widget\" data-widget_type=\"image.default\">\n\t\t\t\t<div class=\"elementor-widget-container\">\n\t\t\t\t\t\t\t\t\t\t\t\t\t\t\t<img decoding=\"async\" width=\"400\" height=\"100\" src=\"https:\/\/melnalapsa.lv\/wp-content\/uploads\/2025\/01\/omniva-3.png\" class=\"attachment-medium_large size-medium_large wp-image-242\" alt=\"omniva logo\" srcset=\"https:\/\/melnalapsa.lv\/wp-content\/uploads\/2025\/01\/omniva-3.png 400w, https:\/\/melnalapsa.lv\/wp-content\/uploads\/2025\/01\/omniva-3-300x75.png 300w\" sizes=\"(max-width: 400px) 100vw, 400px\" \/>\t\t\t\t\t\t\t\t\t\t\t\t\t\t\t<\/div>\n\t\t\t\t<\/div>\n\t\t\t\t<div class=\"elementor-element elementor-element-cbaccbb elementor-widget elementor-widget-text-editor\" data-id=\"cbaccbb\" data-element_type=\"widget\" data-e-type=\"widget\" data-widget_type=\"text-editor.default\">\n\t\t\t\t<div class=\"elementor-widget-container\">\n\t\t\t\t\t\t\t\t\t<p><strong>Omniva<\/strong>: \u0101tra pieg\u0101de. Cena 2,90 \u20ac, bet pas\u016bt\u012bjumiem no 30 \u20ac \u2013 <strong>BEZMAKSAS<\/strong> pieg\u0101de. Pa\u0161apkalpo\u0161an\u0101s s\u016bt\u012bjumu termin\u0101li darbojas visu diennakti. Preces tiek pieg\u0101d\u0101tas uz <strong>Omniva<\/strong> termin\u0101liem <strong>2\u20134 darba dienu laik\u0101<\/strong> (parasti jau n\u0101kamaj\u0101 darba dien\u0101, ja pas\u016bt\u012bjums veikts l\u012bdz plkst. 12:00 darba dien\u0101)<\/p>\t\t\t\t\t\t\t\t<\/div>\n\t\t\t\t<\/div>\n\t\t\t\t<\/div>\n\t\t<div class=\"elementor-element elementor-element-f040a47 e-grid e-con-boxed e-con e-parent\" data-id=\"f040a47\" data-element_type=\"container\" data-e-type=\"container\" data-settings=\"{&quot;background_background&quot;:&quot;classic&quot;}\">\n\t\t\t\t\t<div class=\"e-con-inner\">\n\t\t\t\t<div class=\"elementor-element elementor-element-69cfa18 elementor-widget elementor-widget-image\" data-id=\"69cfa18\" data-element_type=\"widget\" data-e-type=\"widget\" data-widget_type=\"image.default\">\n\t\t\t\t<div class=\"elementor-widget-container\">\n\t\t\t\t\t\t\t\t\t\t\t\t\t\t\t<img decoding=\"async\" width=\"512\" height=\"512\" src=\"https:\/\/melnalapsa.lv\/wp-content\/uploads\/2025\/01\/cropped-logobaltas.png\" class=\"attachment-large size-large wp-image-15\" alt=\"melna lapsa logo\" srcset=\"https:\/\/melnalapsa.lv\/wp-content\/uploads\/2025\/01\/cropped-logobaltas.png 512w, https:\/\/melnalapsa.lv\/wp-content\/uploads\/2025\/01\/cropped-logobaltas-300x300.png 300w, https:\/\/melnalapsa.lv\/wp-content\/uploads\/2025\/01\/cropped-logobaltas-150x150.png 150w, https:\/\/melnalapsa.lv\/wp-content\/uploads\/2025\/01\/cropped-logobaltas-270x270.png 270w, https:\/\/melnalapsa.lv\/wp-content\/uploads\/2025\/01\/cropped-logobaltas-192x192.png 192w, https:\/\/melnalapsa.lv\/wp-content\/uploads\/2025\/01\/cropped-logobaltas-180x180.png 180w, https:\/\/melnalapsa.lv\/wp-content\/uploads\/2025\/01\/cropped-logobaltas-32x32.png 32w\" sizes=\"(max-width: 512px) 100vw, 512px\" \/>\t\t\t\t\t\t\t\t\t\t\t\t\t\t\t<\/div>\n\t\t\t\t<\/div>\n\t\t\t\t\t<\/div>\n\t\t\t\t<\/div>\n\t\t\t\t<\/div>","protected":false},"excerpt":{"rendered":"<p>BEZMAKSAS PIEG\u0100DE uz pakom\u0101tiem no 30.00 \u20ac M\u0113s nodro\u0161in\u0101m s\u016bt\u012bjuma re\u0123istr\u0101cijas numuru, ar kuru varat izsekot savu s\u016bt\u012bjumu. DPD: \u0101tra pieg\u0101de. Cena \u2013 2,90 \u20ac, bet pas\u016bt\u012bjumiem no 30 \u20ac \u2013 BEZMAKSAS pieg\u0101de. Pa\u0161apkalpo\u0161an\u0101s s\u016bt\u012bjumu termin\u0101li darbojas visu diennakti. Preces tiek pieg\u0101d\u0101tas uz DPD termin\u0101liem 2\u20134 darba dienu laik\u0101. P\u0113c s\u016bt\u012bjuma izs\u016bt\u012b\u0161anas uz J\u016bsu e-pastu [&hellip;]<\/p>","protected":false},"author":1,"featured_media":0,"parent":0,"menu_order":0,"comment_status":"closed","ping_status":"closed","template":"","meta":{"_seopress_robots_primary_cat":"","_seopress_titles_title":"","_seopress_titles_desc":"","_seopress_robots_index":"","footnotes":""},"class_list":["post-237","page","type-page","status-publish","hentry"],"blocksy_meta":[],"_links":{"self":[{"href":"https:\/\/melnalapsa.lv\/en\/wp-json\/wp\/v2\/pages\/237","targetHints":{"allow":["GET"]}}],"collection":[{"href":"https:\/\/melnalapsa.lv\/en\/wp-json\/wp\/v2\/pages"}],"about":[{"href":"https:\/\/melnalapsa.lv\/en\/wp-json\/wp\/v2\/types\/page"}],"author":[{"embeddable":true,"href":"https:\/\/melnalapsa.lv\/en\/wp-json\/wp\/v2\/users\/1"}],"replies":[{"embeddable":true,"href":"https:\/\/melnalapsa.lv\/en\/wp-json\/wp\/v2\/comments?post=237"}],"version-history":[{"count":25,"href":"https:\/\/melnalapsa.lv\/en\/wp-json\/wp\/v2\/pages\/237\/revisions"}],"predecessor-version":[{"id":290,"href":"https:\/\/melnalapsa.lv\/en\/wp-json\/wp\/v2\/pages\/237\/revisions\/290"}],"wp:attachment":[{"href":"https:\/\/melnalapsa.lv\/en\/wp-json\/wp\/v2\/media?parent=237"}],"curies":[{"name":"wp","href":"https:\/\/api.w.org\/{rel}","templated":true}]}}